{"id":959,"date":"2019-04-04T19:19:47","date_gmt":"2019-04-04T17:19:47","guid":{"rendered":"https:\/\/lavendelnaturhaus.com\/?post_type=product&#038;p=959"},"modified":"2023-07-24T20:15:37","modified_gmt":"2023-07-24T18:15:37","slug":"bawelniany-woreczek-wypelniony-lawenda","status":"publish","type":"product","link":"https:\/\/lavendelnaturhaus.com\/ru\/product\/bawelniany-woreczek-wypelniony-lawenda\/","title":{"rendered":"woreczek wype\u0142niony lawend\u0105 &#8212; bukiet lawendy"},"content":{"rendered":"<p class=\"qtranxs-available-languages-message qtranxs-available-languages-message-ru\">\u0418\u0437\u0432\u0438\u043d\u0438\u0442\u0435, \u044d\u0442\u043e\u0442 \u0442\u0435\u0445\u0442 \u0434\u043e\u0441\u0442\u0443\u043f\u0435\u043d \u0442\u043e\u043b\u044c\u043a\u043e \u0432 &ldquo;<a href=\"https:\/\/lavendelnaturhaus.com\/pl\/wp-json\/wp\/v2\/product\/959\" class=\"qtranxs-available-language-link qtranxs-available-language-link-pl\" title=\"Polski\">\u041f\u043e\u043b\u044c\u0441\u043a\u0438\u0439<\/a>&rdquo;.<\/p>","protected":false},"excerpt":{"rendered":"<p>\u0418\u0437\u0432\u0438\u043d\u0438\u0442\u0435, \u044d\u0442\u043e\u0442 \u0442\u0435\u0445\u0442 \u0434\u043e\u0441\u0442\u0443\u043f\u0435\u043d \u0442\u043e\u043b\u044c\u043a\u043e \u0432 &ldquo;\u041f\u043e\u043b\u044c\u0441\u043a\u0438\u0439&rdquo;.<\/p>\n","protected":false},"featured_media":960,"comment_status":"open","ping_status":"closed","template":"","meta":[],"product_cat":[9,12,63],"product_tag":[],"yoast_head":"<!-- This site is optimized with the Yoast SEO plugin v21.5 - https:\/\/yoast.com\/wordpress\/plugins\/seo\/ -->\n<title>woreczek wype\u0142niony lawend\u0105 - bukiet lawendy - Lavendel NaturHaus - plantacja lawendy \u2022 sklep internetowy z kosmetykami z lawendy<\/title>\n<meta name=\"description\" content=\"Bawe\u0142niany woreczek wype\u0142niony lawend\u0105 z w\u0142asnej plantacji z motywem bukiet\u00f3w lawendy w kolorze ecru o wymiarach 10 cm x 15 cm, ozdobiony fioletow\u0105 wst\u0105\u017ck\u0105\" \/>\n<meta name=\"robots\" content=\"index, follow, max-snippet:-1, max-image-preview:large, max-video-preview:-1\" \/>\n<link rel=\"canonical\" href=\"https:\/\/lavendelnaturhaus.com\/ru\/product\/bawelniany-woreczek-wypelniony-lawenda\/\" \/>\n<meta property=\"og:locale\" content=\"ru_RU\" \/>\n<meta property=\"og:type\" content=\"article\" \/>\n<meta property=\"og:title\" content=\"woreczek wype\u0142niony lawend\u0105 - bukiet lawendy - Lavendel NaturHaus - plantacja lawendy \u2022 sklep internetowy z kosmetykami z lawendy\" \/>\n<meta property=\"og:description\" content=\"Bawe\u0142niany woreczek wype\u0142niony lawend\u0105 z w\u0142asnej plantacji z motywem bukiet\u00f3w lawendy w kolorze ecru o wymiarach 10 cm x 15 cm, ozdobiony fioletow\u0105 wst\u0105\u017ck\u0105\" \/>\n<meta property=\"og:url\" content=\"https:\/\/lavendelnaturhaus.com\/ru\/product\/bawelniany-woreczek-wypelniony-lawenda\/\" \/>\n<meta property=\"og:site_name\" content=\"Lavendel NaturHaus - plantacja lawendy \u2022 sklep internetowy z kosmetykami z lawendy\" \/>\n<meta property=\"article:modified_time\" content=\"2023-07-24T18:15:37+00:00\" \/>\n<meta property=\"og:image\" content=\"https:\/\/lavendelnaturhaus.com\/wp-content\/uploads\/2019\/04\/4.jpg\" \/>\n\t<meta property=\"og:image:width\" content=\"1816\" \/>\n\t<meta property=\"og:image:height\" content=\"3276\" \/>\n\t<meta property=\"og:image:type\" content=\"image\/jpeg\" \/>\n<meta name=\"twitter:card\" content=\"summary_large_image\" \/>\n<script type=\"application\/ld+json\" class=\"yoast-schema-graph\">{\"@context\":\"https:\/\/schema.org\",\"@graph\":[{\"@type\":\"WebPage\",\"@id\":\"https:\/\/lavendelnaturhaus.com\/ru\/product\/bawelniany-woreczek-wypelniony-lawenda\/\",\"url\":\"https:\/\/lavendelnaturhaus.com\/ru\/product\/bawelniany-woreczek-wypelniony-lawenda\/\",\"name\":\"woreczek wype\u0142niony lawend\u0105 - bukiet lawendy - Lavendel NaturHaus - plantacja lawendy \u2022 sklep internetowy z kosmetykami z lawendy\",\"isPartOf\":{\"@id\":\"https:\/\/lavendelnaturhaus.com\/#website\"},\"datePublished\":\"2019-04-04T17:19:47+00:00\",\"dateModified\":\"2023-07-24T18:15:37+00:00\",\"description\":\"Bawe\u0142niany woreczek wype\u0142niony lawend\u0105 z w\u0142asnej plantacji z motywem bukiet\u00f3w lawendy w kolorze ecru o wymiarach 10 cm x 15 cm, ozdobiony fioletow\u0105 wst\u0105\u017ck\u0105\",\"breadcrumb\":{\"@id\":\"https:\/\/lavendelnaturhaus.com\/ru\/product\/bawelniany-woreczek-wypelniony-lawenda\/#breadcrumb\"},\"inLanguage\":\"ru-RU\",\"potentialAction\":[{\"@type\":\"ReadAction\",\"target\":[\"https:\/\/lavendelnaturhaus.com\/ru\/product\/bawelniany-woreczek-wypelniony-lawenda\/\"]}]},{\"@type\":\"BreadcrumbList\",\"@id\":\"https:\/\/lavendelnaturhaus.com\/ru\/product\/bawelniany-woreczek-wypelniony-lawenda\/#breadcrumb\",\"itemListElement\":[{\"@type\":\"ListItem\",\"position\":1,\"name\":\"Strona g\u0142\u00f3wna\",\"item\":\"https:\/\/lavendelnaturhaus.com\/\"},{\"@type\":\"ListItem\",\"position\":2,\"name\":\"woreczek wype\u0142niony lawend\u0105 &#8212; bukiet lawendy\"}]},{\"@type\":\"WebSite\",\"@id\":\"https:\/\/lavendelnaturhaus.com\/#website\",\"url\":\"https:\/\/lavendelnaturhaus.com\/\",\"name\":\"Lavendel NaturHaus - plantacja lawendy \u2022 sklep internetowy z kosmetykami z lawendy\",\"description\":\"Zapraszamy do zapoznania si\u0119 z ofert\u0105 sklepu online, a tak\u017ce zach\u0119camy do odwiedzenia naszej plantacji lawendy.\",\"potentialAction\":[{\"@type\":\"SearchAction\",\"target\":{\"@type\":\"EntryPoint\",\"urlTemplate\":\"https:\/\/lavendelnaturhaus.com\/?s={search_term_string}\"},\"query-input\":\"required name=search_term_string\"}],\"inLanguage\":\"ru-RU\"}]}<\/script>\n<!-- \/ Yoast SEO plugin. -->","yoast_head_json":{"title":"woreczek wype\u0142niony lawend\u0105 - bukiet lawendy - Lavendel NaturHaus - plantacja lawendy \u2022 sklep internetowy z kosmetykami z lawendy","description":"Bawe\u0142niany woreczek wype\u0142niony lawend\u0105 z w\u0142asnej plantacji z motywem bukiet\u00f3w lawendy w kolorze ecru o wymiarach 10 cm x 15 cm, ozdobiony fioletow\u0105 wst\u0105\u017ck\u0105","robots":{"index":"index","follow":"follow","max-snippet":"max-snippet:-1","max-image-preview":"max-image-preview:large","max-video-preview":"max-video-preview:-1"},"canonical":"https:\/\/lavendelnaturhaus.com\/ru\/product\/bawelniany-woreczek-wypelniony-lawenda\/","og_locale":"ru_RU","og_type":"article","og_title":"woreczek wype\u0142niony lawend\u0105 - bukiet lawendy - Lavendel NaturHaus - plantacja lawendy \u2022 sklep internetowy z kosmetykami z lawendy","og_description":"Bawe\u0142niany woreczek wype\u0142niony lawend\u0105 z w\u0142asnej plantacji z motywem bukiet\u00f3w lawendy w kolorze ecru o wymiarach 10 cm x 15 cm, ozdobiony fioletow\u0105 wst\u0105\u017ck\u0105","og_url":"https:\/\/lavendelnaturhaus.com\/ru\/product\/bawelniany-woreczek-wypelniony-lawenda\/","og_site_name":"Lavendel NaturHaus - plantacja lawendy \u2022 sklep internetowy z kosmetykami z lawendy","article_modified_time":"2023-07-24T18:15:37+00:00","og_image":[{"width":1816,"height":3276,"url":"https:\/\/lavendelnaturhaus.com\/wp-content\/uploads\/2019\/04\/4.jpg","type":"image\/jpeg"}],"twitter_card":"summary_large_image","schema":{"@context":"https:\/\/schema.org","@graph":[{"@type":"WebPage","@id":"https:\/\/lavendelnaturhaus.com\/ru\/product\/bawelniany-woreczek-wypelniony-lawenda\/","url":"https:\/\/lavendelnaturhaus.com\/ru\/product\/bawelniany-woreczek-wypelniony-lawenda\/","name":"woreczek wype\u0142niony lawend\u0105 - bukiet lawendy - Lavendel NaturHaus - plantacja lawendy \u2022 sklep internetowy z kosmetykami z lawendy","isPartOf":{"@id":"https:\/\/lavendelnaturhaus.com\/#website"},"datePublished":"2019-04-04T17:19:47+00:00","dateModified":"2023-07-24T18:15:37+00:00","description":"Bawe\u0142niany woreczek wype\u0142niony lawend\u0105 z w\u0142asnej plantacji z motywem bukiet\u00f3w lawendy w kolorze ecru o wymiarach 10 cm x 15 cm, ozdobiony fioletow\u0105 wst\u0105\u017ck\u0105","breadcrumb":{"@id":"https:\/\/lavendelnaturhaus.com\/ru\/product\/bawelniany-woreczek-wypelniony-lawenda\/#breadcrumb"},"inLanguage":"ru-RU","potentialAction":[{"@type":"ReadAction","target":["https:\/\/lavendelnaturhaus.com\/ru\/product\/bawelniany-woreczek-wypelniony-lawenda\/"]}]},{"@type":"BreadcrumbList","@id":"https:\/\/lavendelnaturhaus.com\/ru\/product\/bawelniany-woreczek-wypelniony-lawenda\/#breadcrumb","itemListElement":[{"@type":"ListItem","position":1,"name":"Strona g\u0142\u00f3wna","item":"https:\/\/lavendelnaturhaus.com\/"},{"@type":"ListItem","position":2,"name":"woreczek wype\u0142niony lawend\u0105 &#8212; bukiet lawendy"}]},{"@type":"WebSite","@id":"https:\/\/lavendelnaturhaus.com\/#website","url":"https:\/\/lavendelnaturhaus.com\/","name":"Lavendel NaturHaus - plantacja lawendy \u2022 sklep internetowy z kosmetykami z lawendy","description":"Zapraszamy do zapoznania si\u0119 z ofert\u0105 sklepu online, a tak\u017ce zach\u0119camy do odwiedzenia naszej plantacji lawendy.","potentialAction":[{"@type":"SearchAction","target":{"@type":"EntryPoint","urlTemplate":"https:\/\/lavendelnaturhaus.com\/?s={search_term_string}"},"query-input":"required name=search_term_string"}],"inLanguage":"ru-RU"}]}},"_links":{"self":[{"href":"https:\/\/lavendelnaturhaus.com\/ru\/wp-json\/wp\/v2\/product\/959"}],"collection":[{"href":"https:\/\/lavendelnaturhaus.com\/ru\/wp-json\/wp\/v2\/product"}],"about":[{"href":"https:\/\/lavendelnaturhaus.com\/ru\/wp-json\/wp\/v2\/types\/product"}],"replies":[{"embeddable":true,"href":"https:\/\/lavendelnaturhaus.com\/ru\/wp-json\/wp\/v2\/comments?post=959"}],"wp:featuredmedia":[{"embeddable":true,"href":"https:\/\/lavendelnaturhaus.com\/ru\/wp-json\/wp\/v2\/media\/960"}],"wp:attachment":[{"href":"https:\/\/lavendelnaturhaus.com\/ru\/wp-json\/wp\/v2\/media?parent=959"}],"wp:term":[{"taxonomy":"product_cat","embeddable":true,"href":"https:\/\/lavendelnaturhaus.com\/ru\/wp-json\/wp\/v2\/product_cat?post=959"},{"taxonomy":"product_tag","embeddable":true,"href":"https:\/\/lavendelnaturhaus.com\/ru\/wp-json\/wp\/v2\/product_tag?post=959"}],"curies":[{"name":"wp","href":"https:\/\/api.w.org\/{rel}","templated":true}]}}