{"id":695,"date":"2019-01-12T14:38:19","date_gmt":"2019-01-12T13:38:19","guid":{"rendered":"https:\/\/lavendelnaturhaus.com\/?post_type=product&#038;p=695"},"modified":"2021-08-31T10:34:10","modified_gmt":"2021-08-31T08:34:10","slug":"woreczek-z-suszem-lawendy-zajac-niebieski","status":"publish","type":"product","link":"https:\/\/lavendelnaturhaus.com\/ru\/product\/woreczek-z-suszem-lawendy-zajac-niebieski\/","title":{"rendered":"woreczek z suszem lawendy &#8212; zaj\u0105c"},"content":{"rendered":"<p class=\"qtranxs-available-languages-message qtranxs-available-languages-message-ru\">\u0418\u0437\u0432\u0438\u043d\u0438\u0442\u0435, \u044d\u0442\u043e\u0442 \u0442\u0435\u0445\u0442 \u0434\u043e\u0441\u0442\u0443\u043f\u0435\u043d \u0442\u043e\u043b\u044c\u043a\u043e \u0432 &ldquo;<a href=\"https:\/\/lavendelnaturhaus.com\/pl\/wp-json\/wp\/v2\/product\/695\" class=\"qtranxs-available-language-link qtranxs-available-language-link-pl\" title=\"Polski\">\u041f\u043e\u043b\u044c\u0441\u043a\u0438\u0439<\/a>&rdquo;.<\/p>","protected":false},"excerpt":{"rendered":"<p>\u0418\u0437\u0432\u0438\u043d\u0438\u0442\u0435, \u044d\u0442\u043e\u0442 \u0442\u0435\u0445\u0442 \u0434\u043e\u0441\u0442\u0443\u043f\u0435\u043d \u0442\u043e\u043b\u044c\u043a\u043e \u0432 &ldquo;\u041f\u043e\u043b\u044c\u0441\u043a\u0438\u0439&rdquo;.<\/p>\n","protected":false},"featured_media":696,"comment_status":"open","ping_status":"closed","template":"","meta":[],"product_cat":[114,9,12,63],"product_tag":[],"yoast_head":"<!-- This site is optimized with the Yoast SEO plugin v21.5 - https:\/\/yoast.com\/wordpress\/plugins\/seo\/ -->\n<title>Woreczki wype\u0142nione s\u0105 lawend\u0105<\/title>\n<meta name=\"description\" content=\"Lawenda ma relaksuj\u0105cy i uspokajaj\u0105cy zapach. Saszetki lawendowe s\u0105 idealnym akcesorium do garderoby, szafy, szuflady lub jako ozdoba\" \/>\n<meta name=\"robots\" content=\"index, follow, max-snippet:-1, max-image-preview:large, max-video-preview:-1\" \/>\n<link rel=\"canonical\" href=\"https:\/\/lavendelnaturhaus.com\/product\/woreczek-z-suszem-lawendy-zajac-niebieski\/\" \/>\n<meta property=\"og:locale\" content=\"ru_RU\" \/>\n<meta property=\"og:type\" content=\"article\" \/>\n<meta property=\"og:title\" content=\"Woreczki wype\u0142nione s\u0105 lawend\u0105\" \/>\n<meta property=\"og:description\" content=\"Lawenda ma relaksuj\u0105cy i uspokajaj\u0105cy zapach. Saszetki lawendowe s\u0105 idealnym akcesorium do garderoby, szafy, szuflady lub jako ozdoba\" \/>\n<meta property=\"og:url\" content=\"https:\/\/lavendelnaturhaus.com\/product\/woreczek-z-suszem-lawendy-zajac-niebieski\/\" \/>\n<meta property=\"og:site_name\" content=\"Lavendel NaturHaus - plantacja lawendy \u2022 sklep internetowy z kosmetykami z lawendy\" \/>\n<meta property=\"article:modified_time\" content=\"2021-08-31T08:34:10+00:00\" \/>\n<meta property=\"og:image\" content=\"https:\/\/lavendelnaturhaus.com\/wp-content\/uploads\/2019\/01\/24-1.jpg\" \/>\n\t<meta property=\"og:image:width\" content=\"1951\" \/>\n\t<meta property=\"og:image:height\" content=\"2410\" \/>\n\t<meta property=\"og:image:type\" content=\"image\/jpeg\" \/>\n<meta name=\"twitter:card\" content=\"summary_large_image\" \/>\n<script type=\"application\/ld+json\" class=\"yoast-schema-graph\">{\"@context\":\"https:\/\/schema.org\",\"@graph\":[{\"@type\":\"WebPage\",\"@id\":\"https:\/\/lavendelnaturhaus.com\/product\/woreczek-z-suszem-lawendy-zajac-niebieski\/\",\"url\":\"https:\/\/lavendelnaturhaus.com\/product\/woreczek-z-suszem-lawendy-zajac-niebieski\/\",\"name\":\"Woreczki wype\u0142nione s\u0105 lawend\u0105\",\"isPartOf\":{\"@id\":\"https:\/\/lavendelnaturhaus.com\/#website\"},\"datePublished\":\"2019-01-12T13:38:19+00:00\",\"dateModified\":\"2021-08-31T08:34:10+00:00\",\"description\":\"Lawenda ma relaksuj\u0105cy i uspokajaj\u0105cy zapach. Saszetki lawendowe s\u0105 idealnym akcesorium do garderoby, szafy, szuflady lub jako ozdoba\",\"breadcrumb\":{\"@id\":\"https:\/\/lavendelnaturhaus.com\/product\/woreczek-z-suszem-lawendy-zajac-niebieski\/#breadcrumb\"},\"inLanguage\":\"ru-RU\",\"potentialAction\":[{\"@type\":\"ReadAction\",\"target\":[\"https:\/\/lavendelnaturhaus.com\/product\/woreczek-z-suszem-lawendy-zajac-niebieski\/\"]}]},{\"@type\":\"BreadcrumbList\",\"@id\":\"https:\/\/lavendelnaturhaus.com\/product\/woreczek-z-suszem-lawendy-zajac-niebieski\/#breadcrumb\",\"itemListElement\":[{\"@type\":\"ListItem\",\"position\":1,\"name\":\"Strona g\u0142\u00f3wna\",\"item\":\"https:\/\/lavendelnaturhaus.com\/\"},{\"@type\":\"ListItem\",\"position\":2,\"name\":\"woreczek z suszem lawendy &#8211; zaj\u0105c\"}]},{\"@type\":\"WebSite\",\"@id\":\"https:\/\/lavendelnaturhaus.com\/#website\",\"url\":\"https:\/\/lavendelnaturhaus.com\/\",\"name\":\"Lavendel NaturHaus - plantacja lawendy \u2022 sklep internetowy z kosmetykami z lawendy\",\"description\":\"Zapraszamy do zapoznania si\u0119 z ofert\u0105 sklepu online, a tak\u017ce zach\u0119camy do odwiedzenia naszej plantacji lawendy.\",\"potentialAction\":[{\"@type\":\"SearchAction\",\"target\":{\"@type\":\"EntryPoint\",\"urlTemplate\":\"https:\/\/lavendelnaturhaus.com\/?s={search_term_string}\"},\"query-input\":\"required name=search_term_string\"}],\"inLanguage\":\"ru-RU\"}]}<\/script>\n<!-- \/ Yoast SEO plugin. -->","yoast_head_json":{"title":"Woreczki wype\u0142nione s\u0105 lawend\u0105","description":"Lawenda ma relaksuj\u0105cy i uspokajaj\u0105cy zapach. Saszetki lawendowe s\u0105 idealnym akcesorium do garderoby, szafy, szuflady lub jako ozdoba","robots":{"index":"index","follow":"follow","max-snippet":"max-snippet:-1","max-image-preview":"max-image-preview:large","max-video-preview":"max-video-preview:-1"},"canonical":"https:\/\/lavendelnaturhaus.com\/product\/woreczek-z-suszem-lawendy-zajac-niebieski\/","og_locale":"ru_RU","og_type":"article","og_title":"Woreczki wype\u0142nione s\u0105 lawend\u0105","og_description":"Lawenda ma relaksuj\u0105cy i uspokajaj\u0105cy zapach. Saszetki lawendowe s\u0105 idealnym akcesorium do garderoby, szafy, szuflady lub jako ozdoba","og_url":"https:\/\/lavendelnaturhaus.com\/product\/woreczek-z-suszem-lawendy-zajac-niebieski\/","og_site_name":"Lavendel NaturHaus - plantacja lawendy \u2022 sklep internetowy z kosmetykami z lawendy","article_modified_time":"2021-08-31T08:34:10+00:00","og_image":[{"width":1951,"height":2410,"url":"https:\/\/lavendelnaturhaus.com\/wp-content\/uploads\/2019\/01\/24-1.jpg","type":"image\/jpeg"}],"twitter_card":"summary_large_image","schema":{"@context":"https:\/\/schema.org","@graph":[{"@type":"WebPage","@id":"https:\/\/lavendelnaturhaus.com\/product\/woreczek-z-suszem-lawendy-zajac-niebieski\/","url":"https:\/\/lavendelnaturhaus.com\/product\/woreczek-z-suszem-lawendy-zajac-niebieski\/","name":"Woreczki wype\u0142nione s\u0105 lawend\u0105","isPartOf":{"@id":"https:\/\/lavendelnaturhaus.com\/#website"},"datePublished":"2019-01-12T13:38:19+00:00","dateModified":"2021-08-31T08:34:10+00:00","description":"Lawenda ma relaksuj\u0105cy i uspokajaj\u0105cy zapach. Saszetki lawendowe s\u0105 idealnym akcesorium do garderoby, szafy, szuflady lub jako ozdoba","breadcrumb":{"@id":"https:\/\/lavendelnaturhaus.com\/product\/woreczek-z-suszem-lawendy-zajac-niebieski\/#breadcrumb"},"inLanguage":"ru-RU","potentialAction":[{"@type":"ReadAction","target":["https:\/\/lavendelnaturhaus.com\/product\/woreczek-z-suszem-lawendy-zajac-niebieski\/"]}]},{"@type":"BreadcrumbList","@id":"https:\/\/lavendelnaturhaus.com\/product\/woreczek-z-suszem-lawendy-zajac-niebieski\/#breadcrumb","itemListElement":[{"@type":"ListItem","position":1,"name":"Strona g\u0142\u00f3wna","item":"https:\/\/lavendelnaturhaus.com\/"},{"@type":"ListItem","position":2,"name":"woreczek z suszem lawendy &#8211; zaj\u0105c"}]},{"@type":"WebSite","@id":"https:\/\/lavendelnaturhaus.com\/#website","url":"https:\/\/lavendelnaturhaus.com\/","name":"Lavendel NaturHaus - plantacja lawendy \u2022 sklep internetowy z kosmetykami z lawendy","description":"Zapraszamy do zapoznania si\u0119 z ofert\u0105 sklepu online, a tak\u017ce zach\u0119camy do odwiedzenia naszej plantacji lawendy.","potentialAction":[{"@type":"SearchAction","target":{"@type":"EntryPoint","urlTemplate":"https:\/\/lavendelnaturhaus.com\/?s={search_term_string}"},"query-input":"required name=search_term_string"}],"inLanguage":"ru-RU"}]}},"_links":{"self":[{"href":"https:\/\/lavendelnaturhaus.com\/ru\/wp-json\/wp\/v2\/product\/695"}],"collection":[{"href":"https:\/\/lavendelnaturhaus.com\/ru\/wp-json\/wp\/v2\/product"}],"about":[{"href":"https:\/\/lavendelnaturhaus.com\/ru\/wp-json\/wp\/v2\/types\/product"}],"replies":[{"embeddable":true,"href":"https:\/\/lavendelnaturhaus.com\/ru\/wp-json\/wp\/v2\/comments?post=695"}],"wp:featuredmedia":[{"embeddable":true,"href":"https:\/\/lavendelnaturhaus.com\/ru\/wp-json\/wp\/v2\/media\/696"}],"wp:attachment":[{"href":"https:\/\/lavendelnaturhaus.com\/ru\/wp-json\/wp\/v2\/media?parent=695"}],"wp:term":[{"taxonomy":"product_cat","embeddable":true,"href":"https:\/\/lavendelnaturhaus.com\/ru\/wp-json\/wp\/v2\/product_cat?post=695"},{"taxonomy":"product_tag","embeddable":true,"href":"https:\/\/lavendelnaturhaus.com\/ru\/wp-json\/wp\/v2\/product_tag?post=695"}],"curies":[{"name":"wp","href":"https:\/\/api.w.org\/{rel}","templated":true}]}}