{"id":2140,"date":"2020-02-21T13:38:10","date_gmt":"2020-02-21T12:38:10","guid":{"rendered":"https:\/\/lavendelnaturhaus.com\/?post_type=product&#038;p=2140"},"modified":"2025-04-08T13:01:53","modified_gmt":"2025-04-08T11:01:53","slug":"musujaca-kula-do-kapieli-slodka-pomarancza-i-cynamon","status":"publish","type":"product","link":"https:\/\/lavendelnaturhaus.com\/ru\/product\/musujaca-kula-do-kapieli-slodka-pomarancza-i-cynamon\/","title":{"rendered":"Musuj\u0105ca kula do k\u0105pieli &#171;s\u0142odka pomara\u0144cza i cynamon&#187;"},"content":{"rendered":"<p class=\"qtranxs-available-languages-message qtranxs-available-languages-message-ru\">\u0418\u0437\u0432\u0438\u043d\u0438\u0442\u0435, \u044d\u0442\u043e\u0442 \u0442\u0435\u0445\u0442 \u0434\u043e\u0441\u0442\u0443\u043f\u0435\u043d \u0442\u043e\u043b\u044c\u043a\u043e \u0432 &ldquo;<a href=\"https:\/\/lavendelnaturhaus.com\/pl\/wp-json\/wp\/v2\/product\/2140\" class=\"qtranxs-available-language-link qtranxs-available-language-link-pl\" title=\"Polski\">\u041f\u043e\u043b\u044c\u0441\u043a\u0438\u0439<\/a>&rdquo;.<\/p>","protected":false},"excerpt":{"rendered":"<p>\u0418\u0437\u0432\u0438\u043d\u0438\u0442\u0435, \u044d\u0442\u043e\u0442 \u0442\u0435\u0445\u0442 \u0434\u043e\u0441\u0442\u0443\u043f\u0435\u043d \u0442\u043e\u043b\u044c\u043a\u043e \u0432 &ldquo;\u041f\u043e\u043b\u044c\u0441\u043a\u0438\u0439&rdquo;.<\/p>\n","protected":false},"featured_media":2142,"comment_status":"open","ping_status":"closed","template":"","meta":[],"product_cat":[103,126,9],"product_tag":[],"yoast_head":"<!-- This site is optimized with the Yoast SEO plugin v21.5 - https:\/\/yoast.com\/wordpress\/plugins\/seo\/ -->\n<title>Musuj\u0105ca kula do k\u0105pieli &quot;s\u0142odka pomara\u0144cza i cynamon&quot; - Lavendel NaturHaus - plantacja lawendy \u2022 sklep internetowy z kosmetykami z lawendy<\/title>\n<meta name=\"description\" content=\"Musuj\u0105ce kule do k\u0105pieli \u201e s\u0142odka pomara\u0144cza i cynamon\u201d wype\u0142nione s\u0105 po brzegi od\u017cywczymi olejami i mas\u0142ami ro\u015blinnymi, kt\u00f3re piel\u0119gnuj\u0105 i od\u017cywi\u0105\" \/>\n<meta name=\"robots\" content=\"index, follow, max-snippet:-1, max-image-preview:large, max-video-preview:-1\" \/>\n<link rel=\"canonical\" href=\"https:\/\/lavendelnaturhaus.com\/product\/musujaca-kula-do-kapieli-slodka-pomarancza-i-cynamon\/\" \/>\n<meta property=\"og:locale\" content=\"ru_RU\" \/>\n<meta property=\"og:type\" content=\"article\" \/>\n<meta property=\"og:title\" content=\"Musuj\u0105ca kula do k\u0105pieli &quot;s\u0142odka pomara\u0144cza i cynamon&quot; - Lavendel NaturHaus - plantacja lawendy \u2022 sklep internetowy z kosmetykami z lawendy\" \/>\n<meta property=\"og:description\" content=\"{:pl}Musuj\u0105ce kule do k\u0105pieli \u201e s\u0142odka pomara\u0144cza i cynamon\u201d wype\u0142nione s\u0105 po brzegi od\u017cywczymi olejami i mas\u0142ami ro\u015blinnymi, kt\u00f3re piel\u0119gnuj\u0105 i od\u017cywi\u0105{:}\" \/>\n<meta property=\"og:url\" content=\"https:\/\/lavendelnaturhaus.com\/product\/musujaca-kula-do-kapieli-slodka-pomarancza-i-cynamon\/\" \/>\n<meta property=\"og:site_name\" content=\"Lavendel NaturHaus - plantacja lawendy \u2022 sklep internetowy z kosmetykami z lawendy\" \/>\n<meta property=\"article:modified_time\" content=\"2025-04-08T11:01:53+00:00\" \/>\n<meta property=\"og:image\" content=\"https:\/\/lavendelnaturhaus.com\/wp-content\/uploads\/2020\/02\/87026846_193515988674473_6657613884813213696_n.jpg\" \/>\n\t<meta property=\"og:image:width\" content=\"3024\" \/>\n\t<meta property=\"og:image:height\" content=\"4032\" \/>\n\t<meta property=\"og:image:type\" content=\"image\/jpeg\" \/>\n<meta name=\"twitter:card\" content=\"summary_large_image\" \/>\n<meta name=\"twitter:label1\" content=\"\u041f\u0440\u0438\u043c\u0435\u0440\u043d\u043e\u0435 \u0432\u0440\u0435\u043c\u044f \u0434\u043b\u044f \u0447\u0442\u0435\u043d\u0438\u044f\" \/>\n\t<meta name=\"twitter:data1\" content=\"2 \u043c\u0438\u043d\u0443\u0442\u044b\" \/>\n<script type=\"application\/ld+json\" class=\"yoast-schema-graph\">{\"@context\":\"https:\/\/schema.org\",\"@graph\":[{\"@type\":\"WebPage\",\"@id\":\"https:\/\/lavendelnaturhaus.com\/product\/musujaca-kula-do-kapieli-slodka-pomarancza-i-cynamon\/\",\"url\":\"https:\/\/lavendelnaturhaus.com\/product\/musujaca-kula-do-kapieli-slodka-pomarancza-i-cynamon\/\",\"name\":\"Musuj\u0105ca kula do k\u0105pieli \\\"s\u0142odka pomara\u0144cza i cynamon\\\" - Lavendel NaturHaus - plantacja lawendy \u2022 sklep internetowy z kosmetykami z lawendy\",\"isPartOf\":{\"@id\":\"https:\/\/lavendelnaturhaus.com\/#website\"},\"datePublished\":\"2020-02-21T12:38:10+00:00\",\"dateModified\":\"2025-04-08T11:01:53+00:00\",\"description\":\"{:pl}Musuj\u0105ce kule do k\u0105pieli \u201e s\u0142odka pomara\u0144cza i cynamon\u201d wype\u0142nione s\u0105 po brzegi od\u017cywczymi olejami i mas\u0142ami ro\u015blinnymi, kt\u00f3re piel\u0119gnuj\u0105 i od\u017cywi\u0105{:}\",\"breadcrumb\":{\"@id\":\"https:\/\/lavendelnaturhaus.com\/product\/musujaca-kula-do-kapieli-slodka-pomarancza-i-cynamon\/#breadcrumb\"},\"inLanguage\":\"ru-RU\",\"potentialAction\":[{\"@type\":\"ReadAction\",\"target\":[\"https:\/\/lavendelnaturhaus.com\/product\/musujaca-kula-do-kapieli-slodka-pomarancza-i-cynamon\/\"]}]},{\"@type\":\"BreadcrumbList\",\"@id\":\"https:\/\/lavendelnaturhaus.com\/product\/musujaca-kula-do-kapieli-slodka-pomarancza-i-cynamon\/#breadcrumb\",\"itemListElement\":[{\"@type\":\"ListItem\",\"position\":1,\"name\":\"Strona g\u0142\u00f3wna\",\"item\":\"https:\/\/lavendelnaturhaus.com\/\"},{\"@type\":\"ListItem\",\"position\":2,\"name\":\"Musuj\u0105ca kula do k\u0105pieli &#8222;s\u0142odka pomara\u0144cza i cynamon&#8221;\"}]},{\"@type\":\"WebSite\",\"@id\":\"https:\/\/lavendelnaturhaus.com\/#website\",\"url\":\"https:\/\/lavendelnaturhaus.com\/\",\"name\":\"Lavendel NaturHaus - plantacja lawendy \u2022 sklep internetowy z kosmetykami z lawendy\",\"description\":\"Zapraszamy do zapoznania si\u0119 z ofert\u0105 sklepu online, a tak\u017ce zach\u0119camy do odwiedzenia naszej plantacji lawendy.\",\"potentialAction\":[{\"@type\":\"SearchAction\",\"target\":{\"@type\":\"EntryPoint\",\"urlTemplate\":\"https:\/\/lavendelnaturhaus.com\/?s={search_term_string}\"},\"query-input\":\"required name=search_term_string\"}],\"inLanguage\":\"ru-RU\"}]}<\/script>\n<!-- \/ Yoast SEO plugin. -->","yoast_head_json":{"title":"Musuj\u0105ca kula do k\u0105pieli \"s\u0142odka pomara\u0144cza i cynamon\" - Lavendel NaturHaus - plantacja lawendy \u2022 sklep internetowy z kosmetykami z lawendy","description":"Musuj\u0105ce kule do k\u0105pieli \u201e s\u0142odka pomara\u0144cza i cynamon\u201d wype\u0142nione s\u0105 po brzegi od\u017cywczymi olejami i mas\u0142ami ro\u015blinnymi, kt\u00f3re piel\u0119gnuj\u0105 i od\u017cywi\u0105","robots":{"index":"index","follow":"follow","max-snippet":"max-snippet:-1","max-image-preview":"max-image-preview:large","max-video-preview":"max-video-preview:-1"},"canonical":"https:\/\/lavendelnaturhaus.com\/product\/musujaca-kula-do-kapieli-slodka-pomarancza-i-cynamon\/","og_locale":"ru_RU","og_type":"article","og_title":"Musuj\u0105ca kula do k\u0105pieli \"s\u0142odka pomara\u0144cza i cynamon\" - Lavendel NaturHaus - plantacja lawendy \u2022 sklep internetowy z kosmetykami z lawendy","og_description":"{:pl}Musuj\u0105ce kule do k\u0105pieli \u201e s\u0142odka pomara\u0144cza i cynamon\u201d wype\u0142nione s\u0105 po brzegi od\u017cywczymi olejami i mas\u0142ami ro\u015blinnymi, kt\u00f3re piel\u0119gnuj\u0105 i od\u017cywi\u0105{:}","og_url":"https:\/\/lavendelnaturhaus.com\/product\/musujaca-kula-do-kapieli-slodka-pomarancza-i-cynamon\/","og_site_name":"Lavendel NaturHaus - plantacja lawendy \u2022 sklep internetowy z kosmetykami z lawendy","article_modified_time":"2025-04-08T11:01:53+00:00","og_image":[{"width":3024,"height":4032,"url":"https:\/\/lavendelnaturhaus.com\/wp-content\/uploads\/2020\/02\/87026846_193515988674473_6657613884813213696_n.jpg","type":"image\/jpeg"}],"twitter_card":"summary_large_image","twitter_misc":{"\u041f\u0440\u0438\u043c\u0435\u0440\u043d\u043e\u0435 \u0432\u0440\u0435\u043c\u044f \u0434\u043b\u044f \u0447\u0442\u0435\u043d\u0438\u044f":"2 \u043c\u0438\u043d\u0443\u0442\u044b"},"schema":{"@context":"https:\/\/schema.org","@graph":[{"@type":"WebPage","@id":"https:\/\/lavendelnaturhaus.com\/product\/musujaca-kula-do-kapieli-slodka-pomarancza-i-cynamon\/","url":"https:\/\/lavendelnaturhaus.com\/product\/musujaca-kula-do-kapieli-slodka-pomarancza-i-cynamon\/","name":"Musuj\u0105ca kula do k\u0105pieli \"s\u0142odka pomara\u0144cza i cynamon\" - Lavendel NaturHaus - plantacja lawendy \u2022 sklep internetowy z kosmetykami z lawendy","isPartOf":{"@id":"https:\/\/lavendelnaturhaus.com\/#website"},"datePublished":"2020-02-21T12:38:10+00:00","dateModified":"2025-04-08T11:01:53+00:00","description":"{:pl}Musuj\u0105ce kule do k\u0105pieli \u201e s\u0142odka pomara\u0144cza i cynamon\u201d wype\u0142nione s\u0105 po brzegi od\u017cywczymi olejami i mas\u0142ami ro\u015blinnymi, kt\u00f3re piel\u0119gnuj\u0105 i od\u017cywi\u0105{:}","breadcrumb":{"@id":"https:\/\/lavendelnaturhaus.com\/product\/musujaca-kula-do-kapieli-slodka-pomarancza-i-cynamon\/#breadcrumb"},"inLanguage":"ru-RU","potentialAction":[{"@type":"ReadAction","target":["https:\/\/lavendelnaturhaus.com\/product\/musujaca-kula-do-kapieli-slodka-pomarancza-i-cynamon\/"]}]},{"@type":"BreadcrumbList","@id":"https:\/\/lavendelnaturhaus.com\/product\/musujaca-kula-do-kapieli-slodka-pomarancza-i-cynamon\/#breadcrumb","itemListElement":[{"@type":"ListItem","position":1,"name":"Strona g\u0142\u00f3wna","item":"https:\/\/lavendelnaturhaus.com\/"},{"@type":"ListItem","position":2,"name":"Musuj\u0105ca kula do k\u0105pieli &#8222;s\u0142odka pomara\u0144cza i cynamon&#8221;"}]},{"@type":"WebSite","@id":"https:\/\/lavendelnaturhaus.com\/#website","url":"https:\/\/lavendelnaturhaus.com\/","name":"Lavendel NaturHaus - plantacja lawendy \u2022 sklep internetowy z kosmetykami z lawendy","description":"Zapraszamy do zapoznania si\u0119 z ofert\u0105 sklepu online, a tak\u017ce zach\u0119camy do odwiedzenia naszej plantacji lawendy.","potentialAction":[{"@type":"SearchAction","target":{"@type":"EntryPoint","urlTemplate":"https:\/\/lavendelnaturhaus.com\/?s={search_term_string}"},"query-input":"required name=search_term_string"}],"inLanguage":"ru-RU"}]}},"_links":{"self":[{"href":"https:\/\/lavendelnaturhaus.com\/ru\/wp-json\/wp\/v2\/product\/2140"}],"collection":[{"href":"https:\/\/lavendelnaturhaus.com\/ru\/wp-json\/wp\/v2\/product"}],"about":[{"href":"https:\/\/lavendelnaturhaus.com\/ru\/wp-json\/wp\/v2\/types\/product"}],"replies":[{"embeddable":true,"href":"https:\/\/lavendelnaturhaus.com\/ru\/wp-json\/wp\/v2\/comments?post=2140"}],"wp:featuredmedia":[{"embeddable":true,"href":"https:\/\/lavendelnaturhaus.com\/ru\/wp-json\/wp\/v2\/media\/2142"}],"wp:attachment":[{"href":"https:\/\/lavendelnaturhaus.com\/ru\/wp-json\/wp\/v2\/media?parent=2140"}],"wp:term":[{"taxonomy":"product_cat","embeddable":true,"href":"https:\/\/lavendelnaturhaus.com\/ru\/wp-json\/wp\/v2\/product_cat?post=2140"},{"taxonomy":"product_tag","embeddable":true,"href":"https:\/\/lavendelnaturhaus.com\/ru\/wp-json\/wp\/v2\/product_tag?post=2140"}],"curies":[{"name":"wp","href":"https:\/\/api.w.org\/{rel}","templated":true}]}}