{"id":1724,"date":"2019-11-27T15:38:44","date_gmt":"2019-11-27T14:38:44","guid":{"rendered":"https:\/\/lavendelnaturhaus.com\/?post_type=product&#038;p=1724"},"modified":"2021-08-31T10:24:38","modified_gmt":"2021-08-31T08:24:38","slug":"poduszka-luska-gryki-lawenda-dla-dzieci","status":"publish","type":"product","link":"https:\/\/lavendelnaturhaus.com\/ru\/product\/poduszka-luska-gryki-lawenda-dla-dzieci\/","title":{"rendered":"Poduszka z \u0142usk\u0105 gryki i lawend\u0105 dla dzieci"},"content":{"rendered":"<p class=\"qtranxs-available-languages-message qtranxs-available-languages-message-ru\">\u0418\u0437\u0432\u0438\u043d\u0438\u0442\u0435, \u044d\u0442\u043e\u0442 \u0442\u0435\u0445\u0442 \u0434\u043e\u0441\u0442\u0443\u043f\u0435\u043d \u0442\u043e\u043b\u044c\u043a\u043e \u0432 &ldquo;<a href=\"https:\/\/lavendelnaturhaus.com\/pl\/wp-json\/wp\/v2\/product\/1724\" class=\"qtranxs-available-language-link qtranxs-available-language-link-pl\" title=\"Polski\">\u041f\u043e\u043b\u044c\u0441\u043a\u0438\u0439<\/a>&rdquo;.<\/p>","protected":false},"excerpt":{"rendered":"<p>\u0418\u0437\u0432\u0438\u043d\u0438\u0442\u0435, \u044d\u0442\u043e\u0442 \u0442\u0435\u0445\u0442 \u0434\u043e\u0441\u0442\u0443\u043f\u0435\u043d \u0442\u043e\u043b\u044c\u043a\u043e \u0432 &ldquo;\u041f\u043e\u043b\u044c\u0441\u043a\u0438\u0439&rdquo;.<\/p>\n","protected":false},"featured_media":1725,"comment_status":"open","ping_status":"closed","template":"","meta":[],"product_cat":[127,114,118,26,9,12],"product_tag":[],"yoast_head":"<!-- This site is optimized with the Yoast SEO plugin v21.5 - https:\/\/yoast.com\/wordpress\/plugins\/seo\/ -->\n<title>Poduszka z \u0142usk\u0105 gryki i lawend\u0105 dla dzieci - Lavendel NaturHaus - plantacja lawendy \u2022 sklep internetowy z kosmetykami z lawendy<\/title>\n<meta name=\"robots\" content=\"index, follow, max-snippet:-1, max-image-preview:large, max-video-preview:-1\" \/>\n<link rel=\"canonical\" href=\"https:\/\/lavendelnaturhaus.com\/product\/poduszka-luska-gryki-lawenda-dla-dzieci\/\" \/>\n<meta property=\"og:locale\" content=\"ru_RU\" \/>\n<meta property=\"og:type\" content=\"article\" \/>\n<meta property=\"og:title\" content=\"Poduszka z \u0142usk\u0105 gryki i lawend\u0105 dla dzieci - Lavendel NaturHaus - plantacja lawendy \u2022 sklep internetowy z kosmetykami z lawendy\" \/>\n<meta property=\"og:description\" content=\"\u0418\u0437\u0432\u0438\u043d\u0438\u0442\u0435, \u044d\u0442\u043e\u0442 \u0442\u0435\u0445\u0442 \u0434\u043e\u0441\u0442\u0443\u043f\u0435\u043d \u0442\u043e\u043b\u044c\u043a\u043e \u0432 &ldquo;\u041f\u043e\u043b\u044c\u0441\u043a\u0438\u0439&rdquo;.\" \/>\n<meta property=\"og:url\" content=\"https:\/\/lavendelnaturhaus.com\/product\/poduszka-luska-gryki-lawenda-dla-dzieci\/\" \/>\n<meta property=\"og:site_name\" content=\"Lavendel NaturHaus - plantacja lawendy \u2022 sklep internetowy z kosmetykami z lawendy\" \/>\n<meta property=\"article:modified_time\" content=\"2021-08-31T08:24:38+00:00\" \/>\n<meta property=\"og:image\" content=\"https:\/\/lavendelnaturhaus.com\/wp-content\/uploads\/2019\/11\/77082212_664384330634895_61352774599704576_n.jpg\" \/>\n\t<meta property=\"og:image:width\" content=\"715\" \/>\n\t<meta property=\"og:image:height\" content=\"888\" \/>\n\t<meta property=\"og:image:type\" content=\"image\/jpeg\" \/>\n<meta name=\"twitter:card\" content=\"summary_large_image\" \/>\n<meta name=\"twitter:label1\" content=\"\u041f\u0440\u0438\u043c\u0435\u0440\u043d\u043e\u0435 \u0432\u0440\u0435\u043c\u044f \u0434\u043b\u044f \u0447\u0442\u0435\u043d\u0438\u044f\" \/>\n\t<meta name=\"twitter:data1\" content=\"1 \u043c\u0438\u043d\u0443\u0442\u0430\" \/>\n<script type=\"application\/ld+json\" class=\"yoast-schema-graph\">{\"@context\":\"https:\/\/schema.org\",\"@graph\":[{\"@type\":\"WebPage\",\"@id\":\"https:\/\/lavendelnaturhaus.com\/product\/poduszka-luska-gryki-lawenda-dla-dzieci\/\",\"url\":\"https:\/\/lavendelnaturhaus.com\/product\/poduszka-luska-gryki-lawenda-dla-dzieci\/\",\"name\":\"Poduszka z \u0142usk\u0105 gryki i lawend\u0105 dla dzieci - Lavendel NaturHaus - plantacja lawendy \u2022 sklep internetowy z kosmetykami z lawendy\",\"isPartOf\":{\"@id\":\"https:\/\/lavendelnaturhaus.com\/#website\"},\"datePublished\":\"2019-11-27T14:38:44+00:00\",\"dateModified\":\"2021-08-31T08:24:38+00:00\",\"breadcrumb\":{\"@id\":\"https:\/\/lavendelnaturhaus.com\/product\/poduszka-luska-gryki-lawenda-dla-dzieci\/#breadcrumb\"},\"inLanguage\":\"ru-RU\",\"potentialAction\":[{\"@type\":\"ReadAction\",\"target\":[\"https:\/\/lavendelnaturhaus.com\/product\/poduszka-luska-gryki-lawenda-dla-dzieci\/\"]}]},{\"@type\":\"BreadcrumbList\",\"@id\":\"https:\/\/lavendelnaturhaus.com\/product\/poduszka-luska-gryki-lawenda-dla-dzieci\/#breadcrumb\",\"itemListElement\":[{\"@type\":\"ListItem\",\"position\":1,\"name\":\"Strona g\u0142\u00f3wna\",\"item\":\"https:\/\/lavendelnaturhaus.com\/\"},{\"@type\":\"ListItem\",\"position\":2,\"name\":\"Poduszka z \u0142usk\u0105 gryki i lawend\u0105 dla dzieci\"}]},{\"@type\":\"WebSite\",\"@id\":\"https:\/\/lavendelnaturhaus.com\/#website\",\"url\":\"https:\/\/lavendelnaturhaus.com\/\",\"name\":\"Lavendel NaturHaus - plantacja lawendy \u2022 sklep internetowy z kosmetykami z lawendy\",\"description\":\"Zapraszamy do zapoznania si\u0119 z ofert\u0105 sklepu online, a tak\u017ce zach\u0119camy do odwiedzenia naszej plantacji lawendy.\",\"potentialAction\":[{\"@type\":\"SearchAction\",\"target\":{\"@type\":\"EntryPoint\",\"urlTemplate\":\"https:\/\/lavendelnaturhaus.com\/?s={search_term_string}\"},\"query-input\":\"required name=search_term_string\"}],\"inLanguage\":\"ru-RU\"}]}<\/script>\n<!-- \/ Yoast SEO plugin. -->","yoast_head_json":{"title":"Poduszka z \u0142usk\u0105 gryki i lawend\u0105 dla dzieci - Lavendel NaturHaus - plantacja lawendy \u2022 sklep internetowy z kosmetykami z lawendy","robots":{"index":"index","follow":"follow","max-snippet":"max-snippet:-1","max-image-preview":"max-image-preview:large","max-video-preview":"max-video-preview:-1"},"canonical":"https:\/\/lavendelnaturhaus.com\/product\/poduszka-luska-gryki-lawenda-dla-dzieci\/","og_locale":"ru_RU","og_type":"article","og_title":"Poduszka z \u0142usk\u0105 gryki i lawend\u0105 dla dzieci - Lavendel NaturHaus - plantacja lawendy \u2022 sklep internetowy z kosmetykami z lawendy","og_description":"\u0418\u0437\u0432\u0438\u043d\u0438\u0442\u0435, \u044d\u0442\u043e\u0442 \u0442\u0435\u0445\u0442 \u0434\u043e\u0441\u0442\u0443\u043f\u0435\u043d \u0442\u043e\u043b\u044c\u043a\u043e \u0432 &ldquo;\u041f\u043e\u043b\u044c\u0441\u043a\u0438\u0439&rdquo;.","og_url":"https:\/\/lavendelnaturhaus.com\/product\/poduszka-luska-gryki-lawenda-dla-dzieci\/","og_site_name":"Lavendel NaturHaus - plantacja lawendy \u2022 sklep internetowy z kosmetykami z lawendy","article_modified_time":"2021-08-31T08:24:38+00:00","og_image":[{"width":715,"height":888,"url":"https:\/\/lavendelnaturhaus.com\/wp-content\/uploads\/2019\/11\/77082212_664384330634895_61352774599704576_n.jpg","type":"image\/jpeg"}],"twitter_card":"summary_large_image","twitter_misc":{"\u041f\u0440\u0438\u043c\u0435\u0440\u043d\u043e\u0435 \u0432\u0440\u0435\u043c\u044f \u0434\u043b\u044f \u0447\u0442\u0435\u043d\u0438\u044f":"1 \u043c\u0438\u043d\u0443\u0442\u0430"},"schema":{"@context":"https:\/\/schema.org","@graph":[{"@type":"WebPage","@id":"https:\/\/lavendelnaturhaus.com\/product\/poduszka-luska-gryki-lawenda-dla-dzieci\/","url":"https:\/\/lavendelnaturhaus.com\/product\/poduszka-luska-gryki-lawenda-dla-dzieci\/","name":"Poduszka z \u0142usk\u0105 gryki i lawend\u0105 dla dzieci - Lavendel NaturHaus - plantacja lawendy \u2022 sklep internetowy z kosmetykami z lawendy","isPartOf":{"@id":"https:\/\/lavendelnaturhaus.com\/#website"},"datePublished":"2019-11-27T14:38:44+00:00","dateModified":"2021-08-31T08:24:38+00:00","breadcrumb":{"@id":"https:\/\/lavendelnaturhaus.com\/product\/poduszka-luska-gryki-lawenda-dla-dzieci\/#breadcrumb"},"inLanguage":"ru-RU","potentialAction":[{"@type":"ReadAction","target":["https:\/\/lavendelnaturhaus.com\/product\/poduszka-luska-gryki-lawenda-dla-dzieci\/"]}]},{"@type":"BreadcrumbList","@id":"https:\/\/lavendelnaturhaus.com\/product\/poduszka-luska-gryki-lawenda-dla-dzieci\/#breadcrumb","itemListElement":[{"@type":"ListItem","position":1,"name":"Strona g\u0142\u00f3wna","item":"https:\/\/lavendelnaturhaus.com\/"},{"@type":"ListItem","position":2,"name":"Poduszka z \u0142usk\u0105 gryki i lawend\u0105 dla dzieci"}]},{"@type":"WebSite","@id":"https:\/\/lavendelnaturhaus.com\/#website","url":"https:\/\/lavendelnaturhaus.com\/","name":"Lavendel NaturHaus - plantacja lawendy \u2022 sklep internetowy z kosmetykami z lawendy","description":"Zapraszamy do zapoznania si\u0119 z ofert\u0105 sklepu online, a tak\u017ce zach\u0119camy do odwiedzenia naszej plantacji lawendy.","potentialAction":[{"@type":"SearchAction","target":{"@type":"EntryPoint","urlTemplate":"https:\/\/lavendelnaturhaus.com\/?s={search_term_string}"},"query-input":"required name=search_term_string"}],"inLanguage":"ru-RU"}]}},"_links":{"self":[{"href":"https:\/\/lavendelnaturhaus.com\/ru\/wp-json\/wp\/v2\/product\/1724"}],"collection":[{"href":"https:\/\/lavendelnaturhaus.com\/ru\/wp-json\/wp\/v2\/product"}],"about":[{"href":"https:\/\/lavendelnaturhaus.com\/ru\/wp-json\/wp\/v2\/types\/product"}],"replies":[{"embeddable":true,"href":"https:\/\/lavendelnaturhaus.com\/ru\/wp-json\/wp\/v2\/comments?post=1724"}],"wp:featuredmedia":[{"embeddable":true,"href":"https:\/\/lavendelnaturhaus.com\/ru\/wp-json\/wp\/v2\/media\/1725"}],"wp:attachment":[{"href":"https:\/\/lavendelnaturhaus.com\/ru\/wp-json\/wp\/v2\/media?parent=1724"}],"wp:term":[{"taxonomy":"product_cat","embeddable":true,"href":"https:\/\/lavendelnaturhaus.com\/ru\/wp-json\/wp\/v2\/product_cat?post=1724"},{"taxonomy":"product_tag","embeddable":true,"href":"https:\/\/lavendelnaturhaus.com\/ru\/wp-json\/wp\/v2\/product_tag?post=1724"}],"curies":[{"name":"wp","href":"https:\/\/api.w.org\/{rel}","templated":true}]}}