{"id":1177,"date":"2019-07-23T10:49:16","date_gmt":"2019-07-23T08:49:16","guid":{"rendered":"https:\/\/lavendelnaturhaus.com\/?post_type=product&#038;p=1177"},"modified":"2019-11-25T22:30:59","modified_gmt":"2019-11-25T21:30:59","slug":"olejek-do-wlosow","status":"publish","type":"product","link":"https:\/\/lavendelnaturhaus.com\/ru\/product\/olejek-do-wlosow\/","title":{"rendered":"Olejek do w\u0142os\u00f3w zniszczonych 100 ml"},"content":{"rendered":"<p class=\"qtranxs-available-languages-message qtranxs-available-languages-message-ru\">\u0418\u0437\u0432\u0438\u043d\u0438\u0442\u0435, \u044d\u0442\u043e\u0442 \u0442\u0435\u0445\u0442 \u0434\u043e\u0441\u0442\u0443\u043f\u0435\u043d \u0442\u043e\u043b\u044c\u043a\u043e \u0432 &ldquo;<a href=\"https:\/\/lavendelnaturhaus.com\/pl\/wp-json\/wp\/v2\/product\/1177\" class=\"qtranxs-available-language-link qtranxs-available-language-link-pl\" title=\"Polski\">\u041f\u043e\u043b\u044c\u0441\u043a\u0438\u0439<\/a>&rdquo;.<\/p>","protected":false},"excerpt":{"rendered":"<p>\u0418\u0437\u0432\u0438\u043d\u0438\u0442\u0435, \u044d\u0442\u043e\u0442 \u0442\u0435\u0445\u0442 \u0434\u043e\u0441\u0442\u0443\u043f\u0435\u043d \u0442\u043e\u043b\u044c\u043a\u043e \u0432 &ldquo;\u041f\u043e\u043b\u044c\u0441\u043a\u0438\u0439&rdquo;.<\/p>\n","protected":false},"featured_media":1178,"comment_status":"open","ping_status":"closed","template":"","meta":[],"product_cat":[103,107,18,9],"product_tag":[31,32,33,29,28,30],"yoast_head":"<!-- This site is optimized with the Yoast SEO plugin v21.5 - https:\/\/yoast.com\/wordpress\/plugins\/seo\/ -->\n<title>Olejek do w\u0142os\u00f3w zniszczonych 100 ml - Lavendel NaturHaus - plantacja lawendy \u2022 sklep internetowy z kosmetykami z lawendy<\/title>\n<meta name=\"description\" content=\"Olejek do w\u0142os\u00f3w zniszczonych, polecana w szczeg\u00f3lno\u015bci kobietom ze zniszczonymi, \u0142amliwymi, rozdwojonymi i matowymi w\u0142osami. Olejek od\u017cywia i wzmacnia\" \/>\n<meta name=\"robots\" content=\"index, follow, max-snippet:-1, max-image-preview:large, max-video-preview:-1\" \/>\n<link rel=\"canonical\" href=\"https:\/\/lavendelnaturhaus.com\/en\/product\/olejek-do-wlosow\/\" \/>\n<meta property=\"og:locale\" content=\"ru_RU\" \/>\n<meta property=\"og:type\" content=\"article\" \/>\n<meta property=\"og:title\" content=\"Olejek do w\u0142os\u00f3w zniszczonych 100 ml - Lavendel NaturHaus - plantacja lawendy \u2022 sklep internetowy z kosmetykami z lawendy\" \/>\n<meta property=\"og:description\" content=\"Olejek do w\u0142os\u00f3w zniszczonych, polecana w szczeg\u00f3lno\u015bci kobietom ze zniszczonymi, \u0142amliwymi, rozdwojonymi i matowymi w\u0142osami. Olejek od\u017cywia i wzmacnia\" \/>\n<meta property=\"og:url\" content=\"https:\/\/lavendelnaturhaus.com\/en\/product\/olejek-do-wlosow\/\" \/>\n<meta property=\"og:site_name\" content=\"Lavendel NaturHaus - plantacja lawendy \u2022 sklep internetowy z kosmetykami z lawendy\" \/>\n<meta property=\"article:modified_time\" content=\"2019-11-25T21:30:59+00:00\" \/>\n<meta property=\"og:image\" content=\"https:\/\/lavendelnaturhaus.com\/wp-content\/uploads\/2019\/07\/67326389_702372390202548_156604265777856512_n.jpg\" \/>\n\t<meta property=\"og:image:width\" content=\"1915\" \/>\n\t<meta property=\"og:image:height\" content=\"3460\" \/>\n\t<meta property=\"og:image:type\" content=\"image\/jpeg\" \/>\n<meta name=\"twitter:card\" content=\"summary_large_image\" \/>\n<meta name=\"twitter:label1\" content=\"\u041f\u0440\u0438\u043c\u0435\u0440\u043d\u043e\u0435 \u0432\u0440\u0435\u043c\u044f \u0434\u043b\u044f \u0447\u0442\u0435\u043d\u0438\u044f\" \/>\n\t<meta name=\"twitter:data1\" content=\"4 \u043c\u0438\u043d\u0443\u0442\u044b\" \/>\n<script type=\"application\/ld+json\" class=\"yoast-schema-graph\">{\"@context\":\"https:\/\/schema.org\",\"@graph\":[{\"@type\":\"WebPage\",\"@id\":\"https:\/\/lavendelnaturhaus.com\/en\/product\/olejek-do-wlosow\/\",\"url\":\"https:\/\/lavendelnaturhaus.com\/en\/product\/olejek-do-wlosow\/\",\"name\":\"Olejek do w\u0142os\u00f3w zniszczonych 100 ml - Lavendel NaturHaus - plantacja lawendy \u2022 sklep internetowy z kosmetykami z lawendy\",\"isPartOf\":{\"@id\":\"https:\/\/lavendelnaturhaus.com\/#website\"},\"datePublished\":\"2019-07-23T08:49:16+00:00\",\"dateModified\":\"2019-11-25T21:30:59+00:00\",\"description\":\"Olejek do w\u0142os\u00f3w zniszczonych, polecana w szczeg\u00f3lno\u015bci kobietom ze zniszczonymi, \u0142amliwymi, rozdwojonymi i matowymi w\u0142osami. Olejek od\u017cywia i wzmacnia\",\"breadcrumb\":{\"@id\":\"https:\/\/lavendelnaturhaus.com\/en\/product\/olejek-do-wlosow\/#breadcrumb\"},\"inLanguage\":\"ru-RU\",\"potentialAction\":[{\"@type\":\"ReadAction\",\"target\":[\"https:\/\/lavendelnaturhaus.com\/en\/product\/olejek-do-wlosow\/\"]}]},{\"@type\":\"BreadcrumbList\",\"@id\":\"https:\/\/lavendelnaturhaus.com\/en\/product\/olejek-do-wlosow\/#breadcrumb\",\"itemListElement\":[{\"@type\":\"ListItem\",\"position\":1,\"name\":\"Strona g\u0142\u00f3wna\",\"item\":\"https:\/\/lavendelnaturhaus.com\/\"},{\"@type\":\"ListItem\",\"position\":2,\"name\":\"Olejek do w\u0142os\u00f3w zniszczonych 100 ml\"}]},{\"@type\":\"WebSite\",\"@id\":\"https:\/\/lavendelnaturhaus.com\/#website\",\"url\":\"https:\/\/lavendelnaturhaus.com\/\",\"name\":\"Lavendel NaturHaus - plantacja lawendy \u2022 sklep internetowy z kosmetykami z lawendy\",\"description\":\"Zapraszamy do zapoznania si\u0119 z ofert\u0105 sklepu online, a tak\u017ce zach\u0119camy do odwiedzenia naszej plantacji lawendy.\",\"potentialAction\":[{\"@type\":\"SearchAction\",\"target\":{\"@type\":\"EntryPoint\",\"urlTemplate\":\"https:\/\/lavendelnaturhaus.com\/?s={search_term_string}\"},\"query-input\":\"required name=search_term_string\"}],\"inLanguage\":\"ru-RU\"}]}<\/script>\n<!-- \/ Yoast SEO plugin. -->","yoast_head_json":{"title":"Olejek do w\u0142os\u00f3w zniszczonych 100 ml - Lavendel NaturHaus - plantacja lawendy \u2022 sklep internetowy z kosmetykami z lawendy","description":"Olejek do w\u0142os\u00f3w zniszczonych, polecana w szczeg\u00f3lno\u015bci kobietom ze zniszczonymi, \u0142amliwymi, rozdwojonymi i matowymi w\u0142osami. Olejek od\u017cywia i wzmacnia","robots":{"index":"index","follow":"follow","max-snippet":"max-snippet:-1","max-image-preview":"max-image-preview:large","max-video-preview":"max-video-preview:-1"},"canonical":"https:\/\/lavendelnaturhaus.com\/en\/product\/olejek-do-wlosow\/","og_locale":"ru_RU","og_type":"article","og_title":"Olejek do w\u0142os\u00f3w zniszczonych 100 ml - Lavendel NaturHaus - plantacja lawendy \u2022 sklep internetowy z kosmetykami z lawendy","og_description":"Olejek do w\u0142os\u00f3w zniszczonych, polecana w szczeg\u00f3lno\u015bci kobietom ze zniszczonymi, \u0142amliwymi, rozdwojonymi i matowymi w\u0142osami. Olejek od\u017cywia i wzmacnia","og_url":"https:\/\/lavendelnaturhaus.com\/en\/product\/olejek-do-wlosow\/","og_site_name":"Lavendel NaturHaus - plantacja lawendy \u2022 sklep internetowy z kosmetykami z lawendy","article_modified_time":"2019-11-25T21:30:59+00:00","og_image":[{"width":1915,"height":3460,"url":"https:\/\/lavendelnaturhaus.com\/wp-content\/uploads\/2019\/07\/67326389_702372390202548_156604265777856512_n.jpg","type":"image\/jpeg"}],"twitter_card":"summary_large_image","twitter_misc":{"\u041f\u0440\u0438\u043c\u0435\u0440\u043d\u043e\u0435 \u0432\u0440\u0435\u043c\u044f \u0434\u043b\u044f \u0447\u0442\u0435\u043d\u0438\u044f":"4 \u043c\u0438\u043d\u0443\u0442\u044b"},"schema":{"@context":"https:\/\/schema.org","@graph":[{"@type":"WebPage","@id":"https:\/\/lavendelnaturhaus.com\/en\/product\/olejek-do-wlosow\/","url":"https:\/\/lavendelnaturhaus.com\/en\/product\/olejek-do-wlosow\/","name":"Olejek do w\u0142os\u00f3w zniszczonych 100 ml - Lavendel NaturHaus - plantacja lawendy \u2022 sklep internetowy z kosmetykami z lawendy","isPartOf":{"@id":"https:\/\/lavendelnaturhaus.com\/#website"},"datePublished":"2019-07-23T08:49:16+00:00","dateModified":"2019-11-25T21:30:59+00:00","description":"Olejek do w\u0142os\u00f3w zniszczonych, polecana w szczeg\u00f3lno\u015bci kobietom ze zniszczonymi, \u0142amliwymi, rozdwojonymi i matowymi w\u0142osami. Olejek od\u017cywia i wzmacnia","breadcrumb":{"@id":"https:\/\/lavendelnaturhaus.com\/en\/product\/olejek-do-wlosow\/#breadcrumb"},"inLanguage":"ru-RU","potentialAction":[{"@type":"ReadAction","target":["https:\/\/lavendelnaturhaus.com\/en\/product\/olejek-do-wlosow\/"]}]},{"@type":"BreadcrumbList","@id":"https:\/\/lavendelnaturhaus.com\/en\/product\/olejek-do-wlosow\/#breadcrumb","itemListElement":[{"@type":"ListItem","position":1,"name":"Strona g\u0142\u00f3wna","item":"https:\/\/lavendelnaturhaus.com\/"},{"@type":"ListItem","position":2,"name":"Olejek do w\u0142os\u00f3w zniszczonych 100 ml"}]},{"@type":"WebSite","@id":"https:\/\/lavendelnaturhaus.com\/#website","url":"https:\/\/lavendelnaturhaus.com\/","name":"Lavendel NaturHaus - plantacja lawendy \u2022 sklep internetowy z kosmetykami z lawendy","description":"Zapraszamy do zapoznania si\u0119 z ofert\u0105 sklepu online, a tak\u017ce zach\u0119camy do odwiedzenia naszej plantacji lawendy.","potentialAction":[{"@type":"SearchAction","target":{"@type":"EntryPoint","urlTemplate":"https:\/\/lavendelnaturhaus.com\/?s={search_term_string}"},"query-input":"required name=search_term_string"}],"inLanguage":"ru-RU"}]}},"_links":{"self":[{"href":"https:\/\/lavendelnaturhaus.com\/ru\/wp-json\/wp\/v2\/product\/1177"}],"collection":[{"href":"https:\/\/lavendelnaturhaus.com\/ru\/wp-json\/wp\/v2\/product"}],"about":[{"href":"https:\/\/lavendelnaturhaus.com\/ru\/wp-json\/wp\/v2\/types\/product"}],"replies":[{"embeddable":true,"href":"https:\/\/lavendelnaturhaus.com\/ru\/wp-json\/wp\/v2\/comments?post=1177"}],"wp:featuredmedia":[{"embeddable":true,"href":"https:\/\/lavendelnaturhaus.com\/ru\/wp-json\/wp\/v2\/media\/1178"}],"wp:attachment":[{"href":"https:\/\/lavendelnaturhaus.com\/ru\/wp-json\/wp\/v2\/media?parent=1177"}],"wp:term":[{"taxonomy":"product_cat","embeddable":true,"href":"https:\/\/lavendelnaturhaus.com\/ru\/wp-json\/wp\/v2\/product_cat?post=1177"},{"taxonomy":"product_tag","embeddable":true,"href":"https:\/\/lavendelnaturhaus.com\/ru\/wp-json\/wp\/v2\/product_tag?post=1177"}],"curies":[{"name":"wp","href":"https:\/\/api.w.org\/{rel}","templated":true}]}}