{"id":163,"date":"2017-10-17T10:10:18","date_gmt":"2017-10-17T08:10:18","guid":{"rendered":"http:\/\/lavendelnaturhaus.com\/?page_id=163"},"modified":"2024-08-04T09:58:27","modified_gmt":"2024-08-04T07:58:27","slug":"kontakt","status":"publish","type":"page","link":"https:\/\/lavendelnaturhaus.com\/ru\/kontakt\/","title":{"rendered":"Kontakt"},"content":{"rendered":"<p class=\"qtranxs-available-languages-message qtranxs-available-languages-message-ru\">\u0418\u0437\u0432\u0438\u043d\u0438\u0442\u0435, \u044d\u0442\u043e\u0442 \u0442\u0435\u0445\u0442 \u0434\u043e\u0441\u0442\u0443\u043f\u0435\u043d \u0442\u043e\u043b\u044c\u043a\u043e \u0432 &ldquo;<a href=\"https:\/\/lavendelnaturhaus.com\/pl\/wp-json\/wp\/v2\/pages\/163\" class=\"qtranxs-available-language-link qtranxs-available-language-link-pl\" title=\"Polski\">\u041f\u043e\u043b\u044c\u0441\u043a\u0438\u0439<\/a>&rdquo;.<\/p>","protected":false},"excerpt":{"rendered":"<p>\u0418\u0437\u0432\u0438\u043d\u0438\u0442\u0435, \u044d\u0442\u043e\u0442 \u0442\u0435\u0445\u0442 \u0434\u043e\u0441\u0442\u0443\u043f\u0435\u043d \u0442\u043e\u043b\u044c\u043a\u043e \u0432 &ldquo;\u041f\u043e\u043b\u044c\u0441\u043a\u0438\u0439&rdquo;.<\/p>\n","protected":false},"author":1,"featured_media":0,"parent":0,"menu_order":0,"comment_status":"closed","ping_status":"closed","template":"","meta":{"footnotes":""},"yoast_head":"<!-- This site is optimized with the Yoast SEO plugin v21.5 - https:\/\/yoast.com\/wordpress\/plugins\/seo\/ -->\n<title>Kontakt - Plantacja lawendy w Polsce - Lavendel Natur Haus<\/title>\n<meta name=\"description\" content=\"Lavendel Natur Haus. Odwied\u017a nasz\u0105 plantacj\u0119 lawendy w Polsce, a tak\u017ce sprawd\u017a ofert\u0119 naszego sklepu internetowego z kosmetykami lawendowymi!\" \/>\n<meta name=\"robots\" content=\"index, follow, max-snippet:-1, max-image-preview:large, max-video-preview:-1\" \/>\n<link rel=\"canonical\" href=\"https:\/\/lavendelnaturhaus.com\/kontakt\/\" \/>\n<meta property=\"og:locale\" content=\"ru_RU\" \/>\n<meta property=\"og:type\" content=\"article\" \/>\n<meta property=\"og:title\" content=\"[:pl] Kontakt - Plantacja lawendy w Polsce - Lavendel Natur Haus[:]\" \/>\n<meta property=\"og:description\" content=\"{:pl}Lavendel Natur Haus. Odwied\u017a nasz\u0105 plantacj\u0119 lawendy w Polsce, a tak\u017ce sprawd\u017a ofert\u0119 naszego sklepu internetowego z kosmetykami lawendowymi!{:}\" \/>\n<meta property=\"og:url\" content=\"https:\/\/lavendelnaturhaus.com\/kontakt\/\" \/>\n<meta property=\"og:site_name\" content=\"Lavendel NaturHaus - plantacja lawendy \u2022 sklep internetowy z kosmetykami z lawendy\" \/>\n<meta property=\"article:modified_time\" content=\"2024-08-04T07:58:27+00:00\" \/>\n<meta name=\"twitter:card\" content=\"summary_large_image\" \/>\n<meta name=\"twitter:label1\" content=\"\u041f\u0440\u0438\u043c\u0435\u0440\u043d\u043e\u0435 \u0432\u0440\u0435\u043c\u044f \u0434\u043b\u044f \u0447\u0442\u0435\u043d\u0438\u044f\" \/>\n\t<meta name=\"twitter:data1\" content=\"1 \u043c\u0438\u043d\u0443\u0442\u0430\" \/>\n<script type=\"application\/ld+json\" class=\"yoast-schema-graph\">{\"@context\":\"https:\/\/schema.org\",\"@graph\":[{\"@type\":\"WebPage\",\"@id\":\"https:\/\/lavendelnaturhaus.com\/kontakt\/\",\"url\":\"https:\/\/lavendelnaturhaus.com\/kontakt\/\",\"name\":\"[:pl] Kontakt - Plantacja lawendy w Polsce - Lavendel Natur Haus[:]\",\"isPartOf\":{\"@id\":\"https:\/\/lavendelnaturhaus.com\/#website\"},\"datePublished\":\"2017-10-17T08:10:18+00:00\",\"dateModified\":\"2024-08-04T07:58:27+00:00\",\"description\":\"{:pl}Lavendel Natur Haus. Odwied\u017a nasz\u0105 plantacj\u0119 lawendy w Polsce, a tak\u017ce sprawd\u017a ofert\u0119 naszego sklepu internetowego z kosmetykami lawendowymi!{:}\",\"breadcrumb\":{\"@id\":\"https:\/\/lavendelnaturhaus.com\/kontakt\/#breadcrumb\"},\"inLanguage\":\"ru-RU\",\"potentialAction\":[{\"@type\":\"ReadAction\",\"target\":[\"https:\/\/lavendelnaturhaus.com\/kontakt\/\"]}]},{\"@type\":\"BreadcrumbList\",\"@id\":\"https:\/\/lavendelnaturhaus.com\/kontakt\/#breadcrumb\",\"itemListElement\":[{\"@type\":\"ListItem\",\"position\":1,\"name\":\"Strona g\u0142\u00f3wna\",\"item\":\"https:\/\/lavendelnaturhaus.com\/\"},{\"@type\":\"ListItem\",\"position\":2,\"name\":\"Kontakt\"}]},{\"@type\":\"WebSite\",\"@id\":\"https:\/\/lavendelnaturhaus.com\/#website\",\"url\":\"https:\/\/lavendelnaturhaus.com\/\",\"name\":\"Lavendel NaturHaus - plantacja lawendy \u2022 sklep internetowy z kosmetykami z lawendy\",\"description\":\"Zapraszamy do zapoznania si\u0119 z ofert\u0105 sklepu online, a tak\u017ce zach\u0119camy do odwiedzenia naszej plantacji lawendy.\",\"potentialAction\":[{\"@type\":\"SearchAction\",\"target\":{\"@type\":\"EntryPoint\",\"urlTemplate\":\"https:\/\/lavendelnaturhaus.com\/?s={search_term_string}\"},\"query-input\":\"required name=search_term_string\"}],\"inLanguage\":\"ru-RU\"}]}<\/script>\n<!-- \/ Yoast SEO plugin. -->","yoast_head_json":{"title":"Kontakt - Plantacja lawendy w Polsce - Lavendel Natur Haus","description":"Lavendel Natur Haus. Odwied\u017a nasz\u0105 plantacj\u0119 lawendy w Polsce, a tak\u017ce sprawd\u017a ofert\u0119 naszego sklepu internetowego z kosmetykami lawendowymi!","robots":{"index":"index","follow":"follow","max-snippet":"max-snippet:-1","max-image-preview":"max-image-preview:large","max-video-preview":"max-video-preview:-1"},"canonical":"https:\/\/lavendelnaturhaus.com\/kontakt\/","og_locale":"ru_RU","og_type":"article","og_title":"[:pl] Kontakt - Plantacja lawendy w Polsce - Lavendel Natur Haus[:]","og_description":"{:pl}Lavendel Natur Haus. Odwied\u017a nasz\u0105 plantacj\u0119 lawendy w Polsce, a tak\u017ce sprawd\u017a ofert\u0119 naszego sklepu internetowego z kosmetykami lawendowymi!{:}","og_url":"https:\/\/lavendelnaturhaus.com\/kontakt\/","og_site_name":"Lavendel NaturHaus - plantacja lawendy \u2022 sklep internetowy z kosmetykami z lawendy","article_modified_time":"2024-08-04T07:58:27+00:00","twitter_card":"summary_large_image","twitter_misc":{"\u041f\u0440\u0438\u043c\u0435\u0440\u043d\u043e\u0435 \u0432\u0440\u0435\u043c\u044f \u0434\u043b\u044f \u0447\u0442\u0435\u043d\u0438\u044f":"1 \u043c\u0438\u043d\u0443\u0442\u0430"},"schema":{"@context":"https:\/\/schema.org","@graph":[{"@type":"WebPage","@id":"https:\/\/lavendelnaturhaus.com\/kontakt\/","url":"https:\/\/lavendelnaturhaus.com\/kontakt\/","name":"[:pl] Kontakt - Plantacja lawendy w Polsce - Lavendel Natur Haus[:]","isPartOf":{"@id":"https:\/\/lavendelnaturhaus.com\/#website"},"datePublished":"2017-10-17T08:10:18+00:00","dateModified":"2024-08-04T07:58:27+00:00","description":"{:pl}Lavendel Natur Haus. Odwied\u017a nasz\u0105 plantacj\u0119 lawendy w Polsce, a tak\u017ce sprawd\u017a ofert\u0119 naszego sklepu internetowego z kosmetykami lawendowymi!{:}","breadcrumb":{"@id":"https:\/\/lavendelnaturhaus.com\/kontakt\/#breadcrumb"},"inLanguage":"ru-RU","potentialAction":[{"@type":"ReadAction","target":["https:\/\/lavendelnaturhaus.com\/kontakt\/"]}]},{"@type":"BreadcrumbList","@id":"https:\/\/lavendelnaturhaus.com\/kontakt\/#breadcrumb","itemListElement":[{"@type":"ListItem","position":1,"name":"Strona g\u0142\u00f3wna","item":"https:\/\/lavendelnaturhaus.com\/"},{"@type":"ListItem","position":2,"name":"Kontakt"}]},{"@type":"WebSite","@id":"https:\/\/lavendelnaturhaus.com\/#website","url":"https:\/\/lavendelnaturhaus.com\/","name":"Lavendel NaturHaus - plantacja lawendy \u2022 sklep internetowy z kosmetykami z lawendy","description":"Zapraszamy do zapoznania si\u0119 z ofert\u0105 sklepu online, a tak\u017ce zach\u0119camy do odwiedzenia naszej plantacji lawendy.","potentialAction":[{"@type":"SearchAction","target":{"@type":"EntryPoint","urlTemplate":"https:\/\/lavendelnaturhaus.com\/?s={search_term_string}"},"query-input":"required name=search_term_string"}],"inLanguage":"ru-RU"}]}},"_links":{"self":[{"href":"https:\/\/lavendelnaturhaus.com\/ru\/wp-json\/wp\/v2\/pages\/163"}],"collection":[{"href":"https:\/\/lavendelnaturhaus.com\/ru\/wp-json\/wp\/v2\/pages"}],"about":[{"href":"https:\/\/lavendelnaturhaus.com\/ru\/wp-json\/wp\/v2\/types\/page"}],"author":[{"embeddable":true,"href":"https:\/\/lavendelnaturhaus.com\/ru\/wp-json\/wp\/v2\/users\/1"}],"replies":[{"embeddable":true,"href":"https:\/\/lavendelnaturhaus.com\/ru\/wp-json\/wp\/v2\/comments?post=163"}],"version-history":[{"count":19,"href":"https:\/\/lavendelnaturhaus.com\/ru\/wp-json\/wp\/v2\/pages\/163\/revisions"}],"predecessor-version":[{"id":4267,"href":"https:\/\/lavendelnaturhaus.com\/ru\/wp-json\/wp\/v2\/pages\/163\/revisions\/4267"}],"wp:attachment":[{"href":"https:\/\/lavendelnaturhaus.com\/ru\/wp-json\/wp\/v2\/media?parent=163"}],"curies":[{"name":"wp","href":"https:\/\/api.w.org\/{rel}","templated":true}]}}