{"id":817,"date":"2019-01-27T13:41:43","date_gmt":"2019-01-27T12:41:43","guid":{"rendered":"https:\/\/lavendelnaturhaus.com\/?post_type=product&#038;p=817"},"modified":"2021-08-07T21:23:33","modified_gmt":"2021-08-07T19:23:33","slug":"duza-kostka-zapachowa-lawenda","status":"publish","type":"product","link":"https:\/\/lavendelnaturhaus.com\/en\/product\/duza-kostka-zapachowa-lawenda\/","title":{"rendered":"du\u017ca kostka  zapachowa &#8211; lawenda"},"content":{"rendered":"<p class=\"qtranxs-available-languages-message qtranxs-available-languages-message-en\">Sorry, this entry is only available in <a href=\"https:\/\/lavendelnaturhaus.com\/pl\/wp-json\/wp\/v2\/product\/817\" class=\"qtranxs-available-language-link qtranxs-available-language-link-pl\" title=\"Polski\">Polish<\/a>.<\/p>","protected":false},"excerpt":{"rendered":"<p>Sorry, this entry is only available in Polish.<\/p>\n","protected":false},"featured_media":818,"comment_status":"open","ping_status":"closed","template":"","meta":[],"product_cat":[18,9],"product_tag":[],"yoast_head":"<!-- This site is optimized with the Yoast SEO plugin v21.5 - https:\/\/yoast.com\/wordpress\/plugins\/seo\/ -->\n<title>du\u017ca kostka zapachowa - lawenda - Lavendel NaturHaus - plantacja lawendy \u2022 sklep internetowy z kosmetykami z lawendy<\/title>\n<meta name=\"description\" content=\"1 du\u017ca kostka zapachowa 5 cm x 5 cm . Zapach lawendy zamkni\u0119ty w wosku sojowym. Ekologiczny, naturalny. Pomys\u0142 na zapach do szafy, komody, szuflady\u2026\" \/>\n<meta name=\"robots\" content=\"index, follow, max-snippet:-1, max-image-preview:large, max-video-preview:-1\" \/>\n<link rel=\"canonical\" href=\"https:\/\/lavendelnaturhaus.com\/product\/duza-kostka-zapachowa-lawenda\/\" \/>\n<meta property=\"og:locale\" content=\"en_US\" \/>\n<meta property=\"og:type\" content=\"article\" \/>\n<meta property=\"og:title\" content=\"du\u017ca kostka zapachowa - lawenda - Lavendel NaturHaus - plantacja lawendy \u2022 sklep internetowy z kosmetykami z lawendy\" \/>\n<meta property=\"og:description\" content=\"1 du\u017ca kostka zapachowa 5 cm x 5 cm . Zapach lawendy zamkni\u0119ty w wosku sojowym. Ekologiczny, naturalny. Pomys\u0142 na zapach do szafy, komody, szuflady\u2026\" \/>\n<meta property=\"og:url\" content=\"https:\/\/lavendelnaturhaus.com\/product\/duza-kostka-zapachowa-lawenda\/\" \/>\n<meta property=\"og:site_name\" content=\"Lavendel NaturHaus - plantacja lawendy \u2022 sklep internetowy z kosmetykami z lawendy\" \/>\n<meta property=\"article:modified_time\" content=\"2021-08-07T19:23:33+00:00\" \/>\n<meta property=\"og:image\" content=\"https:\/\/lavendelnaturhaus.com\/wp-content\/uploads\/2019\/01\/5-2-scaled.jpg\" \/>\n\t<meta property=\"og:image:width\" content=\"1952\" \/>\n\t<meta property=\"og:image:height\" content=\"3224\" \/>\n\t<meta property=\"og:image:type\" content=\"image\/jpeg\" \/>\n<meta name=\"twitter:card\" content=\"summary_large_image\" \/>\n<meta name=\"twitter:label1\" content=\"Est. reading time\" \/>\n\t<meta name=\"twitter:data1\" content=\"1 minute\" \/>\n<script type=\"application\/ld+json\" class=\"yoast-schema-graph\">{\"@context\":\"https:\/\/schema.org\",\"@graph\":[{\"@type\":\"WebPage\",\"@id\":\"https:\/\/lavendelnaturhaus.com\/product\/duza-kostka-zapachowa-lawenda\/\",\"url\":\"https:\/\/lavendelnaturhaus.com\/product\/duza-kostka-zapachowa-lawenda\/\",\"name\":\"du\u017ca kostka zapachowa - lawenda - Lavendel NaturHaus - plantacja lawendy \u2022 sklep internetowy z kosmetykami z lawendy\",\"isPartOf\":{\"@id\":\"https:\/\/lavendelnaturhaus.com\/#website\"},\"datePublished\":\"2019-01-27T12:41:43+00:00\",\"dateModified\":\"2021-08-07T19:23:33+00:00\",\"description\":\"1 du\u017ca kostka zapachowa 5 cm x 5 cm . Zapach lawendy zamkni\u0119ty w wosku sojowym. Ekologiczny, naturalny. Pomys\u0142 na zapach do szafy, komody, szuflady\u2026\",\"breadcrumb\":{\"@id\":\"https:\/\/lavendelnaturhaus.com\/product\/duza-kostka-zapachowa-lawenda\/#breadcrumb\"},\"inLanguage\":\"en-US\",\"potentialAction\":[{\"@type\":\"ReadAction\",\"target\":[\"https:\/\/lavendelnaturhaus.com\/product\/duza-kostka-zapachowa-lawenda\/\"]}]},{\"@type\":\"BreadcrumbList\",\"@id\":\"https:\/\/lavendelnaturhaus.com\/product\/duza-kostka-zapachowa-lawenda\/#breadcrumb\",\"itemListElement\":[{\"@type\":\"ListItem\",\"position\":1,\"name\":\"Strona g\u0142\u00f3wna\",\"item\":\"https:\/\/lavendelnaturhaus.com\/\"},{\"@type\":\"ListItem\",\"position\":2,\"name\":\"du\u017ca kostka zapachowa &#8211; lawenda\"}]},{\"@type\":\"WebSite\",\"@id\":\"https:\/\/lavendelnaturhaus.com\/#website\",\"url\":\"https:\/\/lavendelnaturhaus.com\/\",\"name\":\"Lavendel NaturHaus - plantacja lawendy \u2022 sklep internetowy z kosmetykami z lawendy\",\"description\":\"Zapraszamy do zapoznania si\u0119 z ofert\u0105 sklepu online, a tak\u017ce zach\u0119camy do odwiedzenia naszej plantacji lawendy.\",\"potentialAction\":[{\"@type\":\"SearchAction\",\"target\":{\"@type\":\"EntryPoint\",\"urlTemplate\":\"https:\/\/lavendelnaturhaus.com\/?s={search_term_string}\"},\"query-input\":\"required name=search_term_string\"}],\"inLanguage\":\"en-US\"}]}<\/script>\n<!-- \/ Yoast SEO plugin. -->","yoast_head_json":{"title":"du\u017ca kostka zapachowa - lawenda - Lavendel NaturHaus - plantacja lawendy \u2022 sklep internetowy z kosmetykami z lawendy","description":"1 du\u017ca kostka zapachowa 5 cm x 5 cm . Zapach lawendy zamkni\u0119ty w wosku sojowym. Ekologiczny, naturalny. Pomys\u0142 na zapach do szafy, komody, szuflady\u2026","robots":{"index":"index","follow":"follow","max-snippet":"max-snippet:-1","max-image-preview":"max-image-preview:large","max-video-preview":"max-video-preview:-1"},"canonical":"https:\/\/lavendelnaturhaus.com\/product\/duza-kostka-zapachowa-lawenda\/","og_locale":"en_US","og_type":"article","og_title":"du\u017ca kostka zapachowa - lawenda - Lavendel NaturHaus - plantacja lawendy \u2022 sklep internetowy z kosmetykami z lawendy","og_description":"1 du\u017ca kostka zapachowa 5 cm x 5 cm . Zapach lawendy zamkni\u0119ty w wosku sojowym. Ekologiczny, naturalny. Pomys\u0142 na zapach do szafy, komody, szuflady\u2026","og_url":"https:\/\/lavendelnaturhaus.com\/product\/duza-kostka-zapachowa-lawenda\/","og_site_name":"Lavendel NaturHaus - plantacja lawendy \u2022 sklep internetowy z kosmetykami z lawendy","article_modified_time":"2021-08-07T19:23:33+00:00","og_image":[{"width":1952,"height":3224,"url":"https:\/\/lavendelnaturhaus.com\/wp-content\/uploads\/2019\/01\/5-2-scaled.jpg","type":"image\/jpeg"}],"twitter_card":"summary_large_image","twitter_misc":{"Est. reading time":"1 minute"},"schema":{"@context":"https:\/\/schema.org","@graph":[{"@type":"WebPage","@id":"https:\/\/lavendelnaturhaus.com\/product\/duza-kostka-zapachowa-lawenda\/","url":"https:\/\/lavendelnaturhaus.com\/product\/duza-kostka-zapachowa-lawenda\/","name":"du\u017ca kostka zapachowa - lawenda - Lavendel NaturHaus - plantacja lawendy \u2022 sklep internetowy z kosmetykami z lawendy","isPartOf":{"@id":"https:\/\/lavendelnaturhaus.com\/#website"},"datePublished":"2019-01-27T12:41:43+00:00","dateModified":"2021-08-07T19:23:33+00:00","description":"1 du\u017ca kostka zapachowa 5 cm x 5 cm . Zapach lawendy zamkni\u0119ty w wosku sojowym. Ekologiczny, naturalny. Pomys\u0142 na zapach do szafy, komody, szuflady\u2026","breadcrumb":{"@id":"https:\/\/lavendelnaturhaus.com\/product\/duza-kostka-zapachowa-lawenda\/#breadcrumb"},"inLanguage":"en-US","potentialAction":[{"@type":"ReadAction","target":["https:\/\/lavendelnaturhaus.com\/product\/duza-kostka-zapachowa-lawenda\/"]}]},{"@type":"BreadcrumbList","@id":"https:\/\/lavendelnaturhaus.com\/product\/duza-kostka-zapachowa-lawenda\/#breadcrumb","itemListElement":[{"@type":"ListItem","position":1,"name":"Strona g\u0142\u00f3wna","item":"https:\/\/lavendelnaturhaus.com\/"},{"@type":"ListItem","position":2,"name":"du\u017ca kostka zapachowa &#8211; lawenda"}]},{"@type":"WebSite","@id":"https:\/\/lavendelnaturhaus.com\/#website","url":"https:\/\/lavendelnaturhaus.com\/","name":"Lavendel NaturHaus - plantacja lawendy \u2022 sklep internetowy z kosmetykami z lawendy","description":"Zapraszamy do zapoznania si\u0119 z ofert\u0105 sklepu online, a tak\u017ce zach\u0119camy do odwiedzenia naszej plantacji lawendy.","potentialAction":[{"@type":"SearchAction","target":{"@type":"EntryPoint","urlTemplate":"https:\/\/lavendelnaturhaus.com\/?s={search_term_string}"},"query-input":"required name=search_term_string"}],"inLanguage":"en-US"}]}},"_links":{"self":[{"href":"https:\/\/lavendelnaturhaus.com\/en\/wp-json\/wp\/v2\/product\/817"}],"collection":[{"href":"https:\/\/lavendelnaturhaus.com\/en\/wp-json\/wp\/v2\/product"}],"about":[{"href":"https:\/\/lavendelnaturhaus.com\/en\/wp-json\/wp\/v2\/types\/product"}],"replies":[{"embeddable":true,"href":"https:\/\/lavendelnaturhaus.com\/en\/wp-json\/wp\/v2\/comments?post=817"}],"wp:featuredmedia":[{"embeddable":true,"href":"https:\/\/lavendelnaturhaus.com\/en\/wp-json\/wp\/v2\/media\/818"}],"wp:attachment":[{"href":"https:\/\/lavendelnaturhaus.com\/en\/wp-json\/wp\/v2\/media?parent=817"}],"wp:term":[{"taxonomy":"product_cat","embeddable":true,"href":"https:\/\/lavendelnaturhaus.com\/en\/wp-json\/wp\/v2\/product_cat?post=817"},{"taxonomy":"product_tag","embeddable":true,"href":"https:\/\/lavendelnaturhaus.com\/en\/wp-json\/wp\/v2\/product_tag?post=817"}],"curies":[{"name":"wp","href":"https:\/\/api.w.org\/{rel}","templated":true}]}}