{"id":638,"date":"2018-12-12T14:07:54","date_gmt":"2018-12-12T13:07:54","guid":{"rendered":"https:\/\/lavendelnaturhaus.com\/?post_type=product&#038;p=638"},"modified":"2023-12-13T11:39:21","modified_gmt":"2023-12-13T10:39:21","slug":"woreczek-lawendowy-haft-lawenda","status":"publish","type":"product","link":"https:\/\/lavendelnaturhaus.com\/en\/product\/woreczek-lawendowy-haft-lawenda\/","title":{"rendered":"woreczek lawendowy &#8211; lawenda haft"},"content":{"rendered":"<p class=\"qtranxs-available-languages-message qtranxs-available-languages-message-en\">Sorry, this entry is only available in <a href=\"https:\/\/lavendelnaturhaus.com\/pl\/wp-json\/wp\/v2\/product\/638\" class=\"qtranxs-available-language-link qtranxs-available-language-link-pl\" title=\"Polski\">Polish<\/a>.<\/p>","protected":false},"excerpt":{"rendered":"<p>Sorry, this entry is only available in Polish.<\/p>\n","protected":false},"featured_media":639,"comment_status":"open","ping_status":"closed","template":"","meta":[],"product_cat":[128,114,9,12,63],"product_tag":[],"yoast_head":"<!-- This site is optimized with the Yoast SEO plugin v21.5 - https:\/\/yoast.com\/wordpress\/plugins\/seo\/ -->\n<title>woreczek lawendowy - lawenda haft - Lavendel NaturHaus - plantacja lawendy \u2022 sklep internetowy z kosmetykami z lawendy<\/title>\n<meta name=\"description\" content=\"Du\u017cy woreczek uszyty z bia\u0142ego p\u0142\u00f3tna, ozdobione pi\u0119knym haftem. Woreczki wype\u0142nione s\u0105 lawend\u0105 z naszej ekologicznej plantacji. Elegancki\" \/>\n<meta name=\"robots\" content=\"index, follow, max-snippet:-1, max-image-preview:large, max-video-preview:-1\" \/>\n<link rel=\"canonical\" href=\"https:\/\/lavendelnaturhaus.com\/product\/woreczek-lawendowy-haft-lawenda\/\" \/>\n<meta property=\"og:locale\" content=\"en_US\" \/>\n<meta property=\"og:type\" content=\"article\" \/>\n<meta property=\"og:title\" content=\"woreczek lawendowy - lawenda haft - Lavendel NaturHaus - plantacja lawendy \u2022 sklep internetowy z kosmetykami z lawendy\" \/>\n<meta property=\"og:description\" content=\"{:pl}Du\u017cy woreczek uszyty z bia\u0142ego p\u0142\u00f3tna, ozdobione pi\u0119knym haftem. Woreczki wype\u0142nione s\u0105 lawend\u0105 z naszej ekologicznej plantacji. Elegancki {:}\" \/>\n<meta property=\"og:url\" content=\"https:\/\/lavendelnaturhaus.com\/product\/woreczek-lawendowy-haft-lawenda\/\" \/>\n<meta property=\"og:site_name\" content=\"Lavendel NaturHaus - plantacja lawendy \u2022 sklep internetowy z kosmetykami z lawendy\" \/>\n<meta property=\"article:modified_time\" content=\"2023-12-13T10:39:21+00:00\" \/>\n<meta property=\"og:image\" content=\"https:\/\/lavendelnaturhaus.com\/wp-content\/uploads\/2018\/12\/18.jpg\" \/>\n\t<meta property=\"og:image:width\" content=\"1952\" \/>\n\t<meta property=\"og:image:height\" content=\"3230\" \/>\n\t<meta property=\"og:image:type\" content=\"image\/jpeg\" \/>\n<meta name=\"twitter:card\" content=\"summary_large_image\" \/>\n<meta name=\"twitter:label1\" content=\"Est. reading time\" \/>\n\t<meta name=\"twitter:data1\" content=\"1 minute\" \/>\n<script type=\"application\/ld+json\" class=\"yoast-schema-graph\">{\"@context\":\"https:\/\/schema.org\",\"@graph\":[{\"@type\":\"WebPage\",\"@id\":\"https:\/\/lavendelnaturhaus.com\/product\/woreczek-lawendowy-haft-lawenda\/\",\"url\":\"https:\/\/lavendelnaturhaus.com\/product\/woreczek-lawendowy-haft-lawenda\/\",\"name\":\"woreczek lawendowy - lawenda haft - Lavendel NaturHaus - plantacja lawendy \u2022 sklep internetowy z kosmetykami z lawendy\",\"isPartOf\":{\"@id\":\"https:\/\/lavendelnaturhaus.com\/#website\"},\"datePublished\":\"2018-12-12T13:07:54+00:00\",\"dateModified\":\"2023-12-13T10:39:21+00:00\",\"description\":\"{:pl}Du\u017cy woreczek uszyty z bia\u0142ego p\u0142\u00f3tna, ozdobione pi\u0119knym haftem. Woreczki wype\u0142nione s\u0105 lawend\u0105 z naszej ekologicznej plantacji. Elegancki {:}\",\"breadcrumb\":{\"@id\":\"https:\/\/lavendelnaturhaus.com\/product\/woreczek-lawendowy-haft-lawenda\/#breadcrumb\"},\"inLanguage\":\"en-US\",\"potentialAction\":[{\"@type\":\"ReadAction\",\"target\":[\"https:\/\/lavendelnaturhaus.com\/product\/woreczek-lawendowy-haft-lawenda\/\"]}]},{\"@type\":\"BreadcrumbList\",\"@id\":\"https:\/\/lavendelnaturhaus.com\/product\/woreczek-lawendowy-haft-lawenda\/#breadcrumb\",\"itemListElement\":[{\"@type\":\"ListItem\",\"position\":1,\"name\":\"Strona g\u0142\u00f3wna\",\"item\":\"https:\/\/lavendelnaturhaus.com\/\"},{\"@type\":\"ListItem\",\"position\":2,\"name\":\"woreczek lawendowy &#8211; lawenda haft\"}]},{\"@type\":\"WebSite\",\"@id\":\"https:\/\/lavendelnaturhaus.com\/#website\",\"url\":\"https:\/\/lavendelnaturhaus.com\/\",\"name\":\"Lavendel NaturHaus - plantacja lawendy \u2022 sklep internetowy z kosmetykami z lawendy\",\"description\":\"Zapraszamy do zapoznania si\u0119 z ofert\u0105 sklepu online, a tak\u017ce zach\u0119camy do odwiedzenia naszej plantacji lawendy.\",\"potentialAction\":[{\"@type\":\"SearchAction\",\"target\":{\"@type\":\"EntryPoint\",\"urlTemplate\":\"https:\/\/lavendelnaturhaus.com\/?s={search_term_string}\"},\"query-input\":\"required name=search_term_string\"}],\"inLanguage\":\"en-US\"}]}<\/script>\n<!-- \/ Yoast SEO plugin. -->","yoast_head_json":{"title":"woreczek lawendowy - lawenda haft - Lavendel NaturHaus - plantacja lawendy \u2022 sklep internetowy z kosmetykami z lawendy","description":"Du\u017cy woreczek uszyty z bia\u0142ego p\u0142\u00f3tna, ozdobione pi\u0119knym haftem. Woreczki wype\u0142nione s\u0105 lawend\u0105 z naszej ekologicznej plantacji. Elegancki","robots":{"index":"index","follow":"follow","max-snippet":"max-snippet:-1","max-image-preview":"max-image-preview:large","max-video-preview":"max-video-preview:-1"},"canonical":"https:\/\/lavendelnaturhaus.com\/product\/woreczek-lawendowy-haft-lawenda\/","og_locale":"en_US","og_type":"article","og_title":"woreczek lawendowy - lawenda haft - Lavendel NaturHaus - plantacja lawendy \u2022 sklep internetowy z kosmetykami z lawendy","og_description":"{:pl}Du\u017cy woreczek uszyty z bia\u0142ego p\u0142\u00f3tna, ozdobione pi\u0119knym haftem. Woreczki wype\u0142nione s\u0105 lawend\u0105 z naszej ekologicznej plantacji. Elegancki {:}","og_url":"https:\/\/lavendelnaturhaus.com\/product\/woreczek-lawendowy-haft-lawenda\/","og_site_name":"Lavendel NaturHaus - plantacja lawendy \u2022 sklep internetowy z kosmetykami z lawendy","article_modified_time":"2023-12-13T10:39:21+00:00","og_image":[{"width":1952,"height":3230,"url":"https:\/\/lavendelnaturhaus.com\/wp-content\/uploads\/2018\/12\/18.jpg","type":"image\/jpeg"}],"twitter_card":"summary_large_image","twitter_misc":{"Est. reading time":"1 minute"},"schema":{"@context":"https:\/\/schema.org","@graph":[{"@type":"WebPage","@id":"https:\/\/lavendelnaturhaus.com\/product\/woreczek-lawendowy-haft-lawenda\/","url":"https:\/\/lavendelnaturhaus.com\/product\/woreczek-lawendowy-haft-lawenda\/","name":"woreczek lawendowy - lawenda haft - Lavendel NaturHaus - plantacja lawendy \u2022 sklep internetowy z kosmetykami z lawendy","isPartOf":{"@id":"https:\/\/lavendelnaturhaus.com\/#website"},"datePublished":"2018-12-12T13:07:54+00:00","dateModified":"2023-12-13T10:39:21+00:00","description":"{:pl}Du\u017cy woreczek uszyty z bia\u0142ego p\u0142\u00f3tna, ozdobione pi\u0119knym haftem. Woreczki wype\u0142nione s\u0105 lawend\u0105 z naszej ekologicznej plantacji. Elegancki {:}","breadcrumb":{"@id":"https:\/\/lavendelnaturhaus.com\/product\/woreczek-lawendowy-haft-lawenda\/#breadcrumb"},"inLanguage":"en-US","potentialAction":[{"@type":"ReadAction","target":["https:\/\/lavendelnaturhaus.com\/product\/woreczek-lawendowy-haft-lawenda\/"]}]},{"@type":"BreadcrumbList","@id":"https:\/\/lavendelnaturhaus.com\/product\/woreczek-lawendowy-haft-lawenda\/#breadcrumb","itemListElement":[{"@type":"ListItem","position":1,"name":"Strona g\u0142\u00f3wna","item":"https:\/\/lavendelnaturhaus.com\/"},{"@type":"ListItem","position":2,"name":"woreczek lawendowy &#8211; lawenda haft"}]},{"@type":"WebSite","@id":"https:\/\/lavendelnaturhaus.com\/#website","url":"https:\/\/lavendelnaturhaus.com\/","name":"Lavendel NaturHaus - plantacja lawendy \u2022 sklep internetowy z kosmetykami z lawendy","description":"Zapraszamy do zapoznania si\u0119 z ofert\u0105 sklepu online, a tak\u017ce zach\u0119camy do odwiedzenia naszej plantacji lawendy.","potentialAction":[{"@type":"SearchAction","target":{"@type":"EntryPoint","urlTemplate":"https:\/\/lavendelnaturhaus.com\/?s={search_term_string}"},"query-input":"required name=search_term_string"}],"inLanguage":"en-US"}]}},"_links":{"self":[{"href":"https:\/\/lavendelnaturhaus.com\/en\/wp-json\/wp\/v2\/product\/638"}],"collection":[{"href":"https:\/\/lavendelnaturhaus.com\/en\/wp-json\/wp\/v2\/product"}],"about":[{"href":"https:\/\/lavendelnaturhaus.com\/en\/wp-json\/wp\/v2\/types\/product"}],"replies":[{"embeddable":true,"href":"https:\/\/lavendelnaturhaus.com\/en\/wp-json\/wp\/v2\/comments?post=638"}],"wp:featuredmedia":[{"embeddable":true,"href":"https:\/\/lavendelnaturhaus.com\/en\/wp-json\/wp\/v2\/media\/639"}],"wp:attachment":[{"href":"https:\/\/lavendelnaturhaus.com\/en\/wp-json\/wp\/v2\/media?parent=638"}],"wp:term":[{"taxonomy":"product_cat","embeddable":true,"href":"https:\/\/lavendelnaturhaus.com\/en\/wp-json\/wp\/v2\/product_cat?post=638"},{"taxonomy":"product_tag","embeddable":true,"href":"https:\/\/lavendelnaturhaus.com\/en\/wp-json\/wp\/v2\/product_tag?post=638"}],"curies":[{"name":"wp","href":"https:\/\/api.w.org\/{rel}","templated":true}]}}