{"id":549,"date":"2018-10-10T14:52:29","date_gmt":"2018-10-10T12:52:29","guid":{"rendered":"https:\/\/lavendelnaturhaus.com\/?post_type=product&#038;p=549"},"modified":"2025-08-11T04:59:48","modified_gmt":"2025-08-11T02:59:48","slug":"lawendowe-kostki-masazu-serca-4-szt","status":"publish","type":"product","link":"https:\/\/lavendelnaturhaus.com\/en\/product\/lawendowe-kostki-masazu-serca-4-szt\/","title":{"rendered":"lawendowe kostki do masa\u017cu &#8211; serca 4 szt."},"content":{"rendered":"<p class=\"qtranxs-available-languages-message qtranxs-available-languages-message-en\">Sorry, this entry is only available in <a href=\"https:\/\/lavendelnaturhaus.com\/pl\/wp-json\/wp\/v2\/product\/549\" class=\"qtranxs-available-language-link qtranxs-available-language-link-pl\" title=\"Polski\">Polish<\/a>.<\/p>","protected":false},"excerpt":{"rendered":"<p>Sorry, this entry is only available in Polish.<\/p>\n","protected":false},"featured_media":551,"comment_status":"open","ping_status":"closed","template":"","meta":[],"product_cat":[18,9],"product_tag":[],"yoast_head":"<!-- This site is optimized with the Yoast SEO plugin v21.5 - https:\/\/yoast.com\/wordpress\/plugins\/seo\/ -->\n<title>lawendowe kostki do masa\u017cu - serca 4 szt. - Lavendel NaturHaus - plantacja lawendy \u2022 sklep internetowy z kosmetykami z lawendy<\/title>\n<meta name=\"description\" content=\"Serce do masa\u017cu wype\u0142niona po brzegi mas\u0142em kakaowym po\u0142\u0105czone z olejem makadamia i olejkiem arganowym g\u0142\u0119boko nawil\u017cy i od\u017cywi sk\u00f3r\u0119!\" \/>\n<meta name=\"robots\" content=\"index, follow, max-snippet:-1, max-image-preview:large, max-video-preview:-1\" \/>\n<link rel=\"canonical\" href=\"https:\/\/lavendelnaturhaus.com\/product\/lawendowe-kostki-masazu-serca-4-szt\/\" \/>\n<meta property=\"og:locale\" content=\"en_US\" \/>\n<meta property=\"og:type\" content=\"article\" \/>\n<meta property=\"og:title\" content=\"lawendowe kostki do masa\u017cu - serca 4 szt. - Lavendel NaturHaus - plantacja lawendy \u2022 sklep internetowy z kosmetykami z lawendy\" \/>\n<meta property=\"og:description\" content=\"{:pl}Serce do masa\u017cu wype\u0142niona po brzegi mas\u0142em kakaowym po\u0142\u0105czone z olejem makadamia i olejkiem arganowym g\u0142\u0119boko nawil\u017cy i od\u017cywi sk\u00f3r\u0119! {:}\" \/>\n<meta property=\"og:url\" content=\"https:\/\/lavendelnaturhaus.com\/product\/lawendowe-kostki-masazu-serca-4-szt\/\" \/>\n<meta property=\"og:site_name\" content=\"Lavendel NaturHaus - plantacja lawendy \u2022 sklep internetowy z kosmetykami z lawendy\" \/>\n<meta property=\"article:modified_time\" content=\"2025-08-11T02:59:48+00:00\" \/>\n<meta property=\"og:image\" content=\"https:\/\/lavendelnaturhaus.com\/wp-content\/uploads\/2018\/10\/10-1.jpg\" \/>\n\t<meta property=\"og:image:width\" content=\"3325\" \/>\n\t<meta property=\"og:image:height\" content=\"1807\" \/>\n\t<meta property=\"og:image:type\" content=\"image\/jpeg\" \/>\n<meta name=\"twitter:card\" content=\"summary_large_image\" \/>\n<meta name=\"twitter:label1\" content=\"Est. reading time\" \/>\n\t<meta name=\"twitter:data1\" content=\"1 minute\" \/>\n<script type=\"application\/ld+json\" class=\"yoast-schema-graph\">{\"@context\":\"https:\/\/schema.org\",\"@graph\":[{\"@type\":\"WebPage\",\"@id\":\"https:\/\/lavendelnaturhaus.com\/product\/lawendowe-kostki-masazu-serca-4-szt\/\",\"url\":\"https:\/\/lavendelnaturhaus.com\/product\/lawendowe-kostki-masazu-serca-4-szt\/\",\"name\":\"lawendowe kostki do masa\u017cu - serca 4 szt. - Lavendel NaturHaus - plantacja lawendy \u2022 sklep internetowy z kosmetykami z lawendy\",\"isPartOf\":{\"@id\":\"https:\/\/lavendelnaturhaus.com\/#website\"},\"datePublished\":\"2018-10-10T12:52:29+00:00\",\"dateModified\":\"2025-08-11T02:59:48+00:00\",\"description\":\"{:pl}Serce do masa\u017cu wype\u0142niona po brzegi mas\u0142em kakaowym po\u0142\u0105czone z olejem makadamia i olejkiem arganowym g\u0142\u0119boko nawil\u017cy i od\u017cywi sk\u00f3r\u0119! {:}\",\"breadcrumb\":{\"@id\":\"https:\/\/lavendelnaturhaus.com\/product\/lawendowe-kostki-masazu-serca-4-szt\/#breadcrumb\"},\"inLanguage\":\"en-US\",\"potentialAction\":[{\"@type\":\"ReadAction\",\"target\":[\"https:\/\/lavendelnaturhaus.com\/product\/lawendowe-kostki-masazu-serca-4-szt\/\"]}]},{\"@type\":\"BreadcrumbList\",\"@id\":\"https:\/\/lavendelnaturhaus.com\/product\/lawendowe-kostki-masazu-serca-4-szt\/#breadcrumb\",\"itemListElement\":[{\"@type\":\"ListItem\",\"position\":1,\"name\":\"Strona g\u0142\u00f3wna\",\"item\":\"https:\/\/lavendelnaturhaus.com\/\"},{\"@type\":\"ListItem\",\"position\":2,\"name\":\"lawendowe kostki do masa\u017cu &#8211; serca 4 szt.\"}]},{\"@type\":\"WebSite\",\"@id\":\"https:\/\/lavendelnaturhaus.com\/#website\",\"url\":\"https:\/\/lavendelnaturhaus.com\/\",\"name\":\"Lavendel NaturHaus - plantacja lawendy \u2022 sklep internetowy z kosmetykami z lawendy\",\"description\":\"Zapraszamy do zapoznania si\u0119 z ofert\u0105 sklepu online, a tak\u017ce zach\u0119camy do odwiedzenia naszej plantacji lawendy.\",\"potentialAction\":[{\"@type\":\"SearchAction\",\"target\":{\"@type\":\"EntryPoint\",\"urlTemplate\":\"https:\/\/lavendelnaturhaus.com\/?s={search_term_string}\"},\"query-input\":\"required name=search_term_string\"}],\"inLanguage\":\"en-US\"}]}<\/script>\n<!-- \/ Yoast SEO plugin. -->","yoast_head_json":{"title":"lawendowe kostki do masa\u017cu - serca 4 szt. - Lavendel NaturHaus - plantacja lawendy \u2022 sklep internetowy z kosmetykami z lawendy","description":"Serce do masa\u017cu wype\u0142niona po brzegi mas\u0142em kakaowym po\u0142\u0105czone z olejem makadamia i olejkiem arganowym g\u0142\u0119boko nawil\u017cy i od\u017cywi sk\u00f3r\u0119!","robots":{"index":"index","follow":"follow","max-snippet":"max-snippet:-1","max-image-preview":"max-image-preview:large","max-video-preview":"max-video-preview:-1"},"canonical":"https:\/\/lavendelnaturhaus.com\/product\/lawendowe-kostki-masazu-serca-4-szt\/","og_locale":"en_US","og_type":"article","og_title":"lawendowe kostki do masa\u017cu - serca 4 szt. - Lavendel NaturHaus - plantacja lawendy \u2022 sklep internetowy z kosmetykami z lawendy","og_description":"{:pl}Serce do masa\u017cu wype\u0142niona po brzegi mas\u0142em kakaowym po\u0142\u0105czone z olejem makadamia i olejkiem arganowym g\u0142\u0119boko nawil\u017cy i od\u017cywi sk\u00f3r\u0119! {:}","og_url":"https:\/\/lavendelnaturhaus.com\/product\/lawendowe-kostki-masazu-serca-4-szt\/","og_site_name":"Lavendel NaturHaus - plantacja lawendy \u2022 sklep internetowy z kosmetykami z lawendy","article_modified_time":"2025-08-11T02:59:48+00:00","og_image":[{"width":3325,"height":1807,"url":"https:\/\/lavendelnaturhaus.com\/wp-content\/uploads\/2018\/10\/10-1.jpg","type":"image\/jpeg"}],"twitter_card":"summary_large_image","twitter_misc":{"Est. reading time":"1 minute"},"schema":{"@context":"https:\/\/schema.org","@graph":[{"@type":"WebPage","@id":"https:\/\/lavendelnaturhaus.com\/product\/lawendowe-kostki-masazu-serca-4-szt\/","url":"https:\/\/lavendelnaturhaus.com\/product\/lawendowe-kostki-masazu-serca-4-szt\/","name":"lawendowe kostki do masa\u017cu - serca 4 szt. - Lavendel NaturHaus - plantacja lawendy \u2022 sklep internetowy z kosmetykami z lawendy","isPartOf":{"@id":"https:\/\/lavendelnaturhaus.com\/#website"},"datePublished":"2018-10-10T12:52:29+00:00","dateModified":"2025-08-11T02:59:48+00:00","description":"{:pl}Serce do masa\u017cu wype\u0142niona po brzegi mas\u0142em kakaowym po\u0142\u0105czone z olejem makadamia i olejkiem arganowym g\u0142\u0119boko nawil\u017cy i od\u017cywi sk\u00f3r\u0119! {:}","breadcrumb":{"@id":"https:\/\/lavendelnaturhaus.com\/product\/lawendowe-kostki-masazu-serca-4-szt\/#breadcrumb"},"inLanguage":"en-US","potentialAction":[{"@type":"ReadAction","target":["https:\/\/lavendelnaturhaus.com\/product\/lawendowe-kostki-masazu-serca-4-szt\/"]}]},{"@type":"BreadcrumbList","@id":"https:\/\/lavendelnaturhaus.com\/product\/lawendowe-kostki-masazu-serca-4-szt\/#breadcrumb","itemListElement":[{"@type":"ListItem","position":1,"name":"Strona g\u0142\u00f3wna","item":"https:\/\/lavendelnaturhaus.com\/"},{"@type":"ListItem","position":2,"name":"lawendowe kostki do masa\u017cu &#8211; serca 4 szt."}]},{"@type":"WebSite","@id":"https:\/\/lavendelnaturhaus.com\/#website","url":"https:\/\/lavendelnaturhaus.com\/","name":"Lavendel NaturHaus - plantacja lawendy \u2022 sklep internetowy z kosmetykami z lawendy","description":"Zapraszamy do zapoznania si\u0119 z ofert\u0105 sklepu online, a tak\u017ce zach\u0119camy do odwiedzenia naszej plantacji lawendy.","potentialAction":[{"@type":"SearchAction","target":{"@type":"EntryPoint","urlTemplate":"https:\/\/lavendelnaturhaus.com\/?s={search_term_string}"},"query-input":"required name=search_term_string"}],"inLanguage":"en-US"}]}},"_links":{"self":[{"href":"https:\/\/lavendelnaturhaus.com\/en\/wp-json\/wp\/v2\/product\/549"}],"collection":[{"href":"https:\/\/lavendelnaturhaus.com\/en\/wp-json\/wp\/v2\/product"}],"about":[{"href":"https:\/\/lavendelnaturhaus.com\/en\/wp-json\/wp\/v2\/types\/product"}],"replies":[{"embeddable":true,"href":"https:\/\/lavendelnaturhaus.com\/en\/wp-json\/wp\/v2\/comments?post=549"}],"wp:featuredmedia":[{"embeddable":true,"href":"https:\/\/lavendelnaturhaus.com\/en\/wp-json\/wp\/v2\/media\/551"}],"wp:attachment":[{"href":"https:\/\/lavendelnaturhaus.com\/en\/wp-json\/wp\/v2\/media?parent=549"}],"wp:term":[{"taxonomy":"product_cat","embeddable":true,"href":"https:\/\/lavendelnaturhaus.com\/en\/wp-json\/wp\/v2\/product_cat?post=549"},{"taxonomy":"product_tag","embeddable":true,"href":"https:\/\/lavendelnaturhaus.com\/en\/wp-json\/wp\/v2\/product_tag?post=549"}],"curies":[{"name":"wp","href":"https:\/\/api.w.org\/{rel}","templated":true}]}}