{"id":4483,"date":"2025-08-25T19:46:09","date_gmt":"2025-08-25T17:46:09","guid":{"rendered":"https:\/\/lavendelnaturhaus.com\/?post_type=product&#038;p=4483"},"modified":"2025-08-25T19:46:42","modified_gmt":"2025-08-25T17:46:42","slug":"lawendowe-maslo-do-ciala-naturalne-nawilzajace-i-regenerujace","status":"publish","type":"product","link":"https:\/\/lavendelnaturhaus.com\/en\/product\/lawendowe-maslo-do-ciala-naturalne-nawilzajace-i-regenerujace\/","title":{"rendered":"Lawendowe mas\u0142o do cia\u0142a \u2013 naturalne, nawil\u017caj\u0105ce i regeneruj\u0105ce"},"content":{"rendered":"<p class=\"qtranxs-available-languages-message qtranxs-available-languages-message-en\">Sorry, this entry is only available in <a href=\"https:\/\/lavendelnaturhaus.com\/pl\/wp-json\/wp\/v2\/product\/4483\" class=\"qtranxs-available-language-link qtranxs-available-language-link-pl\" title=\"Polski\">Polish<\/a>.<\/p>","protected":false},"excerpt":{"rendered":"<p>Sorry, this entry is only available in Polish.<\/p>\n","protected":false},"featured_media":4484,"comment_status":"open","ping_status":"closed","template":"","meta":[],"product_cat":[103,126,26],"product_tag":[],"yoast_head":"<!-- This site is optimized with the Yoast SEO plugin v21.5 - https:\/\/yoast.com\/wordpress\/plugins\/seo\/ -->\n<title>Lawendowe mas\u0142o do cia\u0142a \u2013 naturalne, nawil\u017caj\u0105ce i regeneruj\u0105ce - Lavendel NaturHaus - plantacja lawendy \u2022 sklep internetowy z kosmetykami z lawendy<\/title>\n<meta name=\"description\" content=\"Naturalne lawendowe mas\u0142o do cia\u0142a \u2013 intensywnie nawil\u017ca, regeneruje i uj\u0119drnia sk\u00f3r\u0119. Idealne dla sk\u00f3ry suchej, wra\u017cliwej i wymagaj\u0105cej.\" \/>\n<meta name=\"robots\" content=\"index, follow, max-snippet:-1, max-image-preview:large, max-video-preview:-1\" \/>\n<link rel=\"canonical\" href=\"https:\/\/lavendelnaturhaus.com\/product\/lawendowe-maslo-do-ciala-naturalne-nawilzajace-i-regenerujace\/\" \/>\n<meta property=\"og:locale\" content=\"en_US\" \/>\n<meta property=\"og:type\" content=\"article\" \/>\n<meta property=\"og:title\" content=\"Lawendowe mas\u0142o do cia\u0142a \u2013 naturalne, nawil\u017caj\u0105ce i regeneruj\u0105ce - Lavendel NaturHaus - plantacja lawendy \u2022 sklep internetowy z kosmetykami z lawendy\" \/>\n<meta property=\"og:description\" content=\"{:pl}Naturalne lawendowe mas\u0142o do cia\u0142a \u2013 intensywnie nawil\u017ca, regeneruje i uj\u0119drnia sk\u00f3r\u0119. Idealne dla sk\u00f3ry suchej, wra\u017cliwej i wymagaj\u0105cej.{:}\" \/>\n<meta property=\"og:url\" content=\"https:\/\/lavendelnaturhaus.com\/product\/lawendowe-maslo-do-ciala-naturalne-nawilzajace-i-regenerujace\/\" \/>\n<meta property=\"og:site_name\" content=\"Lavendel NaturHaus - plantacja lawendy \u2022 sklep internetowy z kosmetykami z lawendy\" \/>\n<meta property=\"article:modified_time\" content=\"2025-08-25T17:46:42+00:00\" \/>\n<meta property=\"og:image\" content=\"https:\/\/lavendelnaturhaus.com\/wp-content\/uploads\/2025\/08\/k4YmYzPw.jpeg\" \/>\n\t<meta property=\"og:image:width\" content=\"1536\" \/>\n\t<meta property=\"og:image:height\" content=\"1667\" \/>\n\t<meta property=\"og:image:type\" content=\"image\/jpeg\" \/>\n<meta name=\"twitter:card\" content=\"summary_large_image\" \/>\n<meta name=\"twitter:label1\" content=\"Est. reading time\" \/>\n\t<meta name=\"twitter:data1\" content=\"2 minutes\" \/>\n<script type=\"application\/ld+json\" class=\"yoast-schema-graph\">{\"@context\":\"https:\/\/schema.org\",\"@graph\":[{\"@type\":\"WebPage\",\"@id\":\"https:\/\/lavendelnaturhaus.com\/product\/lawendowe-maslo-do-ciala-naturalne-nawilzajace-i-regenerujace\/\",\"url\":\"https:\/\/lavendelnaturhaus.com\/product\/lawendowe-maslo-do-ciala-naturalne-nawilzajace-i-regenerujace\/\",\"name\":\"Lawendowe mas\u0142o do cia\u0142a \u2013 naturalne, nawil\u017caj\u0105ce i regeneruj\u0105ce - Lavendel NaturHaus - plantacja lawendy \u2022 sklep internetowy z kosmetykami z lawendy\",\"isPartOf\":{\"@id\":\"https:\/\/lavendelnaturhaus.com\/#website\"},\"datePublished\":\"2025-08-25T17:46:09+00:00\",\"dateModified\":\"2025-08-25T17:46:42+00:00\",\"description\":\"{:pl}Naturalne lawendowe mas\u0142o do cia\u0142a \u2013 intensywnie nawil\u017ca, regeneruje i uj\u0119drnia sk\u00f3r\u0119. Idealne dla sk\u00f3ry suchej, wra\u017cliwej i wymagaj\u0105cej.{:}\",\"breadcrumb\":{\"@id\":\"https:\/\/lavendelnaturhaus.com\/product\/lawendowe-maslo-do-ciala-naturalne-nawilzajace-i-regenerujace\/#breadcrumb\"},\"inLanguage\":\"en-US\",\"potentialAction\":[{\"@type\":\"ReadAction\",\"target\":[\"https:\/\/lavendelnaturhaus.com\/product\/lawendowe-maslo-do-ciala-naturalne-nawilzajace-i-regenerujace\/\"]}]},{\"@type\":\"BreadcrumbList\",\"@id\":\"https:\/\/lavendelnaturhaus.com\/product\/lawendowe-maslo-do-ciala-naturalne-nawilzajace-i-regenerujace\/#breadcrumb\",\"itemListElement\":[{\"@type\":\"ListItem\",\"position\":1,\"name\":\"Strona g\u0142\u00f3wna\",\"item\":\"https:\/\/lavendelnaturhaus.com\/\"},{\"@type\":\"ListItem\",\"position\":2,\"name\":\"Lawendowe mas\u0142o do cia\u0142a \u2013 naturalne, nawil\u017caj\u0105ce i regeneruj\u0105ce\"}]},{\"@type\":\"WebSite\",\"@id\":\"https:\/\/lavendelnaturhaus.com\/#website\",\"url\":\"https:\/\/lavendelnaturhaus.com\/\",\"name\":\"Lavendel NaturHaus - plantacja lawendy \u2022 sklep internetowy z kosmetykami z lawendy\",\"description\":\"Zapraszamy do zapoznania si\u0119 z ofert\u0105 sklepu online, a tak\u017ce zach\u0119camy do odwiedzenia naszej plantacji lawendy.\",\"potentialAction\":[{\"@type\":\"SearchAction\",\"target\":{\"@type\":\"EntryPoint\",\"urlTemplate\":\"https:\/\/lavendelnaturhaus.com\/?s={search_term_string}\"},\"query-input\":\"required name=search_term_string\"}],\"inLanguage\":\"en-US\"}]}<\/script>\n<!-- \/ Yoast SEO plugin. -->","yoast_head_json":{"title":"Lawendowe mas\u0142o do cia\u0142a \u2013 naturalne, nawil\u017caj\u0105ce i regeneruj\u0105ce - Lavendel NaturHaus - plantacja lawendy \u2022 sklep internetowy z kosmetykami z lawendy","description":"Naturalne lawendowe mas\u0142o do cia\u0142a \u2013 intensywnie nawil\u017ca, regeneruje i uj\u0119drnia sk\u00f3r\u0119. Idealne dla sk\u00f3ry suchej, wra\u017cliwej i wymagaj\u0105cej.","robots":{"index":"index","follow":"follow","max-snippet":"max-snippet:-1","max-image-preview":"max-image-preview:large","max-video-preview":"max-video-preview:-1"},"canonical":"https:\/\/lavendelnaturhaus.com\/product\/lawendowe-maslo-do-ciala-naturalne-nawilzajace-i-regenerujace\/","og_locale":"en_US","og_type":"article","og_title":"Lawendowe mas\u0142o do cia\u0142a \u2013 naturalne, nawil\u017caj\u0105ce i regeneruj\u0105ce - Lavendel NaturHaus - plantacja lawendy \u2022 sklep internetowy z kosmetykami z lawendy","og_description":"{:pl}Naturalne lawendowe mas\u0142o do cia\u0142a \u2013 intensywnie nawil\u017ca, regeneruje i uj\u0119drnia sk\u00f3r\u0119. Idealne dla sk\u00f3ry suchej, wra\u017cliwej i wymagaj\u0105cej.{:}","og_url":"https:\/\/lavendelnaturhaus.com\/product\/lawendowe-maslo-do-ciala-naturalne-nawilzajace-i-regenerujace\/","og_site_name":"Lavendel NaturHaus - plantacja lawendy \u2022 sklep internetowy z kosmetykami z lawendy","article_modified_time":"2025-08-25T17:46:42+00:00","og_image":[{"width":1536,"height":1667,"url":"https:\/\/lavendelnaturhaus.com\/wp-content\/uploads\/2025\/08\/k4YmYzPw.jpeg","type":"image\/jpeg"}],"twitter_card":"summary_large_image","twitter_misc":{"Est. reading time":"2 minutes"},"schema":{"@context":"https:\/\/schema.org","@graph":[{"@type":"WebPage","@id":"https:\/\/lavendelnaturhaus.com\/product\/lawendowe-maslo-do-ciala-naturalne-nawilzajace-i-regenerujace\/","url":"https:\/\/lavendelnaturhaus.com\/product\/lawendowe-maslo-do-ciala-naturalne-nawilzajace-i-regenerujace\/","name":"Lawendowe mas\u0142o do cia\u0142a \u2013 naturalne, nawil\u017caj\u0105ce i regeneruj\u0105ce - Lavendel NaturHaus - plantacja lawendy \u2022 sklep internetowy z kosmetykami z lawendy","isPartOf":{"@id":"https:\/\/lavendelnaturhaus.com\/#website"},"datePublished":"2025-08-25T17:46:09+00:00","dateModified":"2025-08-25T17:46:42+00:00","description":"{:pl}Naturalne lawendowe mas\u0142o do cia\u0142a \u2013 intensywnie nawil\u017ca, regeneruje i uj\u0119drnia sk\u00f3r\u0119. Idealne dla sk\u00f3ry suchej, wra\u017cliwej i wymagaj\u0105cej.{:}","breadcrumb":{"@id":"https:\/\/lavendelnaturhaus.com\/product\/lawendowe-maslo-do-ciala-naturalne-nawilzajace-i-regenerujace\/#breadcrumb"},"inLanguage":"en-US","potentialAction":[{"@type":"ReadAction","target":["https:\/\/lavendelnaturhaus.com\/product\/lawendowe-maslo-do-ciala-naturalne-nawilzajace-i-regenerujace\/"]}]},{"@type":"BreadcrumbList","@id":"https:\/\/lavendelnaturhaus.com\/product\/lawendowe-maslo-do-ciala-naturalne-nawilzajace-i-regenerujace\/#breadcrumb","itemListElement":[{"@type":"ListItem","position":1,"name":"Strona g\u0142\u00f3wna","item":"https:\/\/lavendelnaturhaus.com\/"},{"@type":"ListItem","position":2,"name":"Lawendowe mas\u0142o do cia\u0142a \u2013 naturalne, nawil\u017caj\u0105ce i regeneruj\u0105ce"}]},{"@type":"WebSite","@id":"https:\/\/lavendelnaturhaus.com\/#website","url":"https:\/\/lavendelnaturhaus.com\/","name":"Lavendel NaturHaus - plantacja lawendy \u2022 sklep internetowy z kosmetykami z lawendy","description":"Zapraszamy do zapoznania si\u0119 z ofert\u0105 sklepu online, a tak\u017ce zach\u0119camy do odwiedzenia naszej plantacji lawendy.","potentialAction":[{"@type":"SearchAction","target":{"@type":"EntryPoint","urlTemplate":"https:\/\/lavendelnaturhaus.com\/?s={search_term_string}"},"query-input":"required name=search_term_string"}],"inLanguage":"en-US"}]}},"_links":{"self":[{"href":"https:\/\/lavendelnaturhaus.com\/en\/wp-json\/wp\/v2\/product\/4483"}],"collection":[{"href":"https:\/\/lavendelnaturhaus.com\/en\/wp-json\/wp\/v2\/product"}],"about":[{"href":"https:\/\/lavendelnaturhaus.com\/en\/wp-json\/wp\/v2\/types\/product"}],"replies":[{"embeddable":true,"href":"https:\/\/lavendelnaturhaus.com\/en\/wp-json\/wp\/v2\/comments?post=4483"}],"wp:featuredmedia":[{"embeddable":true,"href":"https:\/\/lavendelnaturhaus.com\/en\/wp-json\/wp\/v2\/media\/4484"}],"wp:attachment":[{"href":"https:\/\/lavendelnaturhaus.com\/en\/wp-json\/wp\/v2\/media?parent=4483"}],"wp:term":[{"taxonomy":"product_cat","embeddable":true,"href":"https:\/\/lavendelnaturhaus.com\/en\/wp-json\/wp\/v2\/product_cat?post=4483"},{"taxonomy":"product_tag","embeddable":true,"href":"https:\/\/lavendelnaturhaus.com\/en\/wp-json\/wp\/v2\/product_tag?post=4483"}],"curies":[{"name":"wp","href":"https:\/\/api.w.org\/{rel}","templated":true}]}}