{"id":3386,"date":"2022-07-17T22:32:48","date_gmt":"2022-07-17T20:32:48","guid":{"rendered":"https:\/\/lavendelnaturhaus.com\/?post_type=product&#038;p=3386"},"modified":"2022-09-08T21:48:59","modified_gmt":"2022-09-08T19:48:59","slug":"wianek-lawendowy-45-bardzo-aromatycznej-lawendy-odmiany-w-kolorze-fioletowym","status":"publish","type":"product","link":"https:\/\/lavendelnaturhaus.com\/en\/product\/wianek-lawendowy-45-bardzo-aromatycznej-lawendy-odmiany-w-kolorze-fioletowym\/","title":{"rendered":"Wianek lawendowy -45"},"content":{"rendered":"<p class=\"qtranxs-available-languages-message qtranxs-available-languages-message-en\">Sorry, this entry is only available in <a href=\"https:\/\/lavendelnaturhaus.com\/pl\/wp-json\/wp\/v2\/product\/3386\" class=\"qtranxs-available-language-link qtranxs-available-language-link-pl\" title=\"Polski\">Polish<\/a>.<\/p>","protected":false},"excerpt":{"rendered":"<p>Sorry, this entry is only available in Polish.<\/p>\n","protected":false},"featured_media":3387,"comment_status":"open","ping_status":"closed","template":"","meta":[],"product_cat":[114,117,26,9,12],"product_tag":[132,135,46,55,138,40,57,69,67,134,131],"yoast_head":"<!-- This site is optimized with the Yoast SEO plugin v21.5 - https:\/\/yoast.com\/wordpress\/plugins\/seo\/ -->\n<title>Wianek lawendowy. 2500 kwiat\u00f3w lawendy :)<\/title>\n<meta name=\"description\" content=\"Lawendowy wianek upleciony z bardzo aromatycznej lawendy odmiany Phenomena na somianym spodzie o \u015brednicy 45 cm.zu\u017cyli\u015bmy ok 2500 kwiat\u00f3w lawendy :)\" \/>\n<meta name=\"robots\" content=\"index, follow, max-snippet:-1, max-image-preview:large, max-video-preview:-1\" \/>\n<link rel=\"canonical\" href=\"https:\/\/lavendelnaturhaus.com\/product\/wianek-lawendowy-45-bardzo-aromatycznej-lawendy-odmiany-w-kolorze-fioletowym\/\" \/>\n<meta property=\"og:locale\" content=\"en_US\" \/>\n<meta property=\"og:type\" content=\"article\" \/>\n<meta property=\"og:title\" content=\"Wianek lawendowy. 2500 kwiat\u00f3w lawendy :)\" \/>\n<meta property=\"og:description\" content=\"Lawendowy wianek upleciony z bardzo aromatycznej lawendy odmiany Phenomena na somianym spodzie o \u015brednicy 45 cm.zu\u017cyli\u015bmy ok 2500 kwiat\u00f3w lawendy :)\" \/>\n<meta property=\"og:url\" content=\"https:\/\/lavendelnaturhaus.com\/product\/wianek-lawendowy-45-bardzo-aromatycznej-lawendy-odmiany-w-kolorze-fioletowym\/\" \/>\n<meta property=\"og:site_name\" content=\"Lavendel NaturHaus - plantacja lawendy \u2022 sklep internetowy z kosmetykami z lawendy\" \/>\n<meta property=\"article:modified_time\" content=\"2022-09-08T19:48:59+00:00\" \/>\n<meta property=\"og:image\" content=\"https:\/\/lavendelnaturhaus.com\/wp-content\/uploads\/2022\/07\/293400127_883294129293512_4091347146241918484_n.jpg\" \/>\n\t<meta property=\"og:image:width\" content=\"1638\" \/>\n\t<meta property=\"og:image:height\" content=\"2048\" \/>\n\t<meta property=\"og:image:type\" content=\"image\/jpeg\" \/>\n<meta name=\"twitter:card\" content=\"summary_large_image\" \/>\n<script type=\"application\/ld+json\" class=\"yoast-schema-graph\">{\"@context\":\"https:\/\/schema.org\",\"@graph\":[{\"@type\":\"WebPage\",\"@id\":\"https:\/\/lavendelnaturhaus.com\/product\/wianek-lawendowy-45-bardzo-aromatycznej-lawendy-odmiany-w-kolorze-fioletowym\/\",\"url\":\"https:\/\/lavendelnaturhaus.com\/product\/wianek-lawendowy-45-bardzo-aromatycznej-lawendy-odmiany-w-kolorze-fioletowym\/\",\"name\":\"Wianek lawendowy. 2500 kwiat\u00f3w lawendy :)\",\"isPartOf\":{\"@id\":\"https:\/\/lavendelnaturhaus.com\/#website\"},\"datePublished\":\"2022-07-17T20:32:48+00:00\",\"dateModified\":\"2022-09-08T19:48:59+00:00\",\"description\":\"Lawendowy wianek upleciony z bardzo aromatycznej lawendy odmiany Phenomena na somianym spodzie o \u015brednicy 45 cm.zu\u017cyli\u015bmy ok 2500 kwiat\u00f3w lawendy :)\",\"breadcrumb\":{\"@id\":\"https:\/\/lavendelnaturhaus.com\/product\/wianek-lawendowy-45-bardzo-aromatycznej-lawendy-odmiany-w-kolorze-fioletowym\/#breadcrumb\"},\"inLanguage\":\"en-US\",\"potentialAction\":[{\"@type\":\"ReadAction\",\"target\":[\"https:\/\/lavendelnaturhaus.com\/product\/wianek-lawendowy-45-bardzo-aromatycznej-lawendy-odmiany-w-kolorze-fioletowym\/\"]}]},{\"@type\":\"BreadcrumbList\",\"@id\":\"https:\/\/lavendelnaturhaus.com\/product\/wianek-lawendowy-45-bardzo-aromatycznej-lawendy-odmiany-w-kolorze-fioletowym\/#breadcrumb\",\"itemListElement\":[{\"@type\":\"ListItem\",\"position\":1,\"name\":\"Strona g\u0142\u00f3wna\",\"item\":\"https:\/\/lavendelnaturhaus.com\/\"},{\"@type\":\"ListItem\",\"position\":2,\"name\":\"Wianek lawendowy -45\"}]},{\"@type\":\"WebSite\",\"@id\":\"https:\/\/lavendelnaturhaus.com\/#website\",\"url\":\"https:\/\/lavendelnaturhaus.com\/\",\"name\":\"Lavendel NaturHaus - plantacja lawendy \u2022 sklep internetowy z kosmetykami z lawendy\",\"description\":\"Zapraszamy do zapoznania si\u0119 z ofert\u0105 sklepu online, a tak\u017ce zach\u0119camy do odwiedzenia naszej plantacji lawendy.\",\"potentialAction\":[{\"@type\":\"SearchAction\",\"target\":{\"@type\":\"EntryPoint\",\"urlTemplate\":\"https:\/\/lavendelnaturhaus.com\/?s={search_term_string}\"},\"query-input\":\"required name=search_term_string\"}],\"inLanguage\":\"en-US\"}]}<\/script>\n<!-- \/ Yoast SEO plugin. -->","yoast_head_json":{"title":"Wianek lawendowy. 2500 kwiat\u00f3w lawendy :)","description":"Lawendowy wianek upleciony z bardzo aromatycznej lawendy odmiany Phenomena na somianym spodzie o \u015brednicy 45 cm.zu\u017cyli\u015bmy ok 2500 kwiat\u00f3w lawendy :)","robots":{"index":"index","follow":"follow","max-snippet":"max-snippet:-1","max-image-preview":"max-image-preview:large","max-video-preview":"max-video-preview:-1"},"canonical":"https:\/\/lavendelnaturhaus.com\/product\/wianek-lawendowy-45-bardzo-aromatycznej-lawendy-odmiany-w-kolorze-fioletowym\/","og_locale":"en_US","og_type":"article","og_title":"Wianek lawendowy. 2500 kwiat\u00f3w lawendy :)","og_description":"Lawendowy wianek upleciony z bardzo aromatycznej lawendy odmiany Phenomena na somianym spodzie o \u015brednicy 45 cm.zu\u017cyli\u015bmy ok 2500 kwiat\u00f3w lawendy :)","og_url":"https:\/\/lavendelnaturhaus.com\/product\/wianek-lawendowy-45-bardzo-aromatycznej-lawendy-odmiany-w-kolorze-fioletowym\/","og_site_name":"Lavendel NaturHaus - plantacja lawendy \u2022 sklep internetowy z kosmetykami z lawendy","article_modified_time":"2022-09-08T19:48:59+00:00","og_image":[{"width":1638,"height":2048,"url":"https:\/\/lavendelnaturhaus.com\/wp-content\/uploads\/2022\/07\/293400127_883294129293512_4091347146241918484_n.jpg","type":"image\/jpeg"}],"twitter_card":"summary_large_image","schema":{"@context":"https:\/\/schema.org","@graph":[{"@type":"WebPage","@id":"https:\/\/lavendelnaturhaus.com\/product\/wianek-lawendowy-45-bardzo-aromatycznej-lawendy-odmiany-w-kolorze-fioletowym\/","url":"https:\/\/lavendelnaturhaus.com\/product\/wianek-lawendowy-45-bardzo-aromatycznej-lawendy-odmiany-w-kolorze-fioletowym\/","name":"Wianek lawendowy. 2500 kwiat\u00f3w lawendy :)","isPartOf":{"@id":"https:\/\/lavendelnaturhaus.com\/#website"},"datePublished":"2022-07-17T20:32:48+00:00","dateModified":"2022-09-08T19:48:59+00:00","description":"Lawendowy wianek upleciony z bardzo aromatycznej lawendy odmiany Phenomena na somianym spodzie o \u015brednicy 45 cm.zu\u017cyli\u015bmy ok 2500 kwiat\u00f3w lawendy :)","breadcrumb":{"@id":"https:\/\/lavendelnaturhaus.com\/product\/wianek-lawendowy-45-bardzo-aromatycznej-lawendy-odmiany-w-kolorze-fioletowym\/#breadcrumb"},"inLanguage":"en-US","potentialAction":[{"@type":"ReadAction","target":["https:\/\/lavendelnaturhaus.com\/product\/wianek-lawendowy-45-bardzo-aromatycznej-lawendy-odmiany-w-kolorze-fioletowym\/"]}]},{"@type":"BreadcrumbList","@id":"https:\/\/lavendelnaturhaus.com\/product\/wianek-lawendowy-45-bardzo-aromatycznej-lawendy-odmiany-w-kolorze-fioletowym\/#breadcrumb","itemListElement":[{"@type":"ListItem","position":1,"name":"Strona g\u0142\u00f3wna","item":"https:\/\/lavendelnaturhaus.com\/"},{"@type":"ListItem","position":2,"name":"Wianek lawendowy -45"}]},{"@type":"WebSite","@id":"https:\/\/lavendelnaturhaus.com\/#website","url":"https:\/\/lavendelnaturhaus.com\/","name":"Lavendel NaturHaus - plantacja lawendy \u2022 sklep internetowy z kosmetykami z lawendy","description":"Zapraszamy do zapoznania si\u0119 z ofert\u0105 sklepu online, a tak\u017ce zach\u0119camy do odwiedzenia naszej plantacji lawendy.","potentialAction":[{"@type":"SearchAction","target":{"@type":"EntryPoint","urlTemplate":"https:\/\/lavendelnaturhaus.com\/?s={search_term_string}"},"query-input":"required name=search_term_string"}],"inLanguage":"en-US"}]}},"_links":{"self":[{"href":"https:\/\/lavendelnaturhaus.com\/en\/wp-json\/wp\/v2\/product\/3386"}],"collection":[{"href":"https:\/\/lavendelnaturhaus.com\/en\/wp-json\/wp\/v2\/product"}],"about":[{"href":"https:\/\/lavendelnaturhaus.com\/en\/wp-json\/wp\/v2\/types\/product"}],"replies":[{"embeddable":true,"href":"https:\/\/lavendelnaturhaus.com\/en\/wp-json\/wp\/v2\/comments?post=3386"}],"wp:featuredmedia":[{"embeddable":true,"href":"https:\/\/lavendelnaturhaus.com\/en\/wp-json\/wp\/v2\/media\/3387"}],"wp:attachment":[{"href":"https:\/\/lavendelnaturhaus.com\/en\/wp-json\/wp\/v2\/media?parent=3386"}],"wp:term":[{"taxonomy":"product_cat","embeddable":true,"href":"https:\/\/lavendelnaturhaus.com\/en\/wp-json\/wp\/v2\/product_cat?post=3386"},{"taxonomy":"product_tag","embeddable":true,"href":"https:\/\/lavendelnaturhaus.com\/en\/wp-json\/wp\/v2\/product_tag?post=3386"}],"curies":[{"name":"wp","href":"https:\/\/api.w.org\/{rel}","templated":true}]}}