{"id":2898,"date":"2023-07-28T19:35:54","date_gmt":"2023-07-28T17:35:54","guid":{"rendered":"https:\/\/lavendelnaturhaus.com\/?post_type=product&#038;p=2898"},"modified":"2025-07-11T11:54:07","modified_gmt":"2025-07-11T09:54:07","slug":"bukiet-suszonej-lawendy-hidcote-180","status":"publish","type":"product","link":"https:\/\/lavendelnaturhaus.com\/en\/product\/bukiet-suszonej-lawendy-hidcote-180\/","title":{"rendered":"Bukiet suszonej Lawendy &#8211; Hidcote 180"},"content":{"rendered":"<p class=\"qtranxs-available-languages-message qtranxs-available-languages-message-en\">Sorry, this entry is only available in <a href=\"https:\/\/lavendelnaturhaus.com\/pl\/wp-json\/wp\/v2\/product\/2898\" class=\"qtranxs-available-language-link qtranxs-available-language-link-pl\" title=\"Polski\">Polish<\/a>.<\/p>","protected":false},"excerpt":{"rendered":"<p>Sorry, this entry is only available in Polish.<\/p>\n","protected":false},"featured_media":2899,"comment_status":"open","ping_status":"closed","template":"","meta":[],"product_cat":[62,117,9],"product_tag":[],"yoast_head":"<!-- This site is optimized with the Yoast SEO plugin v21.5 - https:\/\/yoast.com\/wordpress\/plugins\/seo\/ -->\n<title>Bukiet suszonej Lawendy - Hidcote 180 - Lavendel NaturHaus - plantacja lawendy \u2022 sklep internetowy z kosmetykami z lawendy<\/title>\n<meta name=\"robots\" content=\"index, follow, max-snippet:-1, max-image-preview:large, max-video-preview:-1\" \/>\n<link rel=\"canonical\" href=\"https:\/\/lavendelnaturhaus.com\/product\/bukiet-suszonej-lawendy-hidcote-180\/\" \/>\n<meta property=\"og:locale\" content=\"en_US\" \/>\n<meta property=\"og:type\" content=\"article\" \/>\n<meta property=\"og:title\" content=\"Bukiet suszonej Lawendy - Hidcote 180 - Lavendel NaturHaus - plantacja lawendy \u2022 sklep internetowy z kosmetykami z lawendy\" \/>\n<meta property=\"og:description\" content=\"Sorry, this entry is only available in Polish.\" \/>\n<meta property=\"og:url\" content=\"https:\/\/lavendelnaturhaus.com\/product\/bukiet-suszonej-lawendy-hidcote-180\/\" \/>\n<meta property=\"og:site_name\" content=\"Lavendel NaturHaus - plantacja lawendy \u2022 sklep internetowy z kosmetykami z lawendy\" \/>\n<meta property=\"article:modified_time\" content=\"2025-07-11T09:54:07+00:00\" \/>\n<meta property=\"og:image\" content=\"https:\/\/lavendelnaturhaus.com\/wp-content\/uploads\/2021\/07\/210502251_2966255530363096_8358225818202479991_n.jpg\" \/>\n\t<meta property=\"og:image:width\" content=\"720\" \/>\n\t<meta property=\"og:image:height\" content=\"960\" \/>\n\t<meta property=\"og:image:type\" content=\"image\/jpeg\" \/>\n<meta name=\"twitter:card\" content=\"summary_large_image\" \/>\n<meta name=\"twitter:label1\" content=\"Est. reading time\" \/>\n\t<meta name=\"twitter:data1\" content=\"1 minute\" \/>\n<script type=\"application\/ld+json\" class=\"yoast-schema-graph\">{\"@context\":\"https:\/\/schema.org\",\"@graph\":[{\"@type\":\"WebPage\",\"@id\":\"https:\/\/lavendelnaturhaus.com\/product\/bukiet-suszonej-lawendy-hidcote-180\/\",\"url\":\"https:\/\/lavendelnaturhaus.com\/product\/bukiet-suszonej-lawendy-hidcote-180\/\",\"name\":\"Bukiet suszonej Lawendy - Hidcote 180 - Lavendel NaturHaus - plantacja lawendy \u2022 sklep internetowy z kosmetykami z lawendy\",\"isPartOf\":{\"@id\":\"https:\/\/lavendelnaturhaus.com\/#website\"},\"datePublished\":\"2023-07-28T17:35:54+00:00\",\"dateModified\":\"2025-07-11T09:54:07+00:00\",\"breadcrumb\":{\"@id\":\"https:\/\/lavendelnaturhaus.com\/product\/bukiet-suszonej-lawendy-hidcote-180\/#breadcrumb\"},\"inLanguage\":\"en-US\",\"potentialAction\":[{\"@type\":\"ReadAction\",\"target\":[\"https:\/\/lavendelnaturhaus.com\/product\/bukiet-suszonej-lawendy-hidcote-180\/\"]}]},{\"@type\":\"BreadcrumbList\",\"@id\":\"https:\/\/lavendelnaturhaus.com\/product\/bukiet-suszonej-lawendy-hidcote-180\/#breadcrumb\",\"itemListElement\":[{\"@type\":\"ListItem\",\"position\":1,\"name\":\"Strona g\u0142\u00f3wna\",\"item\":\"https:\/\/lavendelnaturhaus.com\/\"},{\"@type\":\"ListItem\",\"position\":2,\"name\":\"[:pl]Bukiet suszonej Lawendy &#8211; Hidcote 180[:]\"}]},{\"@type\":\"WebSite\",\"@id\":\"https:\/\/lavendelnaturhaus.com\/#website\",\"url\":\"https:\/\/lavendelnaturhaus.com\/\",\"name\":\"Lavendel NaturHaus - plantacja lawendy \u2022 sklep internetowy z kosmetykami z lawendy\",\"description\":\"Zapraszamy do zapoznania si\u0119 z ofert\u0105 sklepu online, a tak\u017ce zach\u0119camy do odwiedzenia naszej plantacji lawendy.\",\"potentialAction\":[{\"@type\":\"SearchAction\",\"target\":{\"@type\":\"EntryPoint\",\"urlTemplate\":\"https:\/\/lavendelnaturhaus.com\/?s={search_term_string}\"},\"query-input\":\"required name=search_term_string\"}],\"inLanguage\":\"en-US\"}]}<\/script>\n<!-- \/ Yoast SEO plugin. -->","yoast_head_json":{"title":"Bukiet suszonej Lawendy - Hidcote 180 - Lavendel NaturHaus - plantacja lawendy \u2022 sklep internetowy z kosmetykami z lawendy","robots":{"index":"index","follow":"follow","max-snippet":"max-snippet:-1","max-image-preview":"max-image-preview:large","max-video-preview":"max-video-preview:-1"},"canonical":"https:\/\/lavendelnaturhaus.com\/product\/bukiet-suszonej-lawendy-hidcote-180\/","og_locale":"en_US","og_type":"article","og_title":"Bukiet suszonej Lawendy - Hidcote 180 - Lavendel NaturHaus - plantacja lawendy \u2022 sklep internetowy z kosmetykami z lawendy","og_description":"Sorry, this entry is only available in Polish.","og_url":"https:\/\/lavendelnaturhaus.com\/product\/bukiet-suszonej-lawendy-hidcote-180\/","og_site_name":"Lavendel NaturHaus - plantacja lawendy \u2022 sklep internetowy z kosmetykami z lawendy","article_modified_time":"2025-07-11T09:54:07+00:00","og_image":[{"width":720,"height":960,"url":"https:\/\/lavendelnaturhaus.com\/wp-content\/uploads\/2021\/07\/210502251_2966255530363096_8358225818202479991_n.jpg","type":"image\/jpeg"}],"twitter_card":"summary_large_image","twitter_misc":{"Est. reading time":"1 minute"},"schema":{"@context":"https:\/\/schema.org","@graph":[{"@type":"WebPage","@id":"https:\/\/lavendelnaturhaus.com\/product\/bukiet-suszonej-lawendy-hidcote-180\/","url":"https:\/\/lavendelnaturhaus.com\/product\/bukiet-suszonej-lawendy-hidcote-180\/","name":"Bukiet suszonej Lawendy - Hidcote 180 - Lavendel NaturHaus - plantacja lawendy \u2022 sklep internetowy z kosmetykami z lawendy","isPartOf":{"@id":"https:\/\/lavendelnaturhaus.com\/#website"},"datePublished":"2023-07-28T17:35:54+00:00","dateModified":"2025-07-11T09:54:07+00:00","breadcrumb":{"@id":"https:\/\/lavendelnaturhaus.com\/product\/bukiet-suszonej-lawendy-hidcote-180\/#breadcrumb"},"inLanguage":"en-US","potentialAction":[{"@type":"ReadAction","target":["https:\/\/lavendelnaturhaus.com\/product\/bukiet-suszonej-lawendy-hidcote-180\/"]}]},{"@type":"BreadcrumbList","@id":"https:\/\/lavendelnaturhaus.com\/product\/bukiet-suszonej-lawendy-hidcote-180\/#breadcrumb","itemListElement":[{"@type":"ListItem","position":1,"name":"Strona g\u0142\u00f3wna","item":"https:\/\/lavendelnaturhaus.com\/"},{"@type":"ListItem","position":2,"name":"[:pl]Bukiet suszonej Lawendy &#8211; Hidcote 180[:]"}]},{"@type":"WebSite","@id":"https:\/\/lavendelnaturhaus.com\/#website","url":"https:\/\/lavendelnaturhaus.com\/","name":"Lavendel NaturHaus - plantacja lawendy \u2022 sklep internetowy z kosmetykami z lawendy","description":"Zapraszamy do zapoznania si\u0119 z ofert\u0105 sklepu online, a tak\u017ce zach\u0119camy do odwiedzenia naszej plantacji lawendy.","potentialAction":[{"@type":"SearchAction","target":{"@type":"EntryPoint","urlTemplate":"https:\/\/lavendelnaturhaus.com\/?s={search_term_string}"},"query-input":"required name=search_term_string"}],"inLanguage":"en-US"}]}},"_links":{"self":[{"href":"https:\/\/lavendelnaturhaus.com\/en\/wp-json\/wp\/v2\/product\/2898"}],"collection":[{"href":"https:\/\/lavendelnaturhaus.com\/en\/wp-json\/wp\/v2\/product"}],"about":[{"href":"https:\/\/lavendelnaturhaus.com\/en\/wp-json\/wp\/v2\/types\/product"}],"replies":[{"embeddable":true,"href":"https:\/\/lavendelnaturhaus.com\/en\/wp-json\/wp\/v2\/comments?post=2898"}],"wp:featuredmedia":[{"embeddable":true,"href":"https:\/\/lavendelnaturhaus.com\/en\/wp-json\/wp\/v2\/media\/2899"}],"wp:attachment":[{"href":"https:\/\/lavendelnaturhaus.com\/en\/wp-json\/wp\/v2\/media?parent=2898"}],"wp:term":[{"taxonomy":"product_cat","embeddable":true,"href":"https:\/\/lavendelnaturhaus.com\/en\/wp-json\/wp\/v2\/product_cat?post=2898"},{"taxonomy":"product_tag","embeddable":true,"href":"https:\/\/lavendelnaturhaus.com\/en\/wp-json\/wp\/v2\/product_tag?post=2898"}],"curies":[{"name":"wp","href":"https:\/\/api.w.org\/{rel}","templated":true}]}}