{"id":1839,"date":"2019-12-04T18:56:00","date_gmt":"2019-12-04T17:56:00","guid":{"rendered":"https:\/\/lavendelnaturhaus.com\/?post_type=product&#038;p=1839"},"modified":"2019-12-10T11:42:52","modified_gmt":"2019-12-10T10:42:52","slug":"poduszka-dekoracyjna-luska-gryki-i-lawenda-2","status":"publish","type":"product","link":"https:\/\/lavendelnaturhaus.com\/en\/product\/poduszka-dekoracyjna-luska-gryki-i-lawenda-2\/","title":{"rendered":"Poduszka dekoracyjna turkusowa &#8211; \u0142uska gryki i lawenda"},"content":{"rendered":"<p class=\"qtranxs-available-languages-message qtranxs-available-languages-message-en\">Sorry, this entry is only available in <a href=\"https:\/\/lavendelnaturhaus.com\/pl\/wp-json\/wp\/v2\/product\/1839\" class=\"qtranxs-available-language-link qtranxs-available-language-link-pl\" title=\"Polski\">Polish<\/a>.<\/p>","protected":false},"excerpt":{"rendered":"<p>Sorry, this entry is only available in Polish.<\/p>\n","protected":false},"featured_media":1840,"comment_status":"open","ping_status":"closed","template":"","meta":[],"product_cat":[114,118,26,9,12],"product_tag":[],"yoast_head":"<!-- This site is optimized with the Yoast SEO plugin v21.5 - https:\/\/yoast.com\/wordpress\/plugins\/seo\/ -->\n<title>Poduszka dekoracyjna turkusowa - \u0142uska gryki i lawenda - Lavendel NaturHaus - plantacja lawendy \u2022 sklep internetowy z kosmetykami z lawendy<\/title>\n<meta name=\"description\" content=\"\u017ce \u0142uski gryczane neutralizuj\u0105 dzia\u0142anie szkodliwego promieniowania elektromagnetycznego wytwarzanego przez prawie wszystkie urz\u0105dzenia w domach.\" \/>\n<meta name=\"robots\" content=\"index, follow, max-snippet:-1, max-image-preview:large, max-video-preview:-1\" \/>\n<link rel=\"canonical\" href=\"https:\/\/lavendelnaturhaus.com\/product\/poduszka-dekoracyjna-luska-gryki-i-lawenda-2\/\" \/>\n<meta property=\"og:locale\" content=\"en_US\" \/>\n<meta property=\"og:type\" content=\"article\" \/>\n<meta property=\"og:title\" content=\"Poduszka dekoracyjna turkusowa - \u0142uska gryki i lawenda - Lavendel NaturHaus - plantacja lawendy \u2022 sklep internetowy z kosmetykami z lawendy\" \/>\n<meta property=\"og:description\" content=\"\u017ce \u0142uski gryczane neutralizuj\u0105 dzia\u0142anie szkodliwego promieniowania elektromagnetycznego wytwarzanego przez prawie wszystkie urz\u0105dzenia w domach.\" \/>\n<meta property=\"og:url\" content=\"https:\/\/lavendelnaturhaus.com\/product\/poduszka-dekoracyjna-luska-gryki-i-lawenda-2\/\" \/>\n<meta property=\"og:site_name\" content=\"Lavendel NaturHaus - plantacja lawendy \u2022 sklep internetowy z kosmetykami z lawendy\" \/>\n<meta property=\"article:modified_time\" content=\"2019-12-10T10:42:52+00:00\" \/>\n<meta property=\"og:image\" content=\"https:\/\/lavendelnaturhaus.com\/wp-content\/uploads\/2019\/12\/78560998_444434883144145_7003105855876890624_n-1-768x1024.jpg\" \/>\n\t<meta property=\"og:image:width\" content=\"768\" \/>\n\t<meta property=\"og:image:height\" content=\"1024\" \/>\n\t<meta property=\"og:image:type\" content=\"image\/jpeg\" \/>\n<meta name=\"twitter:card\" content=\"summary_large_image\" \/>\n<meta name=\"twitter:label1\" content=\"Est. reading time\" \/>\n\t<meta name=\"twitter:data1\" content=\"1 minute\" \/>\n<script type=\"application\/ld+json\" class=\"yoast-schema-graph\">{\"@context\":\"https:\/\/schema.org\",\"@graph\":[{\"@type\":\"WebPage\",\"@id\":\"https:\/\/lavendelnaturhaus.com\/product\/poduszka-dekoracyjna-luska-gryki-i-lawenda-2\/\",\"url\":\"https:\/\/lavendelnaturhaus.com\/product\/poduszka-dekoracyjna-luska-gryki-i-lawenda-2\/\",\"name\":\"Poduszka dekoracyjna turkusowa - \u0142uska gryki i lawenda - Lavendel NaturHaus - plantacja lawendy \u2022 sklep internetowy z kosmetykami z lawendy\",\"isPartOf\":{\"@id\":\"https:\/\/lavendelnaturhaus.com\/#website\"},\"datePublished\":\"2019-12-04T17:56:00+00:00\",\"dateModified\":\"2019-12-10T10:42:52+00:00\",\"description\":\"\u017ce \u0142uski gryczane neutralizuj\u0105 dzia\u0142anie szkodliwego promieniowania elektromagnetycznego wytwarzanego przez prawie wszystkie urz\u0105dzenia w domach.\",\"breadcrumb\":{\"@id\":\"https:\/\/lavendelnaturhaus.com\/product\/poduszka-dekoracyjna-luska-gryki-i-lawenda-2\/#breadcrumb\"},\"inLanguage\":\"en-US\",\"potentialAction\":[{\"@type\":\"ReadAction\",\"target\":[\"https:\/\/lavendelnaturhaus.com\/product\/poduszka-dekoracyjna-luska-gryki-i-lawenda-2\/\"]}]},{\"@type\":\"BreadcrumbList\",\"@id\":\"https:\/\/lavendelnaturhaus.com\/product\/poduszka-dekoracyjna-luska-gryki-i-lawenda-2\/#breadcrumb\",\"itemListElement\":[{\"@type\":\"ListItem\",\"position\":1,\"name\":\"Strona g\u0142\u00f3wna\",\"item\":\"https:\/\/lavendelnaturhaus.com\/\"},{\"@type\":\"ListItem\",\"position\":2,\"name\":\"Poduszka dekoracyjna turkusowa &#8211; \u0142uska gryki i lawenda\"}]},{\"@type\":\"WebSite\",\"@id\":\"https:\/\/lavendelnaturhaus.com\/#website\",\"url\":\"https:\/\/lavendelnaturhaus.com\/\",\"name\":\"Lavendel NaturHaus - plantacja lawendy \u2022 sklep internetowy z kosmetykami z lawendy\",\"description\":\"Zapraszamy do zapoznania si\u0119 z ofert\u0105 sklepu online, a tak\u017ce zach\u0119camy do odwiedzenia naszej plantacji lawendy.\",\"potentialAction\":[{\"@type\":\"SearchAction\",\"target\":{\"@type\":\"EntryPoint\",\"urlTemplate\":\"https:\/\/lavendelnaturhaus.com\/?s={search_term_string}\"},\"query-input\":\"required name=search_term_string\"}],\"inLanguage\":\"en-US\"}]}<\/script>\n<!-- \/ Yoast SEO plugin. -->","yoast_head_json":{"title":"Poduszka dekoracyjna turkusowa - \u0142uska gryki i lawenda - Lavendel NaturHaus - plantacja lawendy \u2022 sklep internetowy z kosmetykami z lawendy","description":"\u017ce \u0142uski gryczane neutralizuj\u0105 dzia\u0142anie szkodliwego promieniowania elektromagnetycznego wytwarzanego przez prawie wszystkie urz\u0105dzenia w domach.","robots":{"index":"index","follow":"follow","max-snippet":"max-snippet:-1","max-image-preview":"max-image-preview:large","max-video-preview":"max-video-preview:-1"},"canonical":"https:\/\/lavendelnaturhaus.com\/product\/poduszka-dekoracyjna-luska-gryki-i-lawenda-2\/","og_locale":"en_US","og_type":"article","og_title":"Poduszka dekoracyjna turkusowa - \u0142uska gryki i lawenda - Lavendel NaturHaus - plantacja lawendy \u2022 sklep internetowy z kosmetykami z lawendy","og_description":"\u017ce \u0142uski gryczane neutralizuj\u0105 dzia\u0142anie szkodliwego promieniowania elektromagnetycznego wytwarzanego przez prawie wszystkie urz\u0105dzenia w domach.","og_url":"https:\/\/lavendelnaturhaus.com\/product\/poduszka-dekoracyjna-luska-gryki-i-lawenda-2\/","og_site_name":"Lavendel NaturHaus - plantacja lawendy \u2022 sklep internetowy z kosmetykami z lawendy","article_modified_time":"2019-12-10T10:42:52+00:00","og_image":[{"width":768,"height":1024,"url":"https:\/\/lavendelnaturhaus.com\/wp-content\/uploads\/2019\/12\/78560998_444434883144145_7003105855876890624_n-1-768x1024.jpg","type":"image\/jpeg"}],"twitter_card":"summary_large_image","twitter_misc":{"Est. reading time":"1 minute"},"schema":{"@context":"https:\/\/schema.org","@graph":[{"@type":"WebPage","@id":"https:\/\/lavendelnaturhaus.com\/product\/poduszka-dekoracyjna-luska-gryki-i-lawenda-2\/","url":"https:\/\/lavendelnaturhaus.com\/product\/poduszka-dekoracyjna-luska-gryki-i-lawenda-2\/","name":"Poduszka dekoracyjna turkusowa - \u0142uska gryki i lawenda - Lavendel NaturHaus - plantacja lawendy \u2022 sklep internetowy z kosmetykami z lawendy","isPartOf":{"@id":"https:\/\/lavendelnaturhaus.com\/#website"},"datePublished":"2019-12-04T17:56:00+00:00","dateModified":"2019-12-10T10:42:52+00:00","description":"\u017ce \u0142uski gryczane neutralizuj\u0105 dzia\u0142anie szkodliwego promieniowania elektromagnetycznego wytwarzanego przez prawie wszystkie urz\u0105dzenia w domach.","breadcrumb":{"@id":"https:\/\/lavendelnaturhaus.com\/product\/poduszka-dekoracyjna-luska-gryki-i-lawenda-2\/#breadcrumb"},"inLanguage":"en-US","potentialAction":[{"@type":"ReadAction","target":["https:\/\/lavendelnaturhaus.com\/product\/poduszka-dekoracyjna-luska-gryki-i-lawenda-2\/"]}]},{"@type":"BreadcrumbList","@id":"https:\/\/lavendelnaturhaus.com\/product\/poduszka-dekoracyjna-luska-gryki-i-lawenda-2\/#breadcrumb","itemListElement":[{"@type":"ListItem","position":1,"name":"Strona g\u0142\u00f3wna","item":"https:\/\/lavendelnaturhaus.com\/"},{"@type":"ListItem","position":2,"name":"Poduszka dekoracyjna turkusowa &#8211; \u0142uska gryki i lawenda"}]},{"@type":"WebSite","@id":"https:\/\/lavendelnaturhaus.com\/#website","url":"https:\/\/lavendelnaturhaus.com\/","name":"Lavendel NaturHaus - plantacja lawendy \u2022 sklep internetowy z kosmetykami z lawendy","description":"Zapraszamy do zapoznania si\u0119 z ofert\u0105 sklepu online, a tak\u017ce zach\u0119camy do odwiedzenia naszej plantacji lawendy.","potentialAction":[{"@type":"SearchAction","target":{"@type":"EntryPoint","urlTemplate":"https:\/\/lavendelnaturhaus.com\/?s={search_term_string}"},"query-input":"required name=search_term_string"}],"inLanguage":"en-US"}]}},"_links":{"self":[{"href":"https:\/\/lavendelnaturhaus.com\/en\/wp-json\/wp\/v2\/product\/1839"}],"collection":[{"href":"https:\/\/lavendelnaturhaus.com\/en\/wp-json\/wp\/v2\/product"}],"about":[{"href":"https:\/\/lavendelnaturhaus.com\/en\/wp-json\/wp\/v2\/types\/product"}],"replies":[{"embeddable":true,"href":"https:\/\/lavendelnaturhaus.com\/en\/wp-json\/wp\/v2\/comments?post=1839"}],"wp:featuredmedia":[{"embeddable":true,"href":"https:\/\/lavendelnaturhaus.com\/en\/wp-json\/wp\/v2\/media\/1840"}],"wp:attachment":[{"href":"https:\/\/lavendelnaturhaus.com\/en\/wp-json\/wp\/v2\/media?parent=1839"}],"wp:term":[{"taxonomy":"product_cat","embeddable":true,"href":"https:\/\/lavendelnaturhaus.com\/en\/wp-json\/wp\/v2\/product_cat?post=1839"},{"taxonomy":"product_tag","embeddable":true,"href":"https:\/\/lavendelnaturhaus.com\/en\/wp-json\/wp\/v2\/product_tag?post=1839"}],"curies":[{"name":"wp","href":"https:\/\/api.w.org\/{rel}","templated":true}]}}