{"id":1799,"date":"2019-12-01T20:05:17","date_gmt":"2019-12-01T19:05:17","guid":{"rendered":"https:\/\/lavendelnaturhaus.com\/?post_type=product&#038;p=1799"},"modified":"2021-09-06T08:56:23","modified_gmt":"2021-09-06T06:56:23","slug":"aksamitny-komplet-lawenda-z-gryka","status":"publish","type":"product","link":"https:\/\/lavendelnaturhaus.com\/en\/product\/aksamitny-komplet-lawenda-z-gryka\/","title":{"rendered":"Aksamitny komplet &#8211; lawenda z gryk\u0105"},"content":{"rendered":"<p class=\"qtranxs-available-languages-message qtranxs-available-languages-message-en\">Sorry, this entry is only available in <a href=\"https:\/\/lavendelnaturhaus.com\/pl\/wp-json\/wp\/v2\/product\/1799\" class=\"qtranxs-available-language-link qtranxs-available-language-link-pl\" title=\"Polski\">Polish<\/a>.<\/p>","protected":false},"excerpt":{"rendered":"<p>Sorry, this entry is only available in Polish.<\/p>\n","protected":false},"featured_media":1809,"comment_status":"open","ping_status":"closed","template":"","meta":[],"product_cat":[118,26,9],"product_tag":[],"yoast_head":"<!-- This site is optimized with the Yoast SEO plugin v21.5 - https:\/\/yoast.com\/wordpress\/plugins\/seo\/ -->\n<title>Aksamitny komplet - lawenda z gryk\u0105 - Lavendel NaturHaus - plantacja lawendy \u2022 sklep internetowy z kosmetykami z lawendy<\/title>\n<meta name=\"description\" content=\"Aksamitny komplet z \u0142usk\u0105 gryki i lawend\u0105 na zm\u0119czenie, przezi\u0119bienie czy b\u00f3l brzucha. Uszyte z aksamitu w kolorze kappuccino z plastikowym suwakiem.\" \/>\n<meta name=\"robots\" content=\"index, follow, max-snippet:-1, max-image-preview:large, max-video-preview:-1\" \/>\n<link rel=\"canonical\" href=\"https:\/\/lavendelnaturhaus.com\/product\/aksamitny-komplet-lawenda-z-gryka\/\" \/>\n<meta property=\"og:locale\" content=\"en_US\" \/>\n<meta property=\"og:type\" content=\"article\" \/>\n<meta property=\"og:title\" content=\"Aksamitny komplet - lawenda z gryk\u0105 - Lavendel NaturHaus - plantacja lawendy \u2022 sklep internetowy z kosmetykami z lawendy\" \/>\n<meta property=\"og:description\" content=\"Aksamitny komplet z \u0142usk\u0105 gryki i lawend\u0105 na zm\u0119czenie, przezi\u0119bienie czy b\u00f3l brzucha. Uszyte z aksamitu w kolorze kappuccino z plastikowym suwakiem.\" \/>\n<meta property=\"og:url\" content=\"https:\/\/lavendelnaturhaus.com\/product\/aksamitny-komplet-lawenda-z-gryka\/\" \/>\n<meta property=\"og:site_name\" content=\"Lavendel NaturHaus - plantacja lawendy \u2022 sklep internetowy z kosmetykami z lawendy\" \/>\n<meta property=\"article:modified_time\" content=\"2021-09-06T06:56:23+00:00\" \/>\n<meta property=\"og:image\" content=\"https:\/\/lavendelnaturhaus.com\/wp-content\/uploads\/2019\/12\/77347779_573012793242876_7877906315144593408_n-scaled.jpg\" \/>\n\t<meta property=\"og:image:width\" content=\"2990\" \/>\n\t<meta property=\"og:image:height\" content=\"3229\" \/>\n\t<meta property=\"og:image:type\" content=\"image\/jpeg\" \/>\n<meta name=\"twitter:card\" content=\"summary_large_image\" \/>\n<meta name=\"twitter:label1\" content=\"Est. reading time\" \/>\n\t<meta name=\"twitter:data1\" content=\"1 minute\" \/>\n<script type=\"application\/ld+json\" class=\"yoast-schema-graph\">{\"@context\":\"https:\/\/schema.org\",\"@graph\":[{\"@type\":\"WebPage\",\"@id\":\"https:\/\/lavendelnaturhaus.com\/product\/aksamitny-komplet-lawenda-z-gryka\/\",\"url\":\"https:\/\/lavendelnaturhaus.com\/product\/aksamitny-komplet-lawenda-z-gryka\/\",\"name\":\"Aksamitny komplet - lawenda z gryk\u0105 - Lavendel NaturHaus - plantacja lawendy \u2022 sklep internetowy z kosmetykami z lawendy\",\"isPartOf\":{\"@id\":\"https:\/\/lavendelnaturhaus.com\/#website\"},\"datePublished\":\"2019-12-01T19:05:17+00:00\",\"dateModified\":\"2021-09-06T06:56:23+00:00\",\"description\":\"Aksamitny komplet z \u0142usk\u0105 gryki i lawend\u0105 na zm\u0119czenie, przezi\u0119bienie czy b\u00f3l brzucha. Uszyte z aksamitu w kolorze kappuccino z plastikowym suwakiem.\",\"breadcrumb\":{\"@id\":\"https:\/\/lavendelnaturhaus.com\/product\/aksamitny-komplet-lawenda-z-gryka\/#breadcrumb\"},\"inLanguage\":\"en-US\",\"potentialAction\":[{\"@type\":\"ReadAction\",\"target\":[\"https:\/\/lavendelnaturhaus.com\/product\/aksamitny-komplet-lawenda-z-gryka\/\"]}]},{\"@type\":\"BreadcrumbList\",\"@id\":\"https:\/\/lavendelnaturhaus.com\/product\/aksamitny-komplet-lawenda-z-gryka\/#breadcrumb\",\"itemListElement\":[{\"@type\":\"ListItem\",\"position\":1,\"name\":\"Strona g\u0142\u00f3wna\",\"item\":\"https:\/\/lavendelnaturhaus.com\/\"},{\"@type\":\"ListItem\",\"position\":2,\"name\":\"Aksamitny komplet &#8211; lawenda z gryk\u0105\"}]},{\"@type\":\"WebSite\",\"@id\":\"https:\/\/lavendelnaturhaus.com\/#website\",\"url\":\"https:\/\/lavendelnaturhaus.com\/\",\"name\":\"Lavendel NaturHaus - plantacja lawendy \u2022 sklep internetowy z kosmetykami z lawendy\",\"description\":\"Zapraszamy do zapoznania si\u0119 z ofert\u0105 sklepu online, a tak\u017ce zach\u0119camy do odwiedzenia naszej plantacji lawendy.\",\"potentialAction\":[{\"@type\":\"SearchAction\",\"target\":{\"@type\":\"EntryPoint\",\"urlTemplate\":\"https:\/\/lavendelnaturhaus.com\/?s={search_term_string}\"},\"query-input\":\"required name=search_term_string\"}],\"inLanguage\":\"en-US\"}]}<\/script>\n<!-- \/ Yoast SEO plugin. -->","yoast_head_json":{"title":"Aksamitny komplet - lawenda z gryk\u0105 - Lavendel NaturHaus - plantacja lawendy \u2022 sklep internetowy z kosmetykami z lawendy","description":"Aksamitny komplet z \u0142usk\u0105 gryki i lawend\u0105 na zm\u0119czenie, przezi\u0119bienie czy b\u00f3l brzucha. Uszyte z aksamitu w kolorze kappuccino z plastikowym suwakiem.","robots":{"index":"index","follow":"follow","max-snippet":"max-snippet:-1","max-image-preview":"max-image-preview:large","max-video-preview":"max-video-preview:-1"},"canonical":"https:\/\/lavendelnaturhaus.com\/product\/aksamitny-komplet-lawenda-z-gryka\/","og_locale":"en_US","og_type":"article","og_title":"Aksamitny komplet - lawenda z gryk\u0105 - Lavendel NaturHaus - plantacja lawendy \u2022 sklep internetowy z kosmetykami z lawendy","og_description":"Aksamitny komplet z \u0142usk\u0105 gryki i lawend\u0105 na zm\u0119czenie, przezi\u0119bienie czy b\u00f3l brzucha. Uszyte z aksamitu w kolorze kappuccino z plastikowym suwakiem.","og_url":"https:\/\/lavendelnaturhaus.com\/product\/aksamitny-komplet-lawenda-z-gryka\/","og_site_name":"Lavendel NaturHaus - plantacja lawendy \u2022 sklep internetowy z kosmetykami z lawendy","article_modified_time":"2021-09-06T06:56:23+00:00","og_image":[{"width":2990,"height":3229,"url":"https:\/\/lavendelnaturhaus.com\/wp-content\/uploads\/2019\/12\/77347779_573012793242876_7877906315144593408_n-scaled.jpg","type":"image\/jpeg"}],"twitter_card":"summary_large_image","twitter_misc":{"Est. reading time":"1 minute"},"schema":{"@context":"https:\/\/schema.org","@graph":[{"@type":"WebPage","@id":"https:\/\/lavendelnaturhaus.com\/product\/aksamitny-komplet-lawenda-z-gryka\/","url":"https:\/\/lavendelnaturhaus.com\/product\/aksamitny-komplet-lawenda-z-gryka\/","name":"Aksamitny komplet - lawenda z gryk\u0105 - Lavendel NaturHaus - plantacja lawendy \u2022 sklep internetowy z kosmetykami z lawendy","isPartOf":{"@id":"https:\/\/lavendelnaturhaus.com\/#website"},"datePublished":"2019-12-01T19:05:17+00:00","dateModified":"2021-09-06T06:56:23+00:00","description":"Aksamitny komplet z \u0142usk\u0105 gryki i lawend\u0105 na zm\u0119czenie, przezi\u0119bienie czy b\u00f3l brzucha. Uszyte z aksamitu w kolorze kappuccino z plastikowym suwakiem.","breadcrumb":{"@id":"https:\/\/lavendelnaturhaus.com\/product\/aksamitny-komplet-lawenda-z-gryka\/#breadcrumb"},"inLanguage":"en-US","potentialAction":[{"@type":"ReadAction","target":["https:\/\/lavendelnaturhaus.com\/product\/aksamitny-komplet-lawenda-z-gryka\/"]}]},{"@type":"BreadcrumbList","@id":"https:\/\/lavendelnaturhaus.com\/product\/aksamitny-komplet-lawenda-z-gryka\/#breadcrumb","itemListElement":[{"@type":"ListItem","position":1,"name":"Strona g\u0142\u00f3wna","item":"https:\/\/lavendelnaturhaus.com\/"},{"@type":"ListItem","position":2,"name":"Aksamitny komplet &#8211; lawenda z gryk\u0105"}]},{"@type":"WebSite","@id":"https:\/\/lavendelnaturhaus.com\/#website","url":"https:\/\/lavendelnaturhaus.com\/","name":"Lavendel NaturHaus - plantacja lawendy \u2022 sklep internetowy z kosmetykami z lawendy","description":"Zapraszamy do zapoznania si\u0119 z ofert\u0105 sklepu online, a tak\u017ce zach\u0119camy do odwiedzenia naszej plantacji lawendy.","potentialAction":[{"@type":"SearchAction","target":{"@type":"EntryPoint","urlTemplate":"https:\/\/lavendelnaturhaus.com\/?s={search_term_string}"},"query-input":"required name=search_term_string"}],"inLanguage":"en-US"}]}},"_links":{"self":[{"href":"https:\/\/lavendelnaturhaus.com\/en\/wp-json\/wp\/v2\/product\/1799"}],"collection":[{"href":"https:\/\/lavendelnaturhaus.com\/en\/wp-json\/wp\/v2\/product"}],"about":[{"href":"https:\/\/lavendelnaturhaus.com\/en\/wp-json\/wp\/v2\/types\/product"}],"replies":[{"embeddable":true,"href":"https:\/\/lavendelnaturhaus.com\/en\/wp-json\/wp\/v2\/comments?post=1799"}],"wp:featuredmedia":[{"embeddable":true,"href":"https:\/\/lavendelnaturhaus.com\/en\/wp-json\/wp\/v2\/media\/1809"}],"wp:attachment":[{"href":"https:\/\/lavendelnaturhaus.com\/en\/wp-json\/wp\/v2\/media?parent=1799"}],"wp:term":[{"taxonomy":"product_cat","embeddable":true,"href":"https:\/\/lavendelnaturhaus.com\/en\/wp-json\/wp\/v2\/product_cat?post=1799"},{"taxonomy":"product_tag","embeddable":true,"href":"https:\/\/lavendelnaturhaus.com\/en\/wp-json\/wp\/v2\/product_tag?post=1799"}],"curies":[{"name":"wp","href":"https:\/\/api.w.org\/{rel}","templated":true}]}}