{"id":1338,"date":"2019-08-22T20:36:17","date_gmt":"2019-08-22T18:36:17","guid":{"rendered":"https:\/\/lavendelnaturhaus.com\/?post_type=product&#038;p=1338"},"modified":"2020-07-13T06:56:39","modified_gmt":"2020-07-13T04:56:39","slug":"poduszka-dla-dzieci-luska-gryki-lawenda-baranki","status":"publish","type":"product","link":"https:\/\/lavendelnaturhaus.com\/en\/product\/poduszka-dla-dzieci-luska-gryki-lawenda-baranki\/","title":{"rendered":"Poduszka dla dzieci z \u0142usk\u0105 gryki i lawend\u0105 &#8211; baranki"},"content":{"rendered":"<p class=\"qtranxs-available-languages-message qtranxs-available-languages-message-en\">Sorry, this entry is only available in <a href=\"https:\/\/lavendelnaturhaus.com\/pl\/wp-json\/wp\/v2\/product\/1338\" class=\"qtranxs-available-language-link qtranxs-available-language-link-pl\" title=\"Polski\">Polish<\/a>.<\/p>","protected":false},"excerpt":{"rendered":"<p>Sorry, this entry is only available in Polish.<\/p>\n","protected":false},"featured_media":1339,"comment_status":"open","ping_status":"closed","template":"","meta":[],"product_cat":[127,128,114,118,26,9,27,12],"product_tag":[70,40,71,69,60],"yoast_head":"<!-- This site is optimized with the Yoast SEO plugin v21.5 - https:\/\/yoast.com\/wordpress\/plugins\/seo\/ -->\n<title>Poduszka dla dzieci z \u0142usk\u0105 gryki i lawend\u0105 - baranki - Lavendel NaturHaus - plantacja lawendy \u2022 sklep internetowy z kosmetykami z lawendy<\/title>\n<meta name=\"description\" content=\"Naturalna poduszki wype\u0142niona \u0142usk\u0105 .Ma w\u0142a\u015bciwo\u015bci przeciwzapalne, blokuje rozw\u00f3j m.in. bakterii, ple\u015bni, grzyb\u00f3w i mikroorganizm\u00f3w takich jak roztocza.\" \/>\n<meta name=\"robots\" content=\"index, follow, max-snippet:-1, max-image-preview:large, max-video-preview:-1\" \/>\n<link rel=\"canonical\" href=\"https:\/\/lavendelnaturhaus.com\/product\/poduszka-dla-dzieci-luska-gryki-lawenda-baranki\/\" \/>\n<meta property=\"og:locale\" content=\"en_US\" \/>\n<meta property=\"og:type\" content=\"article\" \/>\n<meta property=\"og:title\" content=\"Poduszka dla dzieci z \u0142usk\u0105 gryki i lawend\u0105 - baranki - Lavendel NaturHaus - plantacja lawendy \u2022 sklep internetowy z kosmetykami z lawendy\" \/>\n<meta property=\"og:description\" content=\"Naturalna poduszki wype\u0142niona \u0142usk\u0105 .Ma w\u0142a\u015bciwo\u015bci przeciwzapalne, blokuje rozw\u00f3j m.in. bakterii, ple\u015bni, grzyb\u00f3w i mikroorganizm\u00f3w takich jak roztocza.\" \/>\n<meta property=\"og:url\" content=\"https:\/\/lavendelnaturhaus.com\/product\/poduszka-dla-dzieci-luska-gryki-lawenda-baranki\/\" \/>\n<meta property=\"og:site_name\" content=\"Lavendel NaturHaus - plantacja lawendy \u2022 sklep internetowy z kosmetykami z lawendy\" \/>\n<meta property=\"article:modified_time\" content=\"2020-07-13T04:56:39+00:00\" \/>\n<meta property=\"og:image\" content=\"https:\/\/lavendelnaturhaus.com\/wp-content\/uploads\/2019\/08\/68737618_437764753495427_2520788521602514944_n.jpg\" \/>\n\t<meta property=\"og:image:width\" content=\"459\" \/>\n\t<meta property=\"og:image:height\" content=\"701\" \/>\n\t<meta property=\"og:image:type\" content=\"image\/jpeg\" \/>\n<meta name=\"twitter:card\" content=\"summary_large_image\" \/>\n<meta name=\"twitter:label1\" content=\"Est. reading time\" \/>\n\t<meta name=\"twitter:data1\" content=\"1 minute\" \/>\n<script type=\"application\/ld+json\" class=\"yoast-schema-graph\">{\"@context\":\"https:\/\/schema.org\",\"@graph\":[{\"@type\":\"WebPage\",\"@id\":\"https:\/\/lavendelnaturhaus.com\/product\/poduszka-dla-dzieci-luska-gryki-lawenda-baranki\/\",\"url\":\"https:\/\/lavendelnaturhaus.com\/product\/poduszka-dla-dzieci-luska-gryki-lawenda-baranki\/\",\"name\":\"Poduszka dla dzieci z \u0142usk\u0105 gryki i lawend\u0105 - baranki - Lavendel NaturHaus - plantacja lawendy \u2022 sklep internetowy z kosmetykami z lawendy\",\"isPartOf\":{\"@id\":\"https:\/\/lavendelnaturhaus.com\/#website\"},\"datePublished\":\"2019-08-22T18:36:17+00:00\",\"dateModified\":\"2020-07-13T04:56:39+00:00\",\"description\":\"Naturalna poduszki wype\u0142niona \u0142usk\u0105 .Ma w\u0142a\u015bciwo\u015bci przeciwzapalne, blokuje rozw\u00f3j m.in. bakterii, ple\u015bni, grzyb\u00f3w i mikroorganizm\u00f3w takich jak roztocza.\",\"breadcrumb\":{\"@id\":\"https:\/\/lavendelnaturhaus.com\/product\/poduszka-dla-dzieci-luska-gryki-lawenda-baranki\/#breadcrumb\"},\"inLanguage\":\"en-US\",\"potentialAction\":[{\"@type\":\"ReadAction\",\"target\":[\"https:\/\/lavendelnaturhaus.com\/product\/poduszka-dla-dzieci-luska-gryki-lawenda-baranki\/\"]}]},{\"@type\":\"BreadcrumbList\",\"@id\":\"https:\/\/lavendelnaturhaus.com\/product\/poduszka-dla-dzieci-luska-gryki-lawenda-baranki\/#breadcrumb\",\"itemListElement\":[{\"@type\":\"ListItem\",\"position\":1,\"name\":\"Strona g\u0142\u00f3wna\",\"item\":\"https:\/\/lavendelnaturhaus.com\/\"},{\"@type\":\"ListItem\",\"position\":2,\"name\":\"Poduszka dla dzieci z \u0142usk\u0105 gryki i lawend\u0105 &#8211; baranki\"}]},{\"@type\":\"WebSite\",\"@id\":\"https:\/\/lavendelnaturhaus.com\/#website\",\"url\":\"https:\/\/lavendelnaturhaus.com\/\",\"name\":\"Lavendel NaturHaus - plantacja lawendy \u2022 sklep internetowy z kosmetykami z lawendy\",\"description\":\"Zapraszamy do zapoznania si\u0119 z ofert\u0105 sklepu online, a tak\u017ce zach\u0119camy do odwiedzenia naszej plantacji lawendy.\",\"potentialAction\":[{\"@type\":\"SearchAction\",\"target\":{\"@type\":\"EntryPoint\",\"urlTemplate\":\"https:\/\/lavendelnaturhaus.com\/?s={search_term_string}\"},\"query-input\":\"required name=search_term_string\"}],\"inLanguage\":\"en-US\"}]}<\/script>\n<!-- \/ Yoast SEO plugin. -->","yoast_head_json":{"title":"Poduszka dla dzieci z \u0142usk\u0105 gryki i lawend\u0105 - baranki - Lavendel NaturHaus - plantacja lawendy \u2022 sklep internetowy z kosmetykami z lawendy","description":"Naturalna poduszki wype\u0142niona \u0142usk\u0105 .Ma w\u0142a\u015bciwo\u015bci przeciwzapalne, blokuje rozw\u00f3j m.in. bakterii, ple\u015bni, grzyb\u00f3w i mikroorganizm\u00f3w takich jak roztocza.","robots":{"index":"index","follow":"follow","max-snippet":"max-snippet:-1","max-image-preview":"max-image-preview:large","max-video-preview":"max-video-preview:-1"},"canonical":"https:\/\/lavendelnaturhaus.com\/product\/poduszka-dla-dzieci-luska-gryki-lawenda-baranki\/","og_locale":"en_US","og_type":"article","og_title":"Poduszka dla dzieci z \u0142usk\u0105 gryki i lawend\u0105 - baranki - Lavendel NaturHaus - plantacja lawendy \u2022 sklep internetowy z kosmetykami z lawendy","og_description":"Naturalna poduszki wype\u0142niona \u0142usk\u0105 .Ma w\u0142a\u015bciwo\u015bci przeciwzapalne, blokuje rozw\u00f3j m.in. bakterii, ple\u015bni, grzyb\u00f3w i mikroorganizm\u00f3w takich jak roztocza.","og_url":"https:\/\/lavendelnaturhaus.com\/product\/poduszka-dla-dzieci-luska-gryki-lawenda-baranki\/","og_site_name":"Lavendel NaturHaus - plantacja lawendy \u2022 sklep internetowy z kosmetykami z lawendy","article_modified_time":"2020-07-13T04:56:39+00:00","og_image":[{"width":459,"height":701,"url":"https:\/\/lavendelnaturhaus.com\/wp-content\/uploads\/2019\/08\/68737618_437764753495427_2520788521602514944_n.jpg","type":"image\/jpeg"}],"twitter_card":"summary_large_image","twitter_misc":{"Est. reading time":"1 minute"},"schema":{"@context":"https:\/\/schema.org","@graph":[{"@type":"WebPage","@id":"https:\/\/lavendelnaturhaus.com\/product\/poduszka-dla-dzieci-luska-gryki-lawenda-baranki\/","url":"https:\/\/lavendelnaturhaus.com\/product\/poduszka-dla-dzieci-luska-gryki-lawenda-baranki\/","name":"Poduszka dla dzieci z \u0142usk\u0105 gryki i lawend\u0105 - baranki - Lavendel NaturHaus - plantacja lawendy \u2022 sklep internetowy z kosmetykami z lawendy","isPartOf":{"@id":"https:\/\/lavendelnaturhaus.com\/#website"},"datePublished":"2019-08-22T18:36:17+00:00","dateModified":"2020-07-13T04:56:39+00:00","description":"Naturalna poduszki wype\u0142niona \u0142usk\u0105 .Ma w\u0142a\u015bciwo\u015bci przeciwzapalne, blokuje rozw\u00f3j m.in. bakterii, ple\u015bni, grzyb\u00f3w i mikroorganizm\u00f3w takich jak roztocza.","breadcrumb":{"@id":"https:\/\/lavendelnaturhaus.com\/product\/poduszka-dla-dzieci-luska-gryki-lawenda-baranki\/#breadcrumb"},"inLanguage":"en-US","potentialAction":[{"@type":"ReadAction","target":["https:\/\/lavendelnaturhaus.com\/product\/poduszka-dla-dzieci-luska-gryki-lawenda-baranki\/"]}]},{"@type":"BreadcrumbList","@id":"https:\/\/lavendelnaturhaus.com\/product\/poduszka-dla-dzieci-luska-gryki-lawenda-baranki\/#breadcrumb","itemListElement":[{"@type":"ListItem","position":1,"name":"Strona g\u0142\u00f3wna","item":"https:\/\/lavendelnaturhaus.com\/"},{"@type":"ListItem","position":2,"name":"Poduszka dla dzieci z \u0142usk\u0105 gryki i lawend\u0105 &#8211; baranki"}]},{"@type":"WebSite","@id":"https:\/\/lavendelnaturhaus.com\/#website","url":"https:\/\/lavendelnaturhaus.com\/","name":"Lavendel NaturHaus - plantacja lawendy \u2022 sklep internetowy z kosmetykami z lawendy","description":"Zapraszamy do zapoznania si\u0119 z ofert\u0105 sklepu online, a tak\u017ce zach\u0119camy do odwiedzenia naszej plantacji lawendy.","potentialAction":[{"@type":"SearchAction","target":{"@type":"EntryPoint","urlTemplate":"https:\/\/lavendelnaturhaus.com\/?s={search_term_string}"},"query-input":"required name=search_term_string"}],"inLanguage":"en-US"}]}},"_links":{"self":[{"href":"https:\/\/lavendelnaturhaus.com\/en\/wp-json\/wp\/v2\/product\/1338"}],"collection":[{"href":"https:\/\/lavendelnaturhaus.com\/en\/wp-json\/wp\/v2\/product"}],"about":[{"href":"https:\/\/lavendelnaturhaus.com\/en\/wp-json\/wp\/v2\/types\/product"}],"replies":[{"embeddable":true,"href":"https:\/\/lavendelnaturhaus.com\/en\/wp-json\/wp\/v2\/comments?post=1338"}],"wp:featuredmedia":[{"embeddable":true,"href":"https:\/\/lavendelnaturhaus.com\/en\/wp-json\/wp\/v2\/media\/1339"}],"wp:attachment":[{"href":"https:\/\/lavendelnaturhaus.com\/en\/wp-json\/wp\/v2\/media?parent=1338"}],"wp:term":[{"taxonomy":"product_cat","embeddable":true,"href":"https:\/\/lavendelnaturhaus.com\/en\/wp-json\/wp\/v2\/product_cat?post=1338"},{"taxonomy":"product_tag","embeddable":true,"href":"https:\/\/lavendelnaturhaus.com\/en\/wp-json\/wp\/v2\/product_tag?post=1338"}],"curies":[{"name":"wp","href":"https:\/\/api.w.org\/{rel}","templated":true}]}}