{"id":1260,"date":"2019-08-11T16:04:48","date_gmt":"2019-08-11T14:04:48","guid":{"rendered":"https:\/\/lavendelnaturhaus.com\/?post_type=product&#038;p=1260"},"modified":"2023-08-21T13:15:58","modified_gmt":"2023-08-21T11:15:58","slug":"komplet-3-woreczkow","status":"publish","type":"product","link":"https:\/\/lavendelnaturhaus.com\/en\/product\/komplet-3-woreczkow\/","title":{"rendered":"Komplet 3 woreczk\u00f3w"},"content":{"rendered":"<p class=\"qtranxs-available-languages-message qtranxs-available-languages-message-en\">Sorry, this entry is only available in <a href=\"https:\/\/lavendelnaturhaus.com\/pl\/wp-json\/wp\/v2\/product\/1260\" class=\"qtranxs-available-language-link qtranxs-available-language-link-pl\" title=\"Polski\">Polish<\/a>.<\/p>","protected":false},"excerpt":{"rendered":"<p>Sorry, this entry is only available in Polish.<\/p>\n","protected":false},"featured_media":1258,"comment_status":"open","ping_status":"closed","template":"","meta":[],"product_cat":[9,12,63],"product_tag":[],"yoast_head":"<!-- This site is optimized with the Yoast SEO plugin v21.5 - https:\/\/yoast.com\/wordpress\/plugins\/seo\/ -->\n<title>Komplet 3 woreczk\u00f3w - Lavendel NaturHaus - plantacja lawendy \u2022 sklep internetowy z kosmetykami z lawendy<\/title>\n<meta name=\"description\" content=\"Komplet 3 woreczk\u00f3w wype\u0142nionych lawend\u0105 o wym. 7 cm x 11 cm. Uszyty z lnu w kolorze khaki, ozdobiony stemplem w kszta\u0142cie serca. Elegancki upominek.\" \/>\n<meta name=\"robots\" content=\"index, follow, max-snippet:-1, max-image-preview:large, max-video-preview:-1\" \/>\n<link rel=\"canonical\" href=\"https:\/\/lavendelnaturhaus.com\/product\/komplet-3-woreczkow\/\" \/>\n<meta property=\"og:locale\" content=\"en_US\" \/>\n<meta property=\"og:type\" content=\"article\" \/>\n<meta property=\"og:title\" content=\"Komplet 3 woreczk\u00f3w - Lavendel NaturHaus - plantacja lawendy \u2022 sklep internetowy z kosmetykami z lawendy\" \/>\n<meta property=\"og:description\" content=\"Komplet 3 woreczk\u00f3w wype\u0142nionych lawend\u0105 o wym. 7 cm x 11 cm. Uszyty z lnu w kolorze khaki, ozdobiony stemplem w kszta\u0142cie serca. Elegancki upominek.\" \/>\n<meta property=\"og:url\" content=\"https:\/\/lavendelnaturhaus.com\/product\/komplet-3-woreczkow\/\" \/>\n<meta property=\"og:site_name\" content=\"Lavendel NaturHaus - plantacja lawendy \u2022 sklep internetowy z kosmetykami z lawendy\" \/>\n<meta property=\"article:modified_time\" content=\"2023-08-21T11:15:58+00:00\" \/>\n<meta property=\"og:image\" content=\"https:\/\/lavendelnaturhaus.com\/wp-content\/uploads\/2019\/08\/68516074_382799289093726_6180422221995966464_n.jpg\" \/>\n\t<meta property=\"og:image:width\" content=\"1941\" \/>\n\t<meta property=\"og:image:height\" content=\"3556\" \/>\n\t<meta property=\"og:image:type\" content=\"image\/jpeg\" \/>\n<meta name=\"twitter:card\" content=\"summary_large_image\" \/>\n<script type=\"application\/ld+json\" class=\"yoast-schema-graph\">{\"@context\":\"https:\/\/schema.org\",\"@graph\":[{\"@type\":\"WebPage\",\"@id\":\"https:\/\/lavendelnaturhaus.com\/product\/komplet-3-woreczkow\/\",\"url\":\"https:\/\/lavendelnaturhaus.com\/product\/komplet-3-woreczkow\/\",\"name\":\"Komplet 3 woreczk\u00f3w - Lavendel NaturHaus - plantacja lawendy \u2022 sklep internetowy z kosmetykami z lawendy\",\"isPartOf\":{\"@id\":\"https:\/\/lavendelnaturhaus.com\/#website\"},\"datePublished\":\"2019-08-11T14:04:48+00:00\",\"dateModified\":\"2023-08-21T11:15:58+00:00\",\"description\":\"Komplet 3 woreczk\u00f3w wype\u0142nionych lawend\u0105 o wym. 7 cm x 11 cm. Uszyty z lnu w kolorze khaki, ozdobiony stemplem w kszta\u0142cie serca. Elegancki upominek.\",\"breadcrumb\":{\"@id\":\"https:\/\/lavendelnaturhaus.com\/product\/komplet-3-woreczkow\/#breadcrumb\"},\"inLanguage\":\"en-US\",\"potentialAction\":[{\"@type\":\"ReadAction\",\"target\":[\"https:\/\/lavendelnaturhaus.com\/product\/komplet-3-woreczkow\/\"]}]},{\"@type\":\"BreadcrumbList\",\"@id\":\"https:\/\/lavendelnaturhaus.com\/product\/komplet-3-woreczkow\/#breadcrumb\",\"itemListElement\":[{\"@type\":\"ListItem\",\"position\":1,\"name\":\"Strona g\u0142\u00f3wna\",\"item\":\"https:\/\/lavendelnaturhaus.com\/\"},{\"@type\":\"ListItem\",\"position\":2,\"name\":\"Komplet 3 woreczk\u00f3w\"}]},{\"@type\":\"WebSite\",\"@id\":\"https:\/\/lavendelnaturhaus.com\/#website\",\"url\":\"https:\/\/lavendelnaturhaus.com\/\",\"name\":\"Lavendel NaturHaus - plantacja lawendy \u2022 sklep internetowy z kosmetykami z lawendy\",\"description\":\"Zapraszamy do zapoznania si\u0119 z ofert\u0105 sklepu online, a tak\u017ce zach\u0119camy do odwiedzenia naszej plantacji lawendy.\",\"potentialAction\":[{\"@type\":\"SearchAction\",\"target\":{\"@type\":\"EntryPoint\",\"urlTemplate\":\"https:\/\/lavendelnaturhaus.com\/?s={search_term_string}\"},\"query-input\":\"required name=search_term_string\"}],\"inLanguage\":\"en-US\"}]}<\/script>\n<!-- \/ Yoast SEO plugin. -->","yoast_head_json":{"title":"Komplet 3 woreczk\u00f3w - Lavendel NaturHaus - plantacja lawendy \u2022 sklep internetowy z kosmetykami z lawendy","description":"Komplet 3 woreczk\u00f3w wype\u0142nionych lawend\u0105 o wym. 7 cm x 11 cm. Uszyty z lnu w kolorze khaki, ozdobiony stemplem w kszta\u0142cie serca. Elegancki upominek.","robots":{"index":"index","follow":"follow","max-snippet":"max-snippet:-1","max-image-preview":"max-image-preview:large","max-video-preview":"max-video-preview:-1"},"canonical":"https:\/\/lavendelnaturhaus.com\/product\/komplet-3-woreczkow\/","og_locale":"en_US","og_type":"article","og_title":"Komplet 3 woreczk\u00f3w - Lavendel NaturHaus - plantacja lawendy \u2022 sklep internetowy z kosmetykami z lawendy","og_description":"Komplet 3 woreczk\u00f3w wype\u0142nionych lawend\u0105 o wym. 7 cm x 11 cm. Uszyty z lnu w kolorze khaki, ozdobiony stemplem w kszta\u0142cie serca. Elegancki upominek.","og_url":"https:\/\/lavendelnaturhaus.com\/product\/komplet-3-woreczkow\/","og_site_name":"Lavendel NaturHaus - plantacja lawendy \u2022 sklep internetowy z kosmetykami z lawendy","article_modified_time":"2023-08-21T11:15:58+00:00","og_image":[{"width":1941,"height":3556,"url":"https:\/\/lavendelnaturhaus.com\/wp-content\/uploads\/2019\/08\/68516074_382799289093726_6180422221995966464_n.jpg","type":"image\/jpeg"}],"twitter_card":"summary_large_image","schema":{"@context":"https:\/\/schema.org","@graph":[{"@type":"WebPage","@id":"https:\/\/lavendelnaturhaus.com\/product\/komplet-3-woreczkow\/","url":"https:\/\/lavendelnaturhaus.com\/product\/komplet-3-woreczkow\/","name":"Komplet 3 woreczk\u00f3w - Lavendel NaturHaus - plantacja lawendy \u2022 sklep internetowy z kosmetykami z lawendy","isPartOf":{"@id":"https:\/\/lavendelnaturhaus.com\/#website"},"datePublished":"2019-08-11T14:04:48+00:00","dateModified":"2023-08-21T11:15:58+00:00","description":"Komplet 3 woreczk\u00f3w wype\u0142nionych lawend\u0105 o wym. 7 cm x 11 cm. Uszyty z lnu w kolorze khaki, ozdobiony stemplem w kszta\u0142cie serca. Elegancki upominek.","breadcrumb":{"@id":"https:\/\/lavendelnaturhaus.com\/product\/komplet-3-woreczkow\/#breadcrumb"},"inLanguage":"en-US","potentialAction":[{"@type":"ReadAction","target":["https:\/\/lavendelnaturhaus.com\/product\/komplet-3-woreczkow\/"]}]},{"@type":"BreadcrumbList","@id":"https:\/\/lavendelnaturhaus.com\/product\/komplet-3-woreczkow\/#breadcrumb","itemListElement":[{"@type":"ListItem","position":1,"name":"Strona g\u0142\u00f3wna","item":"https:\/\/lavendelnaturhaus.com\/"},{"@type":"ListItem","position":2,"name":"Komplet 3 woreczk\u00f3w"}]},{"@type":"WebSite","@id":"https:\/\/lavendelnaturhaus.com\/#website","url":"https:\/\/lavendelnaturhaus.com\/","name":"Lavendel NaturHaus - plantacja lawendy \u2022 sklep internetowy z kosmetykami z lawendy","description":"Zapraszamy do zapoznania si\u0119 z ofert\u0105 sklepu online, a tak\u017ce zach\u0119camy do odwiedzenia naszej plantacji lawendy.","potentialAction":[{"@type":"SearchAction","target":{"@type":"EntryPoint","urlTemplate":"https:\/\/lavendelnaturhaus.com\/?s={search_term_string}"},"query-input":"required name=search_term_string"}],"inLanguage":"en-US"}]}},"_links":{"self":[{"href":"https:\/\/lavendelnaturhaus.com\/en\/wp-json\/wp\/v2\/product\/1260"}],"collection":[{"href":"https:\/\/lavendelnaturhaus.com\/en\/wp-json\/wp\/v2\/product"}],"about":[{"href":"https:\/\/lavendelnaturhaus.com\/en\/wp-json\/wp\/v2\/types\/product"}],"replies":[{"embeddable":true,"href":"https:\/\/lavendelnaturhaus.com\/en\/wp-json\/wp\/v2\/comments?post=1260"}],"wp:featuredmedia":[{"embeddable":true,"href":"https:\/\/lavendelnaturhaus.com\/en\/wp-json\/wp\/v2\/media\/1258"}],"wp:attachment":[{"href":"https:\/\/lavendelnaturhaus.com\/en\/wp-json\/wp\/v2\/media?parent=1260"}],"wp:term":[{"taxonomy":"product_cat","embeddable":true,"href":"https:\/\/lavendelnaturhaus.com\/en\/wp-json\/wp\/v2\/product_cat?post=1260"},{"taxonomy":"product_tag","embeddable":true,"href":"https:\/\/lavendelnaturhaus.com\/en\/wp-json\/wp\/v2\/product_tag?post=1260"}],"curies":[{"name":"wp","href":"https:\/\/api.w.org\/{rel}","templated":true}]}}