{"id":1233,"date":"2019-08-06T11:35:45","date_gmt":"2019-08-06T09:35:45","guid":{"rendered":"https:\/\/lavendelnaturhaus.com\/?post_type=product&#038;p=1233"},"modified":"2021-08-31T10:31:27","modified_gmt":"2021-08-31T08:31:27","slug":"eko-deco-lawendowy-snopek","status":"publish","type":"product","link":"https:\/\/lavendelnaturhaus.com\/en\/product\/eko-deco-lawendowy-snopek\/","title":{"rendered":"Eko &#8211; deco &#8211; lawendowy snopek"},"content":{"rendered":"<p class=\"qtranxs-available-languages-message qtranxs-available-languages-message-en\">Sorry, this entry is only available in <a href=\"https:\/\/lavendelnaturhaus.com\/pl\/wp-json\/wp\/v2\/product\/1233\" class=\"qtranxs-available-language-link qtranxs-available-language-link-pl\" title=\"Polski\">Polish<\/a>.<\/p>","protected":false},"excerpt":{"rendered":"<p>Sorry, this entry is only available in Polish.<\/p>\n","protected":false},"featured_media":1234,"comment_status":"open","ping_status":"closed","template":"","meta":[],"product_cat":[9,12],"product_tag":[55,56,40,57],"yoast_head":"<!-- This site is optimized with the Yoast SEO plugin v21.5 - https:\/\/yoast.com\/wordpress\/plugins\/seo\/ -->\n<title>Eko - deco - lawendowy snopek - Lavendel NaturHaus - plantacja lawendy \u2022 sklep internetowy z kosmetykami z lawendy<\/title>\n<meta name=\"description\" content=\"Du\u017ce snopki po om\u0142ocie lawendy. Eco dekolacja Aromatyczne, bardzo dekoracyjne z eko plantacji. Oryginalna , naturalna ozdoba domu Eko\" \/>\n<meta name=\"robots\" content=\"index, follow, max-snippet:-1, max-image-preview:large, max-video-preview:-1\" \/>\n<link rel=\"canonical\" href=\"https:\/\/lavendelnaturhaus.com\/product\/eko-deco-lawendowy-snopek\/\" \/>\n<meta property=\"og:locale\" content=\"en_US\" \/>\n<meta property=\"og:type\" content=\"article\" \/>\n<meta property=\"og:title\" content=\"Eko - deco - lawendowy snopek - Lavendel NaturHaus - plantacja lawendy \u2022 sklep internetowy z kosmetykami z lawendy\" \/>\n<meta property=\"og:description\" content=\"Du\u017ce snopki po om\u0142ocie lawendy. Eco dekolacja Aromatyczne, bardzo dekoracyjne z eko plantacji. Oryginalna , naturalna ozdoba domu Eko\" \/>\n<meta property=\"og:url\" content=\"https:\/\/lavendelnaturhaus.com\/product\/eko-deco-lawendowy-snopek\/\" \/>\n<meta property=\"og:site_name\" content=\"Lavendel NaturHaus - plantacja lawendy \u2022 sklep internetowy z kosmetykami z lawendy\" \/>\n<meta property=\"article:modified_time\" content=\"2021-08-31T08:31:27+00:00\" \/>\n<meta property=\"og:image\" content=\"https:\/\/lavendelnaturhaus.com\/wp-content\/uploads\/2019\/08\/67965817_386021855601400_7092340591794585600_n.jpg\" \/>\n\t<meta property=\"og:image:width\" content=\"1935\" \/>\n\t<meta property=\"og:image:height\" content=\"2335\" \/>\n\t<meta property=\"og:image:type\" content=\"image\/jpeg\" \/>\n<meta name=\"twitter:card\" content=\"summary_large_image\" \/>\n<script type=\"application\/ld+json\" class=\"yoast-schema-graph\">{\"@context\":\"https:\/\/schema.org\",\"@graph\":[{\"@type\":\"WebPage\",\"@id\":\"https:\/\/lavendelnaturhaus.com\/product\/eko-deco-lawendowy-snopek\/\",\"url\":\"https:\/\/lavendelnaturhaus.com\/product\/eko-deco-lawendowy-snopek\/\",\"name\":\"Eko - deco - lawendowy snopek - Lavendel NaturHaus - plantacja lawendy \u2022 sklep internetowy z kosmetykami z lawendy\",\"isPartOf\":{\"@id\":\"https:\/\/lavendelnaturhaus.com\/#website\"},\"datePublished\":\"2019-08-06T09:35:45+00:00\",\"dateModified\":\"2021-08-31T08:31:27+00:00\",\"description\":\"Du\u017ce snopki po om\u0142ocie lawendy. Eco dekolacja Aromatyczne, bardzo dekoracyjne z eko plantacji. Oryginalna , naturalna ozdoba domu Eko\",\"breadcrumb\":{\"@id\":\"https:\/\/lavendelnaturhaus.com\/product\/eko-deco-lawendowy-snopek\/#breadcrumb\"},\"inLanguage\":\"en-US\",\"potentialAction\":[{\"@type\":\"ReadAction\",\"target\":[\"https:\/\/lavendelnaturhaus.com\/product\/eko-deco-lawendowy-snopek\/\"]}]},{\"@type\":\"BreadcrumbList\",\"@id\":\"https:\/\/lavendelnaturhaus.com\/product\/eko-deco-lawendowy-snopek\/#breadcrumb\",\"itemListElement\":[{\"@type\":\"ListItem\",\"position\":1,\"name\":\"Strona g\u0142\u00f3wna\",\"item\":\"https:\/\/lavendelnaturhaus.com\/\"},{\"@type\":\"ListItem\",\"position\":2,\"name\":\"Eko &#8211; deco &#8211; lawendowy snopek\"}]},{\"@type\":\"WebSite\",\"@id\":\"https:\/\/lavendelnaturhaus.com\/#website\",\"url\":\"https:\/\/lavendelnaturhaus.com\/\",\"name\":\"Lavendel NaturHaus - plantacja lawendy \u2022 sklep internetowy z kosmetykami z lawendy\",\"description\":\"Zapraszamy do zapoznania si\u0119 z ofert\u0105 sklepu online, a tak\u017ce zach\u0119camy do odwiedzenia naszej plantacji lawendy.\",\"potentialAction\":[{\"@type\":\"SearchAction\",\"target\":{\"@type\":\"EntryPoint\",\"urlTemplate\":\"https:\/\/lavendelnaturhaus.com\/?s={search_term_string}\"},\"query-input\":\"required name=search_term_string\"}],\"inLanguage\":\"en-US\"}]}<\/script>\n<!-- \/ Yoast SEO plugin. -->","yoast_head_json":{"title":"Eko - deco - lawendowy snopek - Lavendel NaturHaus - plantacja lawendy \u2022 sklep internetowy z kosmetykami z lawendy","description":"Du\u017ce snopki po om\u0142ocie lawendy. Eco dekolacja Aromatyczne, bardzo dekoracyjne z eko plantacji. Oryginalna , naturalna ozdoba domu Eko","robots":{"index":"index","follow":"follow","max-snippet":"max-snippet:-1","max-image-preview":"max-image-preview:large","max-video-preview":"max-video-preview:-1"},"canonical":"https:\/\/lavendelnaturhaus.com\/product\/eko-deco-lawendowy-snopek\/","og_locale":"en_US","og_type":"article","og_title":"Eko - deco - lawendowy snopek - Lavendel NaturHaus - plantacja lawendy \u2022 sklep internetowy z kosmetykami z lawendy","og_description":"Du\u017ce snopki po om\u0142ocie lawendy. Eco dekolacja Aromatyczne, bardzo dekoracyjne z eko plantacji. Oryginalna , naturalna ozdoba domu Eko","og_url":"https:\/\/lavendelnaturhaus.com\/product\/eko-deco-lawendowy-snopek\/","og_site_name":"Lavendel NaturHaus - plantacja lawendy \u2022 sklep internetowy z kosmetykami z lawendy","article_modified_time":"2021-08-31T08:31:27+00:00","og_image":[{"width":1935,"height":2335,"url":"https:\/\/lavendelnaturhaus.com\/wp-content\/uploads\/2019\/08\/67965817_386021855601400_7092340591794585600_n.jpg","type":"image\/jpeg"}],"twitter_card":"summary_large_image","schema":{"@context":"https:\/\/schema.org","@graph":[{"@type":"WebPage","@id":"https:\/\/lavendelnaturhaus.com\/product\/eko-deco-lawendowy-snopek\/","url":"https:\/\/lavendelnaturhaus.com\/product\/eko-deco-lawendowy-snopek\/","name":"Eko - deco - lawendowy snopek - Lavendel NaturHaus - plantacja lawendy \u2022 sklep internetowy z kosmetykami z lawendy","isPartOf":{"@id":"https:\/\/lavendelnaturhaus.com\/#website"},"datePublished":"2019-08-06T09:35:45+00:00","dateModified":"2021-08-31T08:31:27+00:00","description":"Du\u017ce snopki po om\u0142ocie lawendy. Eco dekolacja Aromatyczne, bardzo dekoracyjne z eko plantacji. Oryginalna , naturalna ozdoba domu Eko","breadcrumb":{"@id":"https:\/\/lavendelnaturhaus.com\/product\/eko-deco-lawendowy-snopek\/#breadcrumb"},"inLanguage":"en-US","potentialAction":[{"@type":"ReadAction","target":["https:\/\/lavendelnaturhaus.com\/product\/eko-deco-lawendowy-snopek\/"]}]},{"@type":"BreadcrumbList","@id":"https:\/\/lavendelnaturhaus.com\/product\/eko-deco-lawendowy-snopek\/#breadcrumb","itemListElement":[{"@type":"ListItem","position":1,"name":"Strona g\u0142\u00f3wna","item":"https:\/\/lavendelnaturhaus.com\/"},{"@type":"ListItem","position":2,"name":"Eko &#8211; deco &#8211; lawendowy snopek"}]},{"@type":"WebSite","@id":"https:\/\/lavendelnaturhaus.com\/#website","url":"https:\/\/lavendelnaturhaus.com\/","name":"Lavendel NaturHaus - plantacja lawendy \u2022 sklep internetowy z kosmetykami z lawendy","description":"Zapraszamy do zapoznania si\u0119 z ofert\u0105 sklepu online, a tak\u017ce zach\u0119camy do odwiedzenia naszej plantacji lawendy.","potentialAction":[{"@type":"SearchAction","target":{"@type":"EntryPoint","urlTemplate":"https:\/\/lavendelnaturhaus.com\/?s={search_term_string}"},"query-input":"required name=search_term_string"}],"inLanguage":"en-US"}]}},"_links":{"self":[{"href":"https:\/\/lavendelnaturhaus.com\/en\/wp-json\/wp\/v2\/product\/1233"}],"collection":[{"href":"https:\/\/lavendelnaturhaus.com\/en\/wp-json\/wp\/v2\/product"}],"about":[{"href":"https:\/\/lavendelnaturhaus.com\/en\/wp-json\/wp\/v2\/types\/product"}],"replies":[{"embeddable":true,"href":"https:\/\/lavendelnaturhaus.com\/en\/wp-json\/wp\/v2\/comments?post=1233"}],"wp:featuredmedia":[{"embeddable":true,"href":"https:\/\/lavendelnaturhaus.com\/en\/wp-json\/wp\/v2\/media\/1234"}],"wp:attachment":[{"href":"https:\/\/lavendelnaturhaus.com\/en\/wp-json\/wp\/v2\/media?parent=1233"}],"wp:term":[{"taxonomy":"product_cat","embeddable":true,"href":"https:\/\/lavendelnaturhaus.com\/en\/wp-json\/wp\/v2\/product_cat?post=1233"},{"taxonomy":"product_tag","embeddable":true,"href":"https:\/\/lavendelnaturhaus.com\/en\/wp-json\/wp\/v2\/product_tag?post=1233"}],"curies":[{"name":"wp","href":"https:\/\/api.w.org\/{rel}","templated":true}]}}