{"id":1058,"date":"2019-05-16T13:43:27","date_gmt":"2019-05-16T11:43:27","guid":{"rendered":"https:\/\/lavendelnaturhaus.com\/?post_type=product&#038;p=1058"},"modified":"2022-07-06T10:58:25","modified_gmt":"2022-07-06T08:58:25","slug":"swieca-sojowa-lawenda-600-ml","status":"publish","type":"product","link":"https:\/\/lavendelnaturhaus.com\/en\/product\/swieca-sojowa-lawenda-600-ml\/","title":{"rendered":"Naturalna \u015bwieca sojowa &#8211; lawenda 600 ml"},"content":{"rendered":"<p class=\"qtranxs-available-languages-message qtranxs-available-languages-message-en\">Sorry, this entry is only available in <a href=\"https:\/\/lavendelnaturhaus.com\/pl\/wp-json\/wp\/v2\/product\/1058\" class=\"qtranxs-available-language-link qtranxs-available-language-link-pl\" title=\"Polski\">Polish<\/a>.<\/p>","protected":false},"excerpt":{"rendered":"<p>Sorry, this entry is only available in Polish.<\/p>\n","protected":false},"featured_media":1059,"comment_status":"open","ping_status":"closed","template":"","meta":[],"product_cat":[26,110,111,17],"product_tag":[],"yoast_head":"<!-- This site is optimized with the Yoast SEO plugin v21.5 - https:\/\/yoast.com\/wordpress\/plugins\/seo\/ -->\n<title>Naturalna \u015bwieca sojowa - lawenda 600 ml - Lavendel NaturHaus - plantacja lawendy \u2022 sklep internetowy z kosmetykami z lawendy<\/title>\n<meta name=\"description\" content=\"r\u0119cznie robione z dodatkiem olejku eterycznego - co oznacza i\u017c w \u015bwiecy o poj. 600 ml zawarte jest 60 ml ETERYCZNEGO olejku lawendowego!\" \/>\n<meta name=\"robots\" content=\"index, follow, max-snippet:-1, max-image-preview:large, max-video-preview:-1\" \/>\n<link rel=\"canonical\" href=\"https:\/\/lavendelnaturhaus.com\/ru\/product\/swieca-sojowa-lawenda-600-ml\/\" \/>\n<meta property=\"og:locale\" content=\"en_US\" \/>\n<meta property=\"og:type\" content=\"article\" \/>\n<meta property=\"og:title\" content=\"Naturalna \u015bwieca sojowa - lawenda 600 ml - Lavendel NaturHaus - plantacja lawendy \u2022 sklep internetowy z kosmetykami z lawendy\" \/>\n<meta property=\"og:description\" content=\"r\u0119cznie robione z dodatkiem olejku eterycznego - co oznacza i\u017c w \u015bwiecy o poj. 600 ml zawarte jest 60 ml ETERYCZNEGO olejku lawendowego!\" \/>\n<meta property=\"og:url\" content=\"https:\/\/lavendelnaturhaus.com\/ru\/product\/swieca-sojowa-lawenda-600-ml\/\" \/>\n<meta property=\"og:site_name\" content=\"Lavendel NaturHaus - plantacja lawendy \u2022 sklep internetowy z kosmetykami z lawendy\" \/>\n<meta property=\"article:modified_time\" content=\"2022-07-06T08:58:25+00:00\" \/>\n<meta property=\"og:image\" content=\"https:\/\/lavendelnaturhaus.com\/wp-content\/uploads\/2019\/05\/40.jpg\" \/>\n\t<meta property=\"og:image:width\" content=\"1809\" \/>\n\t<meta property=\"og:image:height\" content=\"2617\" \/>\n\t<meta property=\"og:image:type\" content=\"image\/jpeg\" \/>\n<meta name=\"twitter:card\" content=\"summary_large_image\" \/>\n<meta name=\"twitter:label1\" content=\"Est. reading time\" \/>\n\t<meta name=\"twitter:data1\" content=\"1 minute\" \/>\n<script type=\"application\/ld+json\" class=\"yoast-schema-graph\">{\"@context\":\"https:\/\/schema.org\",\"@graph\":[{\"@type\":\"WebPage\",\"@id\":\"https:\/\/lavendelnaturhaus.com\/ru\/product\/swieca-sojowa-lawenda-600-ml\/\",\"url\":\"https:\/\/lavendelnaturhaus.com\/ru\/product\/swieca-sojowa-lawenda-600-ml\/\",\"name\":\"Naturalna \u015bwieca sojowa - lawenda 600 ml - Lavendel NaturHaus - plantacja lawendy \u2022 sklep internetowy z kosmetykami z lawendy\",\"isPartOf\":{\"@id\":\"https:\/\/lavendelnaturhaus.com\/#website\"},\"datePublished\":\"2019-05-16T11:43:27+00:00\",\"dateModified\":\"2022-07-06T08:58:25+00:00\",\"description\":\"r\u0119cznie robione z dodatkiem olejku eterycznego - co oznacza i\u017c w \u015bwiecy o poj. 600 ml zawarte jest 60 ml ETERYCZNEGO olejku lawendowego!\",\"breadcrumb\":{\"@id\":\"https:\/\/lavendelnaturhaus.com\/ru\/product\/swieca-sojowa-lawenda-600-ml\/#breadcrumb\"},\"inLanguage\":\"en-US\",\"potentialAction\":[{\"@type\":\"ReadAction\",\"target\":[\"https:\/\/lavendelnaturhaus.com\/ru\/product\/swieca-sojowa-lawenda-600-ml\/\"]}]},{\"@type\":\"BreadcrumbList\",\"@id\":\"https:\/\/lavendelnaturhaus.com\/ru\/product\/swieca-sojowa-lawenda-600-ml\/#breadcrumb\",\"itemListElement\":[{\"@type\":\"ListItem\",\"position\":1,\"name\":\"Strona g\u0142\u00f3wna\",\"item\":\"https:\/\/lavendelnaturhaus.com\/\"},{\"@type\":\"ListItem\",\"position\":2,\"name\":\"Naturalna \u015bwieca sojowa &#8212; lawenda 600 ml\"}]},{\"@type\":\"WebSite\",\"@id\":\"https:\/\/lavendelnaturhaus.com\/#website\",\"url\":\"https:\/\/lavendelnaturhaus.com\/\",\"name\":\"Lavendel NaturHaus - plantacja lawendy \u2022 sklep internetowy z kosmetykami z lawendy\",\"description\":\"Zapraszamy do zapoznania si\u0119 z ofert\u0105 sklepu online, a tak\u017ce zach\u0119camy do odwiedzenia naszej plantacji lawendy.\",\"potentialAction\":[{\"@type\":\"SearchAction\",\"target\":{\"@type\":\"EntryPoint\",\"urlTemplate\":\"https:\/\/lavendelnaturhaus.com\/?s={search_term_string}\"},\"query-input\":\"required name=search_term_string\"}],\"inLanguage\":\"en-US\"}]}<\/script>\n<!-- \/ Yoast SEO plugin. -->","yoast_head_json":{"title":"Naturalna \u015bwieca sojowa - lawenda 600 ml - Lavendel NaturHaus - plantacja lawendy \u2022 sklep internetowy z kosmetykami z lawendy","description":"r\u0119cznie robione z dodatkiem olejku eterycznego - co oznacza i\u017c w \u015bwiecy o poj. 600 ml zawarte jest 60 ml ETERYCZNEGO olejku lawendowego!","robots":{"index":"index","follow":"follow","max-snippet":"max-snippet:-1","max-image-preview":"max-image-preview:large","max-video-preview":"max-video-preview:-1"},"canonical":"https:\/\/lavendelnaturhaus.com\/ru\/product\/swieca-sojowa-lawenda-600-ml\/","og_locale":"en_US","og_type":"article","og_title":"Naturalna \u015bwieca sojowa - lawenda 600 ml - Lavendel NaturHaus - plantacja lawendy \u2022 sklep internetowy z kosmetykami z lawendy","og_description":"r\u0119cznie robione z dodatkiem olejku eterycznego - co oznacza i\u017c w \u015bwiecy o poj. 600 ml zawarte jest 60 ml ETERYCZNEGO olejku lawendowego!","og_url":"https:\/\/lavendelnaturhaus.com\/ru\/product\/swieca-sojowa-lawenda-600-ml\/","og_site_name":"Lavendel NaturHaus - plantacja lawendy \u2022 sklep internetowy z kosmetykami z lawendy","article_modified_time":"2022-07-06T08:58:25+00:00","og_image":[{"width":1809,"height":2617,"url":"https:\/\/lavendelnaturhaus.com\/wp-content\/uploads\/2019\/05\/40.jpg","type":"image\/jpeg"}],"twitter_card":"summary_large_image","twitter_misc":{"Est. reading time":"1 minute"},"schema":{"@context":"https:\/\/schema.org","@graph":[{"@type":"WebPage","@id":"https:\/\/lavendelnaturhaus.com\/ru\/product\/swieca-sojowa-lawenda-600-ml\/","url":"https:\/\/lavendelnaturhaus.com\/ru\/product\/swieca-sojowa-lawenda-600-ml\/","name":"Naturalna \u015bwieca sojowa - lawenda 600 ml - Lavendel NaturHaus - plantacja lawendy \u2022 sklep internetowy z kosmetykami z lawendy","isPartOf":{"@id":"https:\/\/lavendelnaturhaus.com\/#website"},"datePublished":"2019-05-16T11:43:27+00:00","dateModified":"2022-07-06T08:58:25+00:00","description":"r\u0119cznie robione z dodatkiem olejku eterycznego - co oznacza i\u017c w \u015bwiecy o poj. 600 ml zawarte jest 60 ml ETERYCZNEGO olejku lawendowego!","breadcrumb":{"@id":"https:\/\/lavendelnaturhaus.com\/ru\/product\/swieca-sojowa-lawenda-600-ml\/#breadcrumb"},"inLanguage":"en-US","potentialAction":[{"@type":"ReadAction","target":["https:\/\/lavendelnaturhaus.com\/ru\/product\/swieca-sojowa-lawenda-600-ml\/"]}]},{"@type":"BreadcrumbList","@id":"https:\/\/lavendelnaturhaus.com\/ru\/product\/swieca-sojowa-lawenda-600-ml\/#breadcrumb","itemListElement":[{"@type":"ListItem","position":1,"name":"Strona g\u0142\u00f3wna","item":"https:\/\/lavendelnaturhaus.com\/"},{"@type":"ListItem","position":2,"name":"Naturalna \u015bwieca sojowa &#8212; lawenda 600 ml"}]},{"@type":"WebSite","@id":"https:\/\/lavendelnaturhaus.com\/#website","url":"https:\/\/lavendelnaturhaus.com\/","name":"Lavendel NaturHaus - plantacja lawendy \u2022 sklep internetowy z kosmetykami z lawendy","description":"Zapraszamy do zapoznania si\u0119 z ofert\u0105 sklepu online, a tak\u017ce zach\u0119camy do odwiedzenia naszej plantacji lawendy.","potentialAction":[{"@type":"SearchAction","target":{"@type":"EntryPoint","urlTemplate":"https:\/\/lavendelnaturhaus.com\/?s={search_term_string}"},"query-input":"required name=search_term_string"}],"inLanguage":"en-US"}]}},"_links":{"self":[{"href":"https:\/\/lavendelnaturhaus.com\/en\/wp-json\/wp\/v2\/product\/1058"}],"collection":[{"href":"https:\/\/lavendelnaturhaus.com\/en\/wp-json\/wp\/v2\/product"}],"about":[{"href":"https:\/\/lavendelnaturhaus.com\/en\/wp-json\/wp\/v2\/types\/product"}],"replies":[{"embeddable":true,"href":"https:\/\/lavendelnaturhaus.com\/en\/wp-json\/wp\/v2\/comments?post=1058"}],"wp:featuredmedia":[{"embeddable":true,"href":"https:\/\/lavendelnaturhaus.com\/en\/wp-json\/wp\/v2\/media\/1059"}],"wp:attachment":[{"href":"https:\/\/lavendelnaturhaus.com\/en\/wp-json\/wp\/v2\/media?parent=1058"}],"wp:term":[{"taxonomy":"product_cat","embeddable":true,"href":"https:\/\/lavendelnaturhaus.com\/en\/wp-json\/wp\/v2\/product_cat?post=1058"},{"taxonomy":"product_tag","embeddable":true,"href":"https:\/\/lavendelnaturhaus.com\/en\/wp-json\/wp\/v2\/product_tag?post=1058"}],"curies":[{"name":"wp","href":"https:\/\/api.w.org\/{rel}","templated":true}]}}