{"id":16,"date":"2016-08-22T22:21:21","date_gmt":"2016-08-22T20:21:21","guid":{"rendered":"http:\/\/lavendel.webtie.pl\/?page_id=16"},"modified":"2019-11-27T19:34:28","modified_gmt":"2019-11-27T18:34:28","slug":"o-firmie","status":"publish","type":"page","link":"https:\/\/lavendelnaturhaus.com\/en\/o-firmie\/","title":{"rendered":"O Firmie"},"content":{"rendered":"<p>Lorem ipsum dolor sit amet, consectetur adipiscing elit. Curabitur eu est augue. Suspendisse eu massa et sapien egestas dapibus sed in metus. Maecenas feugiat felis a suscipit fringilla. Nulla nec lorem quis nisi fringilla rhoncus non quis tellus. Duis et dolor ut sem euismod porta a vel metus. Praesent consectetur convallis tincidunt. Nullam et elit ut velit ultrices pretium. Aliquam erat volutpat. Vestibulum vitae arcu ligula. Donec quam dolor, dignissim eu nisl faucibus, rutrum dictum lacus. Sed blandit tristique velit ac feugiat.<\/p>\n<p>Nulla ut magna vel sapien cursus gravida. Nunc fermentum lectus vitae varius cursus. Ut vel lacinia sem, vitae ornare magna. Aliquam ac ultrices lacus. Phasellus ac maximus tortor. Mauris sagittis, ex sit amet congue euismod, felis ligula dictum tellus, eget sagittis augue purus ut sem. Maecenas facilisis pretium ex, nec molestie risus facilisis in. Donec lacinia mauris et blandit porta.<\/p>\n<p>Aliquam sit amet accumsan velit. Praesent pharetra turpis ut iaculis blandit. Nam vel convallis metus. Sed viverra augue risus, vel tristique est lobortis ac. Nullam sed purus nec leo laoreet gravida. Maecenas porttitor arcu at orci ornare, a ultrices ante aliquet. Quisque sit amet felis sed magna finibus luctus. Sed scelerisque orci eu lorem venenatis, non vehicula est sagittis. Cras vitae egestas tellus. Sed et dictum nisi, consequat vulputate purus. Etiam sit amet mollis risus. Praesent a feugiat neque.<\/p>\n<p>Nulla et dapibus elit, at laoreet quam. Ut fermentum congue lacus, mollis rhoncus nibh eleifend vel. Mauris quis molestie diam, eu pulvinar eros. Aliquam id fermentum diam. Phasellus feugiat justo vel odio volutpat eleifend. Sed imperdiet turpis et purus aliquet ultricies. Sed tempus faucibus enim sit amet porttitor. Morbi placerat arcu sit amet iaculis auctor. Ut rhoncus augue vitae dolor eleifend, sed porttitor justo finibus. Curabitur non eleifend metus. Nulla facilisi. Lorem ipsum dolor sit amet, consectetur adipiscing elit.<\/p>\n<p>Integer vitae sapien ornare, condimentum augue in, volutpat sapien. Pellentesque habitant morbi tristique senectus et netus et malesuada fames ac turpis egestas. Ut accumsan lorem lacinia neque blandit hendrerit. Praesent non libero sed lectus fringilla luctus. Nulla sit amet felis eu ante commodo finibus. Integer non elit feugiat, cursus magna vitae, sagittis arcu. Maecenas lobortis faucibus purus non dictum. Etiam tempor orci a leo commodo ultrices nec in erat. Nullam euismod vestibulum ligula, commodo hendrerit ipsum pretium non. Cras dictum orci semper, tempus neque nec, tempus purus. Vivamus interdum cursus dictum. Vestibulum in nunc ut ex sodales vestibulum vitae sit amet augue. <\/p>","protected":false},"excerpt":{"rendered":"<p>Lorem ipsum dolor sit amet, consectetur adipiscing elit. Curabitur eu est augue. Suspendisse eu massa et sapien egestas dapibus sed in metus. Maecenas feugiat felis a suscipit fringilla. Nulla nec lorem quis nisi fringilla rhoncus non quis tellus. Duis et dolor ut sem euismod porta a vel metus. Praesent consectetur convallis tincidunt. Nullam et elit [&hellip;]<\/p>\n","protected":false},"author":1,"featured_media":327,"parent":0,"menu_order":0,"comment_status":"closed","ping_status":"closed","template":"","meta":{"footnotes":""},"yoast_head":"<!-- This site is optimized with the Yoast SEO plugin v21.5 - https:\/\/yoast.com\/wordpress\/plugins\/seo\/ -->\n<title>Plantacja lawendy w Polsce - Lavendel Natur Haus<\/title>\n<meta name=\"description\" content=\"Nasza plantacja lawendy znajduje si\u0119 na Lubelszczy\u017anie. Wytwarzamy produkty kosmetyczne wykorzystuj\u0105c lawend\u0119 z naszej plantacji.\" \/>\n<meta name=\"robots\" content=\"index, follow, max-snippet:-1, max-image-preview:large, max-video-preview:-1\" \/>\n<link rel=\"canonical\" href=\"https:\/\/lavendelnaturhaus.com\/o-firmie\/\" \/>\n<meta property=\"og:locale\" content=\"en_US\" \/>\n<meta property=\"og:type\" content=\"article\" \/>\n<meta property=\"og:title\" content=\"[:pl]Plantacja lawendy w Polsce - Lavendel Natur Haus[:]\" \/>\n<meta property=\"og:description\" content=\"{:pl}Nasza plantacja lawendy znajduje si\u0119 na Lubelszczy\u017anie. Wytwarzamy produkty kosmetyczne wykorzystuj\u0105c lawend\u0119 z naszej plantacji. {:}\" \/>\n<meta property=\"og:url\" content=\"https:\/\/lavendelnaturhaus.com\/o-firmie\/\" \/>\n<meta property=\"og:site_name\" content=\"Lavendel NaturHaus - plantacja lawendy \u2022 sklep internetowy z kosmetykami z lawendy\" \/>\n<meta property=\"article:modified_time\" content=\"2019-11-27T18:34:28+00:00\" \/>\n<meta property=\"og:image\" content=\"https:\/\/lavendelnaturhaus.com\/wp-content\/uploads\/2016\/08\/4-768x1024.jpg\" \/>\n\t<meta property=\"og:image:width\" content=\"768\" \/>\n\t<meta property=\"og:image:height\" content=\"1024\" \/>\n\t<meta property=\"og:image:type\" content=\"image\/jpeg\" \/>\n<meta name=\"twitter:card\" content=\"summary_large_image\" \/>\n<meta name=\"twitter:label1\" content=\"Est. reading time\" \/>\n\t<meta name=\"twitter:data1\" content=\"7 minutes\" \/>\n<script type=\"application\/ld+json\" class=\"yoast-schema-graph\">{\"@context\":\"https:\/\/schema.org\",\"@graph\":[{\"@type\":\"WebPage\",\"@id\":\"https:\/\/lavendelnaturhaus.com\/o-firmie\/\",\"url\":\"https:\/\/lavendelnaturhaus.com\/o-firmie\/\",\"name\":\"[:pl]Plantacja lawendy w Polsce - Lavendel Natur Haus[:]\",\"isPartOf\":{\"@id\":\"https:\/\/lavendelnaturhaus.com\/#website\"},\"datePublished\":\"2016-08-22T20:21:21+00:00\",\"dateModified\":\"2019-11-27T18:34:28+00:00\",\"description\":\"{:pl}Nasza plantacja lawendy znajduje si\u0119 na Lubelszczy\u017anie. Wytwarzamy produkty kosmetyczne wykorzystuj\u0105c lawend\u0119 z naszej plantacji. {:}\",\"breadcrumb\":{\"@id\":\"https:\/\/lavendelnaturhaus.com\/o-firmie\/#breadcrumb\"},\"inLanguage\":\"en-US\",\"potentialAction\":[{\"@type\":\"ReadAction\",\"target\":[\"https:\/\/lavendelnaturhaus.com\/o-firmie\/\"]}]},{\"@type\":\"BreadcrumbList\",\"@id\":\"https:\/\/lavendelnaturhaus.com\/o-firmie\/#breadcrumb\",\"itemListElement\":[{\"@type\":\"ListItem\",\"position\":1,\"name\":\"Strona g\u0142\u00f3wna\",\"item\":\"https:\/\/lavendelnaturhaus.com\/\"},{\"@type\":\"ListItem\",\"position\":2,\"name\":\"Nasza plantacja\"}]},{\"@type\":\"WebSite\",\"@id\":\"https:\/\/lavendelnaturhaus.com\/#website\",\"url\":\"https:\/\/lavendelnaturhaus.com\/\",\"name\":\"Lavendel NaturHaus - plantacja lawendy \u2022 sklep internetowy z kosmetykami z lawendy\",\"description\":\"Zapraszamy do zapoznania si\u0119 z ofert\u0105 sklepu online, a tak\u017ce zach\u0119camy do odwiedzenia naszej plantacji lawendy.\",\"potentialAction\":[{\"@type\":\"SearchAction\",\"target\":{\"@type\":\"EntryPoint\",\"urlTemplate\":\"https:\/\/lavendelnaturhaus.com\/?s={search_term_string}\"},\"query-input\":\"required name=search_term_string\"}],\"inLanguage\":\"en-US\"}]}<\/script>\n<!-- \/ Yoast SEO plugin. -->","yoast_head_json":{"title":"Plantacja lawendy w Polsce - Lavendel Natur Haus","description":"Nasza plantacja lawendy znajduje si\u0119 na Lubelszczy\u017anie. Wytwarzamy produkty kosmetyczne wykorzystuj\u0105c lawend\u0119 z naszej plantacji.","robots":{"index":"index","follow":"follow","max-snippet":"max-snippet:-1","max-image-preview":"max-image-preview:large","max-video-preview":"max-video-preview:-1"},"canonical":"https:\/\/lavendelnaturhaus.com\/o-firmie\/","og_locale":"en_US","og_type":"article","og_title":"[:pl]Plantacja lawendy w Polsce - Lavendel Natur Haus[:]","og_description":"{:pl}Nasza plantacja lawendy znajduje si\u0119 na Lubelszczy\u017anie. Wytwarzamy produkty kosmetyczne wykorzystuj\u0105c lawend\u0119 z naszej plantacji. {:}","og_url":"https:\/\/lavendelnaturhaus.com\/o-firmie\/","og_site_name":"Lavendel NaturHaus - plantacja lawendy \u2022 sklep internetowy z kosmetykami z lawendy","article_modified_time":"2019-11-27T18:34:28+00:00","og_image":[{"width":768,"height":1024,"url":"https:\/\/lavendelnaturhaus.com\/wp-content\/uploads\/2016\/08\/4-768x1024.jpg","type":"image\/jpeg"}],"twitter_card":"summary_large_image","twitter_misc":{"Est. reading time":"7 minutes"},"schema":{"@context":"https:\/\/schema.org","@graph":[{"@type":"WebPage","@id":"https:\/\/lavendelnaturhaus.com\/o-firmie\/","url":"https:\/\/lavendelnaturhaus.com\/o-firmie\/","name":"[:pl]Plantacja lawendy w Polsce - Lavendel Natur Haus[:]","isPartOf":{"@id":"https:\/\/lavendelnaturhaus.com\/#website"},"datePublished":"2016-08-22T20:21:21+00:00","dateModified":"2019-11-27T18:34:28+00:00","description":"{:pl}Nasza plantacja lawendy znajduje si\u0119 na Lubelszczy\u017anie. Wytwarzamy produkty kosmetyczne wykorzystuj\u0105c lawend\u0119 z naszej plantacji. {:}","breadcrumb":{"@id":"https:\/\/lavendelnaturhaus.com\/o-firmie\/#breadcrumb"},"inLanguage":"en-US","potentialAction":[{"@type":"ReadAction","target":["https:\/\/lavendelnaturhaus.com\/o-firmie\/"]}]},{"@type":"BreadcrumbList","@id":"https:\/\/lavendelnaturhaus.com\/o-firmie\/#breadcrumb","itemListElement":[{"@type":"ListItem","position":1,"name":"Strona g\u0142\u00f3wna","item":"https:\/\/lavendelnaturhaus.com\/"},{"@type":"ListItem","position":2,"name":"Nasza plantacja"}]},{"@type":"WebSite","@id":"https:\/\/lavendelnaturhaus.com\/#website","url":"https:\/\/lavendelnaturhaus.com\/","name":"Lavendel NaturHaus - plantacja lawendy \u2022 sklep internetowy z kosmetykami z lawendy","description":"Zapraszamy do zapoznania si\u0119 z ofert\u0105 sklepu online, a tak\u017ce zach\u0119camy do odwiedzenia naszej plantacji lawendy.","potentialAction":[{"@type":"SearchAction","target":{"@type":"EntryPoint","urlTemplate":"https:\/\/lavendelnaturhaus.com\/?s={search_term_string}"},"query-input":"required name=search_term_string"}],"inLanguage":"en-US"}]}},"_links":{"self":[{"href":"https:\/\/lavendelnaturhaus.com\/en\/wp-json\/wp\/v2\/pages\/16"}],"collection":[{"href":"https:\/\/lavendelnaturhaus.com\/en\/wp-json\/wp\/v2\/pages"}],"about":[{"href":"https:\/\/lavendelnaturhaus.com\/en\/wp-json\/wp\/v2\/types\/page"}],"author":[{"embeddable":true,"href":"https:\/\/lavendelnaturhaus.com\/en\/wp-json\/wp\/v2\/users\/1"}],"replies":[{"embeddable":true,"href":"https:\/\/lavendelnaturhaus.com\/en\/wp-json\/wp\/v2\/comments?post=16"}],"version-history":[{"count":16,"href":"https:\/\/lavendelnaturhaus.com\/en\/wp-json\/wp\/v2\/pages\/16\/revisions"}],"predecessor-version":[{"id":1744,"href":"https:\/\/lavendelnaturhaus.com\/en\/wp-json\/wp\/v2\/pages\/16\/revisions\/1744"}],"wp:featuredmedia":[{"embeddable":true,"href":"https:\/\/lavendelnaturhaus.com\/en\/wp-json\/wp\/v2\/media\/327"}],"wp:attachment":[{"href":"https:\/\/lavendelnaturhaus.com\/en\/wp-json\/wp\/v2\/media?parent=16"}],"curies":[{"name":"wp","href":"https:\/\/api.w.org\/{rel}","templated":true}]}}