{"id":825,"date":"2019-01-30T15:01:35","date_gmt":"2019-01-30T14:01:35","guid":{"rendered":"https:\/\/lavendelnaturhaus.com\/?post_type=product&#038;p=825"},"modified":"2019-05-06T10:01:20","modified_gmt":"2019-05-06T08:01:20","slug":"olejek-lawendowy-w-wosku-sojowym-tabliczka","status":"publish","type":"product","link":"https:\/\/lavendelnaturhaus.com\/de\/product\/olejek-lawendowy-w-wosku-sojowym-tabliczka\/","title":{"rendered":"lawendowy zapach w wosku sojowym &#8211; tabliczka"},"content":{"rendered":"<p class=\"qtranxs-available-languages-message qtranxs-available-languages-message-de\">Leider ist der Eintrag nur auf <a href=\"https:\/\/lavendelnaturhaus.com\/pl\/wp-json\/wp\/v2\/product\/825\" class=\"qtranxs-available-language-link qtranxs-available-language-link-pl\" title=\"Polski\">Polnisch<\/a> verf\u00fcgbar.<\/p>","protected":false},"excerpt":{"rendered":"<p>Leider ist der Eintrag nur auf Polnisch verf\u00fcgbar.<\/p>\n","protected":false},"featured_media":826,"comment_status":"open","ping_status":"closed","template":"","meta":[],"product_cat":[26,18,9],"product_tag":[],"yoast_head":"<!-- This site is optimized with the Yoast SEO plugin v21.5 - https:\/\/yoast.com\/wordpress\/plugins\/seo\/ -->\n<title>lawendowy zapach w wosku sojowym - tabliczka - Lavendel NaturHaus - plantacja lawendy \u2022 sklep internetowy z kosmetykami z lawendy<\/title>\n<meta name=\"description\" content=\"Lawendowy olejek w wosku sojowym. Tabliczka wosku sojowego wype\u0142niona aromatycznym, naturalnym olejkiem lawendowym z kwiatem lawendy\" \/>\n<meta name=\"robots\" content=\"index, follow, max-snippet:-1, max-image-preview:large, max-video-preview:-1\" \/>\n<link rel=\"canonical\" href=\"https:\/\/lavendelnaturhaus.com\/en\/product\/olejek-lawendowy-w-wosku-sojowym-tabliczka\/\" \/>\n<meta property=\"og:locale\" content=\"de_DE\" \/>\n<meta property=\"og:type\" content=\"article\" \/>\n<meta property=\"og:title\" content=\"lawendowy zapach w wosku sojowym - tabliczka - Lavendel NaturHaus - plantacja lawendy \u2022 sklep internetowy z kosmetykami z lawendy\" \/>\n<meta property=\"og:description\" content=\"Lawendowy olejek w wosku sojowym. Tabliczka wosku sojowego wype\u0142niona aromatycznym, naturalnym olejkiem lawendowym z kwiatem lawendy\" \/>\n<meta property=\"og:url\" content=\"https:\/\/lavendelnaturhaus.com\/en\/product\/olejek-lawendowy-w-wosku-sojowym-tabliczka\/\" \/>\n<meta property=\"og:site_name\" content=\"Lavendel NaturHaus - plantacja lawendy \u2022 sklep internetowy z kosmetykami z lawendy\" \/>\n<meta property=\"article:modified_time\" content=\"2019-05-06T08:01:20+00:00\" \/>\n<meta property=\"og:image\" content=\"https:\/\/lavendelnaturhaus.com\/wp-content\/uploads\/2019\/01\/24-3.jpg\" \/>\n\t<meta property=\"og:image:width\" content=\"1952\" \/>\n\t<meta property=\"og:image:height\" content=\"3197\" \/>\n\t<meta property=\"og:image:type\" content=\"image\/jpeg\" \/>\n<meta name=\"twitter:card\" content=\"summary_large_image\" \/>\n<script type=\"application\/ld+json\" class=\"yoast-schema-graph\">{\"@context\":\"https:\/\/schema.org\",\"@graph\":[{\"@type\":\"WebPage\",\"@id\":\"https:\/\/lavendelnaturhaus.com\/en\/product\/olejek-lawendowy-w-wosku-sojowym-tabliczka\/\",\"url\":\"https:\/\/lavendelnaturhaus.com\/en\/product\/olejek-lawendowy-w-wosku-sojowym-tabliczka\/\",\"name\":\"lawendowy zapach w wosku sojowym - tabliczka - Lavendel NaturHaus - plantacja lawendy \u2022 sklep internetowy z kosmetykami z lawendy\",\"isPartOf\":{\"@id\":\"https:\/\/lavendelnaturhaus.com\/#website\"},\"datePublished\":\"2019-01-30T14:01:35+00:00\",\"dateModified\":\"2019-05-06T08:01:20+00:00\",\"description\":\"Lawendowy olejek w wosku sojowym. Tabliczka wosku sojowego wype\u0142niona aromatycznym, naturalnym olejkiem lawendowym z kwiatem lawendy\",\"breadcrumb\":{\"@id\":\"https:\/\/lavendelnaturhaus.com\/en\/product\/olejek-lawendowy-w-wosku-sojowym-tabliczka\/#breadcrumb\"},\"inLanguage\":\"de\",\"potentialAction\":[{\"@type\":\"ReadAction\",\"target\":[\"https:\/\/lavendelnaturhaus.com\/en\/product\/olejek-lawendowy-w-wosku-sojowym-tabliczka\/\"]}]},{\"@type\":\"BreadcrumbList\",\"@id\":\"https:\/\/lavendelnaturhaus.com\/en\/product\/olejek-lawendowy-w-wosku-sojowym-tabliczka\/#breadcrumb\",\"itemListElement\":[{\"@type\":\"ListItem\",\"position\":1,\"name\":\"Strona g\u0142\u00f3wna\",\"item\":\"https:\/\/lavendelnaturhaus.com\/\"},{\"@type\":\"ListItem\",\"position\":2,\"name\":\"lawendowy zapach w wosku sojowym &#8211; tabliczka\"}]},{\"@type\":\"WebSite\",\"@id\":\"https:\/\/lavendelnaturhaus.com\/#website\",\"url\":\"https:\/\/lavendelnaturhaus.com\/\",\"name\":\"Lavendel NaturHaus - plantacja lawendy \u2022 sklep internetowy z kosmetykami z lawendy\",\"description\":\"Zapraszamy do zapoznania si\u0119 z ofert\u0105 sklepu online, a tak\u017ce zach\u0119camy do odwiedzenia naszej plantacji lawendy.\",\"potentialAction\":[{\"@type\":\"SearchAction\",\"target\":{\"@type\":\"EntryPoint\",\"urlTemplate\":\"https:\/\/lavendelnaturhaus.com\/?s={search_term_string}\"},\"query-input\":\"required name=search_term_string\"}],\"inLanguage\":\"de\"}]}<\/script>\n<!-- \/ Yoast SEO plugin. -->","yoast_head_json":{"title":"lawendowy zapach w wosku sojowym - tabliczka - Lavendel NaturHaus - plantacja lawendy \u2022 sklep internetowy z kosmetykami z lawendy","description":"Lawendowy olejek w wosku sojowym. Tabliczka wosku sojowego wype\u0142niona aromatycznym, naturalnym olejkiem lawendowym z kwiatem lawendy","robots":{"index":"index","follow":"follow","max-snippet":"max-snippet:-1","max-image-preview":"max-image-preview:large","max-video-preview":"max-video-preview:-1"},"canonical":"https:\/\/lavendelnaturhaus.com\/en\/product\/olejek-lawendowy-w-wosku-sojowym-tabliczka\/","og_locale":"de_DE","og_type":"article","og_title":"lawendowy zapach w wosku sojowym - tabliczka - Lavendel NaturHaus - plantacja lawendy \u2022 sklep internetowy z kosmetykami z lawendy","og_description":"Lawendowy olejek w wosku sojowym. Tabliczka wosku sojowego wype\u0142niona aromatycznym, naturalnym olejkiem lawendowym z kwiatem lawendy","og_url":"https:\/\/lavendelnaturhaus.com\/en\/product\/olejek-lawendowy-w-wosku-sojowym-tabliczka\/","og_site_name":"Lavendel NaturHaus - plantacja lawendy \u2022 sklep internetowy z kosmetykami z lawendy","article_modified_time":"2019-05-06T08:01:20+00:00","og_image":[{"width":1952,"height":3197,"url":"https:\/\/lavendelnaturhaus.com\/wp-content\/uploads\/2019\/01\/24-3.jpg","type":"image\/jpeg"}],"twitter_card":"summary_large_image","schema":{"@context":"https:\/\/schema.org","@graph":[{"@type":"WebPage","@id":"https:\/\/lavendelnaturhaus.com\/en\/product\/olejek-lawendowy-w-wosku-sojowym-tabliczka\/","url":"https:\/\/lavendelnaturhaus.com\/en\/product\/olejek-lawendowy-w-wosku-sojowym-tabliczka\/","name":"lawendowy zapach w wosku sojowym - tabliczka - Lavendel NaturHaus - plantacja lawendy \u2022 sklep internetowy z kosmetykami z lawendy","isPartOf":{"@id":"https:\/\/lavendelnaturhaus.com\/#website"},"datePublished":"2019-01-30T14:01:35+00:00","dateModified":"2019-05-06T08:01:20+00:00","description":"Lawendowy olejek w wosku sojowym. Tabliczka wosku sojowego wype\u0142niona aromatycznym, naturalnym olejkiem lawendowym z kwiatem lawendy","breadcrumb":{"@id":"https:\/\/lavendelnaturhaus.com\/en\/product\/olejek-lawendowy-w-wosku-sojowym-tabliczka\/#breadcrumb"},"inLanguage":"de","potentialAction":[{"@type":"ReadAction","target":["https:\/\/lavendelnaturhaus.com\/en\/product\/olejek-lawendowy-w-wosku-sojowym-tabliczka\/"]}]},{"@type":"BreadcrumbList","@id":"https:\/\/lavendelnaturhaus.com\/en\/product\/olejek-lawendowy-w-wosku-sojowym-tabliczka\/#breadcrumb","itemListElement":[{"@type":"ListItem","position":1,"name":"Strona g\u0142\u00f3wna","item":"https:\/\/lavendelnaturhaus.com\/"},{"@type":"ListItem","position":2,"name":"lawendowy zapach w wosku sojowym &#8211; tabliczka"}]},{"@type":"WebSite","@id":"https:\/\/lavendelnaturhaus.com\/#website","url":"https:\/\/lavendelnaturhaus.com\/","name":"Lavendel NaturHaus - plantacja lawendy \u2022 sklep internetowy z kosmetykami z lawendy","description":"Zapraszamy do zapoznania si\u0119 z ofert\u0105 sklepu online, a tak\u017ce zach\u0119camy do odwiedzenia naszej plantacji lawendy.","potentialAction":[{"@type":"SearchAction","target":{"@type":"EntryPoint","urlTemplate":"https:\/\/lavendelnaturhaus.com\/?s={search_term_string}"},"query-input":"required name=search_term_string"}],"inLanguage":"de"}]}},"_links":{"self":[{"href":"https:\/\/lavendelnaturhaus.com\/de\/wp-json\/wp\/v2\/product\/825"}],"collection":[{"href":"https:\/\/lavendelnaturhaus.com\/de\/wp-json\/wp\/v2\/product"}],"about":[{"href":"https:\/\/lavendelnaturhaus.com\/de\/wp-json\/wp\/v2\/types\/product"}],"replies":[{"embeddable":true,"href":"https:\/\/lavendelnaturhaus.com\/de\/wp-json\/wp\/v2\/comments?post=825"}],"wp:featuredmedia":[{"embeddable":true,"href":"https:\/\/lavendelnaturhaus.com\/de\/wp-json\/wp\/v2\/media\/826"}],"wp:attachment":[{"href":"https:\/\/lavendelnaturhaus.com\/de\/wp-json\/wp\/v2\/media?parent=825"}],"wp:term":[{"taxonomy":"product_cat","embeddable":true,"href":"https:\/\/lavendelnaturhaus.com\/de\/wp-json\/wp\/v2\/product_cat?post=825"},{"taxonomy":"product_tag","embeddable":true,"href":"https:\/\/lavendelnaturhaus.com\/de\/wp-json\/wp\/v2\/product_tag?post=825"}],"curies":[{"name":"wp","href":"https:\/\/api.w.org\/{rel}","templated":true}]}}