{"id":444,"date":"2018-09-03T14:27:27","date_gmt":"2018-09-03T12:27:27","guid":{"rendered":"https:\/\/lavendelnaturhaus.com\/?post_type=product&#038;p=444"},"modified":"2021-08-31T10:40:52","modified_gmt":"2021-08-31T08:40:52","slug":"lniany-woreczek-lawendowy","status":"publish","type":"product","link":"https:\/\/lavendelnaturhaus.com\/de\/product\/lniany-woreczek-lawendowy\/","title":{"rendered":"lniany woreczek wype\u0142niony lawend\u0105"},"content":{"rendered":"<p class=\"qtranxs-available-languages-message qtranxs-available-languages-message-de\">Leider ist der Eintrag nur auf <a href=\"https:\/\/lavendelnaturhaus.com\/pl\/wp-json\/wp\/v2\/product\/444\" class=\"qtranxs-available-language-link qtranxs-available-language-link-pl\" title=\"Polski\">Polnisch<\/a> verf\u00fcgbar.<\/p>","protected":false},"excerpt":{"rendered":"<p>Leider ist der Eintrag nur auf Polnisch verf\u00fcgbar.<\/p>\n","protected":false},"featured_media":445,"comment_status":"open","ping_status":"closed","template":"","meta":[],"product_cat":[9,12,63],"product_tag":[],"yoast_head":"<!-- This site is optimized with the Yoast SEO plugin v21.5 - https:\/\/yoast.com\/wordpress\/plugins\/seo\/ -->\n<title>lniany woreczek wype\u0142niony lawend\u0105 - Lavendel NaturHaus - plantacja lawendy \u2022 sklep internetowy z kosmetykami z lawendy<\/title>\n<meta name=\"description\" content=\"Lniany woreczek wype\u0142niony ekologiczn\u0105 lawend\u0105 z polskiej plantacji, ozdobiony bawe\u0142nian\u0105 koronk\u0105. Zapach lawendy koi zmys\u0142y i dzia\u0142a uspokajaj\u0105co\" \/>\n<meta name=\"robots\" content=\"index, follow, max-snippet:-1, max-image-preview:large, max-video-preview:-1\" \/>\n<link rel=\"canonical\" href=\"https:\/\/lavendelnaturhaus.com\/product\/lniany-woreczek-lawendowy\/\" \/>\n<meta property=\"og:locale\" content=\"de_DE\" \/>\n<meta property=\"og:type\" content=\"article\" \/>\n<meta property=\"og:title\" content=\"lniany woreczek wype\u0142niony lawend\u0105 - Lavendel NaturHaus - plantacja lawendy \u2022 sklep internetowy z kosmetykami z lawendy\" \/>\n<meta property=\"og:description\" content=\"Lniany woreczek wype\u0142niony ekologiczn\u0105 lawend\u0105 z polskiej plantacji, ozdobiony bawe\u0142nian\u0105 koronk\u0105. Zapach lawendy koi zmys\u0142y i dzia\u0142a uspokajaj\u0105co\" \/>\n<meta property=\"og:url\" content=\"https:\/\/lavendelnaturhaus.com\/product\/lniany-woreczek-lawendowy\/\" \/>\n<meta property=\"og:site_name\" content=\"Lavendel NaturHaus - plantacja lawendy \u2022 sklep internetowy z kosmetykami z lawendy\" \/>\n<meta property=\"article:modified_time\" content=\"2021-08-31T08:40:52+00:00\" \/>\n<meta property=\"og:image\" content=\"https:\/\/lavendelnaturhaus.com\/wp-content\/uploads\/2018\/09\/27.jpg\" \/>\n\t<meta property=\"og:image:width\" content=\"1951\" \/>\n\t<meta property=\"og:image:height\" content=\"2601\" \/>\n\t<meta property=\"og:image:type\" content=\"image\/jpeg\" \/>\n<meta name=\"twitter:card\" content=\"summary_large_image\" \/>\n<meta name=\"twitter:label1\" content=\"Gesch\u00e4tzte Lesezeit\" \/>\n\t<meta name=\"twitter:data1\" content=\"1\u00a0Minute\" \/>\n<script type=\"application\/ld+json\" class=\"yoast-schema-graph\">{\"@context\":\"https:\/\/schema.org\",\"@graph\":[{\"@type\":\"WebPage\",\"@id\":\"https:\/\/lavendelnaturhaus.com\/product\/lniany-woreczek-lawendowy\/\",\"url\":\"https:\/\/lavendelnaturhaus.com\/product\/lniany-woreczek-lawendowy\/\",\"name\":\"lniany woreczek wype\u0142niony lawend\u0105 - Lavendel NaturHaus - plantacja lawendy \u2022 sklep internetowy z kosmetykami z lawendy\",\"isPartOf\":{\"@id\":\"https:\/\/lavendelnaturhaus.com\/#website\"},\"datePublished\":\"2018-09-03T12:27:27+00:00\",\"dateModified\":\"2021-08-31T08:40:52+00:00\",\"description\":\"Lniany woreczek wype\u0142niony ekologiczn\u0105 lawend\u0105 z polskiej plantacji, ozdobiony bawe\u0142nian\u0105 koronk\u0105. Zapach lawendy koi zmys\u0142y i dzia\u0142a uspokajaj\u0105co\",\"breadcrumb\":{\"@id\":\"https:\/\/lavendelnaturhaus.com\/product\/lniany-woreczek-lawendowy\/#breadcrumb\"},\"inLanguage\":\"de\",\"potentialAction\":[{\"@type\":\"ReadAction\",\"target\":[\"https:\/\/lavendelnaturhaus.com\/product\/lniany-woreczek-lawendowy\/\"]}]},{\"@type\":\"BreadcrumbList\",\"@id\":\"https:\/\/lavendelnaturhaus.com\/product\/lniany-woreczek-lawendowy\/#breadcrumb\",\"itemListElement\":[{\"@type\":\"ListItem\",\"position\":1,\"name\":\"Strona g\u0142\u00f3wna\",\"item\":\"https:\/\/lavendelnaturhaus.com\/\"},{\"@type\":\"ListItem\",\"position\":2,\"name\":\"lniany woreczek wype\u0142niony lawend\u0105\"}]},{\"@type\":\"WebSite\",\"@id\":\"https:\/\/lavendelnaturhaus.com\/#website\",\"url\":\"https:\/\/lavendelnaturhaus.com\/\",\"name\":\"Lavendel NaturHaus - plantacja lawendy \u2022 sklep internetowy z kosmetykami z lawendy\",\"description\":\"Zapraszamy do zapoznania si\u0119 z ofert\u0105 sklepu online, a tak\u017ce zach\u0119camy do odwiedzenia naszej plantacji lawendy.\",\"potentialAction\":[{\"@type\":\"SearchAction\",\"target\":{\"@type\":\"EntryPoint\",\"urlTemplate\":\"https:\/\/lavendelnaturhaus.com\/?s={search_term_string}\"},\"query-input\":\"required name=search_term_string\"}],\"inLanguage\":\"de\"}]}<\/script>\n<!-- \/ Yoast SEO plugin. -->","yoast_head_json":{"title":"lniany woreczek wype\u0142niony lawend\u0105 - Lavendel NaturHaus - plantacja lawendy \u2022 sklep internetowy z kosmetykami z lawendy","description":"Lniany woreczek wype\u0142niony ekologiczn\u0105 lawend\u0105 z polskiej plantacji, ozdobiony bawe\u0142nian\u0105 koronk\u0105. Zapach lawendy koi zmys\u0142y i dzia\u0142a uspokajaj\u0105co","robots":{"index":"index","follow":"follow","max-snippet":"max-snippet:-1","max-image-preview":"max-image-preview:large","max-video-preview":"max-video-preview:-1"},"canonical":"https:\/\/lavendelnaturhaus.com\/product\/lniany-woreczek-lawendowy\/","og_locale":"de_DE","og_type":"article","og_title":"lniany woreczek wype\u0142niony lawend\u0105 - Lavendel NaturHaus - plantacja lawendy \u2022 sklep internetowy z kosmetykami z lawendy","og_description":"Lniany woreczek wype\u0142niony ekologiczn\u0105 lawend\u0105 z polskiej plantacji, ozdobiony bawe\u0142nian\u0105 koronk\u0105. Zapach lawendy koi zmys\u0142y i dzia\u0142a uspokajaj\u0105co","og_url":"https:\/\/lavendelnaturhaus.com\/product\/lniany-woreczek-lawendowy\/","og_site_name":"Lavendel NaturHaus - plantacja lawendy \u2022 sklep internetowy z kosmetykami z lawendy","article_modified_time":"2021-08-31T08:40:52+00:00","og_image":[{"width":1951,"height":2601,"url":"https:\/\/lavendelnaturhaus.com\/wp-content\/uploads\/2018\/09\/27.jpg","type":"image\/jpeg"}],"twitter_card":"summary_large_image","twitter_misc":{"Gesch\u00e4tzte Lesezeit":"1\u00a0Minute"},"schema":{"@context":"https:\/\/schema.org","@graph":[{"@type":"WebPage","@id":"https:\/\/lavendelnaturhaus.com\/product\/lniany-woreczek-lawendowy\/","url":"https:\/\/lavendelnaturhaus.com\/product\/lniany-woreczek-lawendowy\/","name":"lniany woreczek wype\u0142niony lawend\u0105 - Lavendel NaturHaus - plantacja lawendy \u2022 sklep internetowy z kosmetykami z lawendy","isPartOf":{"@id":"https:\/\/lavendelnaturhaus.com\/#website"},"datePublished":"2018-09-03T12:27:27+00:00","dateModified":"2021-08-31T08:40:52+00:00","description":"Lniany woreczek wype\u0142niony ekologiczn\u0105 lawend\u0105 z polskiej plantacji, ozdobiony bawe\u0142nian\u0105 koronk\u0105. Zapach lawendy koi zmys\u0142y i dzia\u0142a uspokajaj\u0105co","breadcrumb":{"@id":"https:\/\/lavendelnaturhaus.com\/product\/lniany-woreczek-lawendowy\/#breadcrumb"},"inLanguage":"de","potentialAction":[{"@type":"ReadAction","target":["https:\/\/lavendelnaturhaus.com\/product\/lniany-woreczek-lawendowy\/"]}]},{"@type":"BreadcrumbList","@id":"https:\/\/lavendelnaturhaus.com\/product\/lniany-woreczek-lawendowy\/#breadcrumb","itemListElement":[{"@type":"ListItem","position":1,"name":"Strona g\u0142\u00f3wna","item":"https:\/\/lavendelnaturhaus.com\/"},{"@type":"ListItem","position":2,"name":"lniany woreczek wype\u0142niony lawend\u0105"}]},{"@type":"WebSite","@id":"https:\/\/lavendelnaturhaus.com\/#website","url":"https:\/\/lavendelnaturhaus.com\/","name":"Lavendel NaturHaus - plantacja lawendy \u2022 sklep internetowy z kosmetykami z lawendy","description":"Zapraszamy do zapoznania si\u0119 z ofert\u0105 sklepu online, a tak\u017ce zach\u0119camy do odwiedzenia naszej plantacji lawendy.","potentialAction":[{"@type":"SearchAction","target":{"@type":"EntryPoint","urlTemplate":"https:\/\/lavendelnaturhaus.com\/?s={search_term_string}"},"query-input":"required name=search_term_string"}],"inLanguage":"de"}]}},"_links":{"self":[{"href":"https:\/\/lavendelnaturhaus.com\/de\/wp-json\/wp\/v2\/product\/444"}],"collection":[{"href":"https:\/\/lavendelnaturhaus.com\/de\/wp-json\/wp\/v2\/product"}],"about":[{"href":"https:\/\/lavendelnaturhaus.com\/de\/wp-json\/wp\/v2\/types\/product"}],"replies":[{"embeddable":true,"href":"https:\/\/lavendelnaturhaus.com\/de\/wp-json\/wp\/v2\/comments?post=444"}],"wp:featuredmedia":[{"embeddable":true,"href":"https:\/\/lavendelnaturhaus.com\/de\/wp-json\/wp\/v2\/media\/445"}],"wp:attachment":[{"href":"https:\/\/lavendelnaturhaus.com\/de\/wp-json\/wp\/v2\/media?parent=444"}],"wp:term":[{"taxonomy":"product_cat","embeddable":true,"href":"https:\/\/lavendelnaturhaus.com\/de\/wp-json\/wp\/v2\/product_cat?post=444"},{"taxonomy":"product_tag","embeddable":true,"href":"https:\/\/lavendelnaturhaus.com\/de\/wp-json\/wp\/v2\/product_tag?post=444"}],"curies":[{"name":"wp","href":"https:\/\/api.w.org\/{rel}","templated":true}]}}