{"id":397,"date":"2018-08-27T19:51:50","date_gmt":"2018-08-27T17:51:50","guid":{"rendered":"https:\/\/lavendelnaturhaus.com\/?post_type=product&#038;p=397"},"modified":"2022-11-07T09:48:18","modified_gmt":"2022-11-07T08:48:18","slug":"susz-lawendowy-odmiana-hidcote-blue-strain","status":"publish","type":"product","link":"https:\/\/lavendelnaturhaus.com\/de\/product\/susz-lawendowy-odmiana-hidcote-blue-strain\/","title":{"rendered":"Susz lawendowy &#8211; odmiana Hidcote Blue Strain"},"content":{"rendered":"<p class=\"qtranxs-available-languages-message qtranxs-available-languages-message-de\">Leider ist der Eintrag nur auf <a href=\"https:\/\/lavendelnaturhaus.com\/pl\/wp-json\/wp\/v2\/product\/397\" class=\"qtranxs-available-language-link qtranxs-available-language-link-pl\" title=\"Polski\">Polnisch<\/a> verf\u00fcgbar.<\/p>","protected":false},"excerpt":{"rendered":"<p>Leider ist der Eintrag nur auf Polnisch verf\u00fcgbar.<\/p>\n","protected":false},"featured_media":399,"comment_status":"open","ping_status":"closed","template":"","meta":[],"product_cat":[20],"product_tag":[],"yoast_head":"<!-- This site is optimized with the Yoast SEO plugin v21.5 - https:\/\/yoast.com\/wordpress\/plugins\/seo\/ -->\n<title>Lawenda Hidcote Blue Strain - susz lawendowy | Lavendel Natur Haus<\/title>\n<meta name=\"description\" content=\"Oferujemy lawenda hidcote blue - susz lawendy lekarskiej o ciemno niebieskiej barwie. Polecany do napar\u00f3w, wywar\u00f3w, herbat. Kwiaty silnie pachn\u0105ce.\" \/>\n<meta name=\"robots\" content=\"index, follow, max-snippet:-1, max-image-preview:large, max-video-preview:-1\" \/>\n<link rel=\"canonical\" href=\"https:\/\/lavendelnaturhaus.com\/product\/susz-lawendowy-odmiana-hidcote-blue-strain\/\" \/>\n<meta property=\"og:locale\" content=\"de_DE\" \/>\n<meta property=\"og:type\" content=\"article\" \/>\n<meta property=\"og:title\" content=\"Lawenda Hidcote Blue Strain - susz lawendowy | Lavendel Natur Haus\" \/>\n<meta property=\"og:description\" content=\"Oferujemy lawenda hidcote blue - susz lawendy lekarskiej o ciemno niebieskiej barwie. Polecany do napar\u00f3w, wywar\u00f3w, herbat. Kwiaty silnie pachn\u0105ce.\" \/>\n<meta property=\"og:url\" content=\"https:\/\/lavendelnaturhaus.com\/product\/susz-lawendowy-odmiana-hidcote-blue-strain\/\" \/>\n<meta property=\"og:site_name\" content=\"Lavendel NaturHaus - plantacja lawendy \u2022 sklep internetowy z kosmetykami z lawendy\" \/>\n<meta property=\"article:modified_time\" content=\"2022-11-07T08:48:18+00:00\" \/>\n<meta property=\"og:image\" content=\"https:\/\/lavendelnaturhaus.com\/wp-content\/uploads\/2018\/08\/6-3.jpg\" \/>\n\t<meta property=\"og:image:width\" content=\"3024\" \/>\n\t<meta property=\"og:image:height\" content=\"4032\" \/>\n\t<meta property=\"og:image:type\" content=\"image\/jpeg\" \/>\n<meta name=\"twitter:card\" content=\"summary_large_image\" \/>\n<script type=\"application\/ld+json\" class=\"yoast-schema-graph\">{\"@context\":\"https:\/\/schema.org\",\"@graph\":[{\"@type\":\"WebPage\",\"@id\":\"https:\/\/lavendelnaturhaus.com\/product\/susz-lawendowy-odmiana-hidcote-blue-strain\/\",\"url\":\"https:\/\/lavendelnaturhaus.com\/product\/susz-lawendowy-odmiana-hidcote-blue-strain\/\",\"name\":\"Lawenda Hidcote Blue Strain - susz lawendowy | Lavendel Natur Haus\",\"isPartOf\":{\"@id\":\"https:\/\/lavendelnaturhaus.com\/#website\"},\"datePublished\":\"2018-08-27T17:51:50+00:00\",\"dateModified\":\"2022-11-07T08:48:18+00:00\",\"description\":\"Oferujemy lawenda hidcote blue - susz lawendy lekarskiej o ciemno niebieskiej barwie. Polecany do napar\u00f3w, wywar\u00f3w, herbat. Kwiaty silnie pachn\u0105ce.\",\"breadcrumb\":{\"@id\":\"https:\/\/lavendelnaturhaus.com\/product\/susz-lawendowy-odmiana-hidcote-blue-strain\/#breadcrumb\"},\"inLanguage\":\"de\",\"potentialAction\":[{\"@type\":\"ReadAction\",\"target\":[\"https:\/\/lavendelnaturhaus.com\/product\/susz-lawendowy-odmiana-hidcote-blue-strain\/\"]}]},{\"@type\":\"BreadcrumbList\",\"@id\":\"https:\/\/lavendelnaturhaus.com\/product\/susz-lawendowy-odmiana-hidcote-blue-strain\/#breadcrumb\",\"itemListElement\":[{\"@type\":\"ListItem\",\"position\":1,\"name\":\"Strona g\u0142\u00f3wna\",\"item\":\"https:\/\/lavendelnaturhaus.com\/\"},{\"@type\":\"ListItem\",\"position\":2,\"name\":\"Susz lawendowy &#8211; odmiana Hidcote Blue Strain\"}]},{\"@type\":\"WebSite\",\"@id\":\"https:\/\/lavendelnaturhaus.com\/#website\",\"url\":\"https:\/\/lavendelnaturhaus.com\/\",\"name\":\"Lavendel NaturHaus - plantacja lawendy \u2022 sklep internetowy z kosmetykami z lawendy\",\"description\":\"Zapraszamy do zapoznania si\u0119 z ofert\u0105 sklepu online, a tak\u017ce zach\u0119camy do odwiedzenia naszej plantacji lawendy.\",\"potentialAction\":[{\"@type\":\"SearchAction\",\"target\":{\"@type\":\"EntryPoint\",\"urlTemplate\":\"https:\/\/lavendelnaturhaus.com\/?s={search_term_string}\"},\"query-input\":\"required name=search_term_string\"}],\"inLanguage\":\"de\"}]}<\/script>\n<!-- \/ Yoast SEO plugin. -->","yoast_head_json":{"title":"Lawenda Hidcote Blue Strain - susz lawendowy | Lavendel Natur Haus","description":"Oferujemy lawenda hidcote blue - susz lawendy lekarskiej o ciemno niebieskiej barwie. Polecany do napar\u00f3w, wywar\u00f3w, herbat. Kwiaty silnie pachn\u0105ce.","robots":{"index":"index","follow":"follow","max-snippet":"max-snippet:-1","max-image-preview":"max-image-preview:large","max-video-preview":"max-video-preview:-1"},"canonical":"https:\/\/lavendelnaturhaus.com\/product\/susz-lawendowy-odmiana-hidcote-blue-strain\/","og_locale":"de_DE","og_type":"article","og_title":"Lawenda Hidcote Blue Strain - susz lawendowy | Lavendel Natur Haus","og_description":"Oferujemy lawenda hidcote blue - susz lawendy lekarskiej o ciemno niebieskiej barwie. Polecany do napar\u00f3w, wywar\u00f3w, herbat. Kwiaty silnie pachn\u0105ce.","og_url":"https:\/\/lavendelnaturhaus.com\/product\/susz-lawendowy-odmiana-hidcote-blue-strain\/","og_site_name":"Lavendel NaturHaus - plantacja lawendy \u2022 sklep internetowy z kosmetykami z lawendy","article_modified_time":"2022-11-07T08:48:18+00:00","og_image":[{"width":3024,"height":4032,"url":"https:\/\/lavendelnaturhaus.com\/wp-content\/uploads\/2018\/08\/6-3.jpg","type":"image\/jpeg"}],"twitter_card":"summary_large_image","schema":{"@context":"https:\/\/schema.org","@graph":[{"@type":"WebPage","@id":"https:\/\/lavendelnaturhaus.com\/product\/susz-lawendowy-odmiana-hidcote-blue-strain\/","url":"https:\/\/lavendelnaturhaus.com\/product\/susz-lawendowy-odmiana-hidcote-blue-strain\/","name":"Lawenda Hidcote Blue Strain - susz lawendowy | Lavendel Natur Haus","isPartOf":{"@id":"https:\/\/lavendelnaturhaus.com\/#website"},"datePublished":"2018-08-27T17:51:50+00:00","dateModified":"2022-11-07T08:48:18+00:00","description":"Oferujemy lawenda hidcote blue - susz lawendy lekarskiej o ciemno niebieskiej barwie. Polecany do napar\u00f3w, wywar\u00f3w, herbat. Kwiaty silnie pachn\u0105ce.","breadcrumb":{"@id":"https:\/\/lavendelnaturhaus.com\/product\/susz-lawendowy-odmiana-hidcote-blue-strain\/#breadcrumb"},"inLanguage":"de","potentialAction":[{"@type":"ReadAction","target":["https:\/\/lavendelnaturhaus.com\/product\/susz-lawendowy-odmiana-hidcote-blue-strain\/"]}]},{"@type":"BreadcrumbList","@id":"https:\/\/lavendelnaturhaus.com\/product\/susz-lawendowy-odmiana-hidcote-blue-strain\/#breadcrumb","itemListElement":[{"@type":"ListItem","position":1,"name":"Strona g\u0142\u00f3wna","item":"https:\/\/lavendelnaturhaus.com\/"},{"@type":"ListItem","position":2,"name":"Susz lawendowy &#8211; odmiana Hidcote Blue Strain"}]},{"@type":"WebSite","@id":"https:\/\/lavendelnaturhaus.com\/#website","url":"https:\/\/lavendelnaturhaus.com\/","name":"Lavendel NaturHaus - plantacja lawendy \u2022 sklep internetowy z kosmetykami z lawendy","description":"Zapraszamy do zapoznania si\u0119 z ofert\u0105 sklepu online, a tak\u017ce zach\u0119camy do odwiedzenia naszej plantacji lawendy.","potentialAction":[{"@type":"SearchAction","target":{"@type":"EntryPoint","urlTemplate":"https:\/\/lavendelnaturhaus.com\/?s={search_term_string}"},"query-input":"required name=search_term_string"}],"inLanguage":"de"}]}},"_links":{"self":[{"href":"https:\/\/lavendelnaturhaus.com\/de\/wp-json\/wp\/v2\/product\/397"}],"collection":[{"href":"https:\/\/lavendelnaturhaus.com\/de\/wp-json\/wp\/v2\/product"}],"about":[{"href":"https:\/\/lavendelnaturhaus.com\/de\/wp-json\/wp\/v2\/types\/product"}],"replies":[{"embeddable":true,"href":"https:\/\/lavendelnaturhaus.com\/de\/wp-json\/wp\/v2\/comments?post=397"}],"wp:featuredmedia":[{"embeddable":true,"href":"https:\/\/lavendelnaturhaus.com\/de\/wp-json\/wp\/v2\/media\/399"}],"wp:attachment":[{"href":"https:\/\/lavendelnaturhaus.com\/de\/wp-json\/wp\/v2\/media?parent=397"}],"wp:term":[{"taxonomy":"product_cat","embeddable":true,"href":"https:\/\/lavendelnaturhaus.com\/de\/wp-json\/wp\/v2\/product_cat?post=397"},{"taxonomy":"product_tag","embeddable":true,"href":"https:\/\/lavendelnaturhaus.com\/de\/wp-json\/wp\/v2\/product_tag?post=397"}],"curies":[{"name":"wp","href":"https:\/\/api.w.org\/{rel}","templated":true}]}}