{"id":365,"date":"2018-08-23T19:37:31","date_gmt":"2018-08-23T17:37:31","guid":{"rendered":"https:\/\/lavendelnaturhaus.com\/?post_type=product&#038;p=365"},"modified":"2021-08-31T10:41:47","modified_gmt":"2021-08-31T08:41:47","slug":"serca-zapachowe-wosk-sojowy","status":"publish","type":"product","link":"https:\/\/lavendelnaturhaus.com\/de\/product\/serca-zapachowe-wosk-sojowy\/","title":{"rendered":"Serca zapachowe"},"content":{"rendered":"<p class=\"qtranxs-available-languages-message qtranxs-available-languages-message-de\">Leider ist der Eintrag nur auf <a href=\"https:\/\/lavendelnaturhaus.com\/pl\/wp-json\/wp\/v2\/product\/365\" class=\"qtranxs-available-language-link qtranxs-available-language-link-pl\" title=\"Polski\">Polnisch<\/a> verf\u00fcgbar.<\/p>","protected":false},"excerpt":{"rendered":"<p>Leider ist der Eintrag nur auf Polnisch verf\u00fcgbar.<\/p>\n","protected":false},"featured_media":1352,"comment_status":"open","ping_status":"closed","template":"","meta":[],"product_cat":[18,9,27],"product_tag":[],"yoast_head":"<!-- This site is optimized with the Yoast SEO plugin v21.5 - https:\/\/yoast.com\/wordpress\/plugins\/seo\/ -->\n<title>Serca zapachowe, sojowe, naturalne, ekologiczne, vege<\/title>\n<meta name=\"description\" content=\"Dzi\u0119ki swojemu naturalnemu pochodzeniu jest on w 100% bezpieczny dla \u015brodowiska i biodegradowalny oraz mo\u017ce by\u0107 u\u017cywany przez alergik\u00f3w.\" \/>\n<meta name=\"robots\" content=\"index, follow, max-snippet:-1, max-image-preview:large, max-video-preview:-1\" \/>\n<link rel=\"canonical\" href=\"https:\/\/lavendelnaturhaus.com\/product\/serca-zapachowe-wosk-sojowy\/\" \/>\n<meta property=\"og:locale\" content=\"de_DE\" \/>\n<meta property=\"og:type\" content=\"article\" \/>\n<meta property=\"og:title\" content=\"Serca zapachowe, sojowe, naturalne, ekologiczne, vege\" \/>\n<meta property=\"og:description\" content=\"Dzi\u0119ki swojemu naturalnemu pochodzeniu jest on w 100% bezpieczny dla \u015brodowiska i biodegradowalny oraz mo\u017ce by\u0107 u\u017cywany przez alergik\u00f3w.\" \/>\n<meta property=\"og:url\" content=\"https:\/\/lavendelnaturhaus.com\/product\/serca-zapachowe-wosk-sojowy\/\" \/>\n<meta property=\"og:site_name\" content=\"Lavendel NaturHaus - plantacja lawendy \u2022 sklep internetowy z kosmetykami z lawendy\" \/>\n<meta property=\"article:modified_time\" content=\"2021-08-31T08:41:47+00:00\" \/>\n<meta property=\"og:image\" content=\"https:\/\/lavendelnaturhaus.com\/wp-content\/uploads\/2018\/08\/69730322_376828986318083_273266937725714432_n.jpg\" \/>\n\t<meta property=\"og:image:width\" content=\"460\" \/>\n\t<meta property=\"og:image:height\" content=\"598\" \/>\n\t<meta property=\"og:image:type\" content=\"image\/jpeg\" \/>\n<meta name=\"twitter:card\" content=\"summary_large_image\" \/>\n<meta name=\"twitter:label1\" content=\"Gesch\u00e4tzte Lesezeit\" \/>\n\t<meta name=\"twitter:data1\" content=\"1\u00a0Minute\" \/>\n<script type=\"application\/ld+json\" class=\"yoast-schema-graph\">{\"@context\":\"https:\/\/schema.org\",\"@graph\":[{\"@type\":\"WebPage\",\"@id\":\"https:\/\/lavendelnaturhaus.com\/product\/serca-zapachowe-wosk-sojowy\/\",\"url\":\"https:\/\/lavendelnaturhaus.com\/product\/serca-zapachowe-wosk-sojowy\/\",\"name\":\"Serca zapachowe, sojowe, naturalne, ekologiczne, vege\",\"isPartOf\":{\"@id\":\"https:\/\/lavendelnaturhaus.com\/#website\"},\"datePublished\":\"2018-08-23T17:37:31+00:00\",\"dateModified\":\"2021-08-31T08:41:47+00:00\",\"description\":\"Dzi\u0119ki swojemu naturalnemu pochodzeniu jest on w 100% bezpieczny dla \u015brodowiska i biodegradowalny oraz mo\u017ce by\u0107 u\u017cywany przez alergik\u00f3w.\",\"breadcrumb\":{\"@id\":\"https:\/\/lavendelnaturhaus.com\/product\/serca-zapachowe-wosk-sojowy\/#breadcrumb\"},\"inLanguage\":\"de\",\"potentialAction\":[{\"@type\":\"ReadAction\",\"target\":[\"https:\/\/lavendelnaturhaus.com\/product\/serca-zapachowe-wosk-sojowy\/\"]}]},{\"@type\":\"BreadcrumbList\",\"@id\":\"https:\/\/lavendelnaturhaus.com\/product\/serca-zapachowe-wosk-sojowy\/#breadcrumb\",\"itemListElement\":[{\"@type\":\"ListItem\",\"position\":1,\"name\":\"Strona g\u0142\u00f3wna\",\"item\":\"https:\/\/lavendelnaturhaus.com\/\"},{\"@type\":\"ListItem\",\"position\":2,\"name\":\"Serca zapachowe\"}]},{\"@type\":\"WebSite\",\"@id\":\"https:\/\/lavendelnaturhaus.com\/#website\",\"url\":\"https:\/\/lavendelnaturhaus.com\/\",\"name\":\"Lavendel NaturHaus - plantacja lawendy \u2022 sklep internetowy z kosmetykami z lawendy\",\"description\":\"Zapraszamy do zapoznania si\u0119 z ofert\u0105 sklepu online, a tak\u017ce zach\u0119camy do odwiedzenia naszej plantacji lawendy.\",\"potentialAction\":[{\"@type\":\"SearchAction\",\"target\":{\"@type\":\"EntryPoint\",\"urlTemplate\":\"https:\/\/lavendelnaturhaus.com\/?s={search_term_string}\"},\"query-input\":\"required name=search_term_string\"}],\"inLanguage\":\"de\"}]}<\/script>\n<!-- \/ Yoast SEO plugin. -->","yoast_head_json":{"title":"Serca zapachowe, sojowe, naturalne, ekologiczne, vege","description":"Dzi\u0119ki swojemu naturalnemu pochodzeniu jest on w 100% bezpieczny dla \u015brodowiska i biodegradowalny oraz mo\u017ce by\u0107 u\u017cywany przez alergik\u00f3w.","robots":{"index":"index","follow":"follow","max-snippet":"max-snippet:-1","max-image-preview":"max-image-preview:large","max-video-preview":"max-video-preview:-1"},"canonical":"https:\/\/lavendelnaturhaus.com\/product\/serca-zapachowe-wosk-sojowy\/","og_locale":"de_DE","og_type":"article","og_title":"Serca zapachowe, sojowe, naturalne, ekologiczne, vege","og_description":"Dzi\u0119ki swojemu naturalnemu pochodzeniu jest on w 100% bezpieczny dla \u015brodowiska i biodegradowalny oraz mo\u017ce by\u0107 u\u017cywany przez alergik\u00f3w.","og_url":"https:\/\/lavendelnaturhaus.com\/product\/serca-zapachowe-wosk-sojowy\/","og_site_name":"Lavendel NaturHaus - plantacja lawendy \u2022 sklep internetowy z kosmetykami z lawendy","article_modified_time":"2021-08-31T08:41:47+00:00","og_image":[{"width":460,"height":598,"url":"https:\/\/lavendelnaturhaus.com\/wp-content\/uploads\/2018\/08\/69730322_376828986318083_273266937725714432_n.jpg","type":"image\/jpeg"}],"twitter_card":"summary_large_image","twitter_misc":{"Gesch\u00e4tzte Lesezeit":"1\u00a0Minute"},"schema":{"@context":"https:\/\/schema.org","@graph":[{"@type":"WebPage","@id":"https:\/\/lavendelnaturhaus.com\/product\/serca-zapachowe-wosk-sojowy\/","url":"https:\/\/lavendelnaturhaus.com\/product\/serca-zapachowe-wosk-sojowy\/","name":"Serca zapachowe, sojowe, naturalne, ekologiczne, vege","isPartOf":{"@id":"https:\/\/lavendelnaturhaus.com\/#website"},"datePublished":"2018-08-23T17:37:31+00:00","dateModified":"2021-08-31T08:41:47+00:00","description":"Dzi\u0119ki swojemu naturalnemu pochodzeniu jest on w 100% bezpieczny dla \u015brodowiska i biodegradowalny oraz mo\u017ce by\u0107 u\u017cywany przez alergik\u00f3w.","breadcrumb":{"@id":"https:\/\/lavendelnaturhaus.com\/product\/serca-zapachowe-wosk-sojowy\/#breadcrumb"},"inLanguage":"de","potentialAction":[{"@type":"ReadAction","target":["https:\/\/lavendelnaturhaus.com\/product\/serca-zapachowe-wosk-sojowy\/"]}]},{"@type":"BreadcrumbList","@id":"https:\/\/lavendelnaturhaus.com\/product\/serca-zapachowe-wosk-sojowy\/#breadcrumb","itemListElement":[{"@type":"ListItem","position":1,"name":"Strona g\u0142\u00f3wna","item":"https:\/\/lavendelnaturhaus.com\/"},{"@type":"ListItem","position":2,"name":"Serca zapachowe"}]},{"@type":"WebSite","@id":"https:\/\/lavendelnaturhaus.com\/#website","url":"https:\/\/lavendelnaturhaus.com\/","name":"Lavendel NaturHaus - plantacja lawendy \u2022 sklep internetowy z kosmetykami z lawendy","description":"Zapraszamy do zapoznania si\u0119 z ofert\u0105 sklepu online, a tak\u017ce zach\u0119camy do odwiedzenia naszej plantacji lawendy.","potentialAction":[{"@type":"SearchAction","target":{"@type":"EntryPoint","urlTemplate":"https:\/\/lavendelnaturhaus.com\/?s={search_term_string}"},"query-input":"required name=search_term_string"}],"inLanguage":"de"}]}},"_links":{"self":[{"href":"https:\/\/lavendelnaturhaus.com\/de\/wp-json\/wp\/v2\/product\/365"}],"collection":[{"href":"https:\/\/lavendelnaturhaus.com\/de\/wp-json\/wp\/v2\/product"}],"about":[{"href":"https:\/\/lavendelnaturhaus.com\/de\/wp-json\/wp\/v2\/types\/product"}],"replies":[{"embeddable":true,"href":"https:\/\/lavendelnaturhaus.com\/de\/wp-json\/wp\/v2\/comments?post=365"}],"wp:featuredmedia":[{"embeddable":true,"href":"https:\/\/lavendelnaturhaus.com\/de\/wp-json\/wp\/v2\/media\/1352"}],"wp:attachment":[{"href":"https:\/\/lavendelnaturhaus.com\/de\/wp-json\/wp\/v2\/media?parent=365"}],"wp:term":[{"taxonomy":"product_cat","embeddable":true,"href":"https:\/\/lavendelnaturhaus.com\/de\/wp-json\/wp\/v2\/product_cat?post=365"},{"taxonomy":"product_tag","embeddable":true,"href":"https:\/\/lavendelnaturhaus.com\/de\/wp-json\/wp\/v2\/product_tag?post=365"}],"curies":[{"name":"wp","href":"https:\/\/api.w.org\/{rel}","templated":true}]}}