{"id":309,"date":"2021-09-01T08:30:27","date_gmt":"2021-09-01T06:30:27","guid":{"rendered":"https:\/\/lavendelnaturhaus.com\/?post_type=product&#038;p=309"},"modified":"2025-07-11T07:42:58","modified_gmt":"2025-07-11T05:42:58","slug":"hydrolat-lawendowy","status":"publish","type":"product","link":"https:\/\/lavendelnaturhaus.com\/de\/product\/hydrolat-lawendowy\/","title":{"rendered":"HYDROLAT LAWENDOWY 100 ml"},"content":{"rendered":"<p class=\"qtranxs-available-languages-message qtranxs-available-languages-message-de\">Leider ist der Eintrag nur auf <a href=\"https:\/\/lavendelnaturhaus.com\/pl\/wp-json\/wp\/v2\/product\/309\" class=\"qtranxs-available-language-link qtranxs-available-language-link-pl\" title=\"Polski\">Polnisch<\/a> verf\u00fcgbar.<\/p>","protected":false},"excerpt":{"rendered":"<p>Leider ist der Eintrag nur auf Polnisch verf\u00fcgbar.<\/p>\n","protected":false},"featured_media":1461,"comment_status":"open","ping_status":"closed","template":"","meta":[],"product_cat":[103,105,18,9],"product_tag":[],"yoast_head":"<!-- This site is optimized with the Yoast SEO plugin v21.5 - https:\/\/yoast.com\/wordpress\/plugins\/seo\/ -->\n<title>Hydrolat lawendowy, 100ml | Lavendel NaturHaus - Plantacja lawendy<\/title>\n<meta name=\"description\" content=\"Hydrolat lawendowy wykazuje dzia\u0142anie \u0142agodz\u0105ce - wzmacnia cebulki w\u0142os\u00f3w, przyspiesza gojenie si\u0119 sk\u00f3ry - ma w\u0142a\u015bciwo\u015bci regeneracyjne - od\u015bwie\u017ca sk\u00f3r\u0119.\" \/>\n<meta name=\"robots\" content=\"index, follow, max-snippet:-1, max-image-preview:large, max-video-preview:-1\" \/>\n<link rel=\"canonical\" href=\"https:\/\/lavendelnaturhaus.com\/product\/hydrolat-lawendowy\/\" \/>\n<meta property=\"og:locale\" content=\"de_DE\" \/>\n<meta property=\"og:type\" content=\"article\" \/>\n<meta property=\"og:title\" content=\"[:pl]Hydrolat lawendowy, 100ml | Lavendel NaturHaus - Plantacja lawendy[:]\" \/>\n<meta property=\"og:description\" content=\"{:pl}Hydrolat lawendowy wykazuje dzia\u0142anie \u0142agodz\u0105ce - wzmacnia cebulki w\u0142os\u00f3w, przyspiesza gojenie si\u0119 sk\u00f3ry - ma w\u0142a\u015bciwo\u015bci regeneracyjne - od\u015bwie\u017ca sk\u00f3r\u0119.{:}\" \/>\n<meta property=\"og:url\" content=\"https:\/\/lavendelnaturhaus.com\/product\/hydrolat-lawendowy\/\" \/>\n<meta property=\"og:site_name\" content=\"Lavendel NaturHaus - plantacja lawendy \u2022 sklep internetowy z kosmetykami z lawendy\" \/>\n<meta property=\"article:modified_time\" content=\"2025-07-11T05:42:58+00:00\" \/>\n<meta property=\"og:image\" content=\"https:\/\/lavendelnaturhaus.com\/wp-content\/uploads\/2018\/08\/71772862_2347440985368536_7791522557043146752_n.jpg\" \/>\n\t<meta property=\"og:image:width\" content=\"720\" \/>\n\t<meta property=\"og:image:height\" content=\"960\" \/>\n\t<meta property=\"og:image:type\" content=\"image\/jpeg\" \/>\n<meta name=\"twitter:card\" content=\"summary_large_image\" \/>\n<meta name=\"twitter:label1\" content=\"Gesch\u00e4tzte Lesezeit\" \/>\n\t<meta name=\"twitter:data1\" content=\"1\u00a0Minute\" \/>\n<script type=\"application\/ld+json\" class=\"yoast-schema-graph\">{\"@context\":\"https:\/\/schema.org\",\"@graph\":[{\"@type\":\"WebPage\",\"@id\":\"https:\/\/lavendelnaturhaus.com\/product\/hydrolat-lawendowy\/\",\"url\":\"https:\/\/lavendelnaturhaus.com\/product\/hydrolat-lawendowy\/\",\"name\":\"[:pl]Hydrolat lawendowy, 100ml | Lavendel NaturHaus - Plantacja lawendy[:]\",\"isPartOf\":{\"@id\":\"https:\/\/lavendelnaturhaus.com\/#website\"},\"datePublished\":\"2021-09-01T06:30:27+00:00\",\"dateModified\":\"2025-07-11T05:42:58+00:00\",\"description\":\"{:pl}Hydrolat lawendowy wykazuje dzia\u0142anie \u0142agodz\u0105ce - wzmacnia cebulki w\u0142os\u00f3w, przyspiesza gojenie si\u0119 sk\u00f3ry - ma w\u0142a\u015bciwo\u015bci regeneracyjne - od\u015bwie\u017ca sk\u00f3r\u0119.{:}\",\"breadcrumb\":{\"@id\":\"https:\/\/lavendelnaturhaus.com\/product\/hydrolat-lawendowy\/#breadcrumb\"},\"inLanguage\":\"de\",\"potentialAction\":[{\"@type\":\"ReadAction\",\"target\":[\"https:\/\/lavendelnaturhaus.com\/product\/hydrolat-lawendowy\/\"]}]},{\"@type\":\"BreadcrumbList\",\"@id\":\"https:\/\/lavendelnaturhaus.com\/product\/hydrolat-lawendowy\/#breadcrumb\",\"itemListElement\":[{\"@type\":\"ListItem\",\"position\":1,\"name\":\"Strona g\u0142\u00f3wna\",\"item\":\"https:\/\/lavendelnaturhaus.com\/\"},{\"@type\":\"ListItem\",\"position\":2,\"name\":\"HYDROLAT LAWENDOWY 100 ml\"}]},{\"@type\":\"WebSite\",\"@id\":\"https:\/\/lavendelnaturhaus.com\/#website\",\"url\":\"https:\/\/lavendelnaturhaus.com\/\",\"name\":\"Lavendel NaturHaus - plantacja lawendy \u2022 sklep internetowy z kosmetykami z lawendy\",\"description\":\"Zapraszamy do zapoznania si\u0119 z ofert\u0105 sklepu online, a tak\u017ce zach\u0119camy do odwiedzenia naszej plantacji lawendy.\",\"potentialAction\":[{\"@type\":\"SearchAction\",\"target\":{\"@type\":\"EntryPoint\",\"urlTemplate\":\"https:\/\/lavendelnaturhaus.com\/?s={search_term_string}\"},\"query-input\":\"required name=search_term_string\"}],\"inLanguage\":\"de\"}]}<\/script>\n<!-- \/ Yoast SEO plugin. -->","yoast_head_json":{"title":"Hydrolat lawendowy, 100ml | Lavendel NaturHaus - Plantacja lawendy","description":"Hydrolat lawendowy wykazuje dzia\u0142anie \u0142agodz\u0105ce - wzmacnia cebulki w\u0142os\u00f3w, przyspiesza gojenie si\u0119 sk\u00f3ry - ma w\u0142a\u015bciwo\u015bci regeneracyjne - od\u015bwie\u017ca sk\u00f3r\u0119.","robots":{"index":"index","follow":"follow","max-snippet":"max-snippet:-1","max-image-preview":"max-image-preview:large","max-video-preview":"max-video-preview:-1"},"canonical":"https:\/\/lavendelnaturhaus.com\/product\/hydrolat-lawendowy\/","og_locale":"de_DE","og_type":"article","og_title":"[:pl]Hydrolat lawendowy, 100ml | Lavendel NaturHaus - Plantacja lawendy[:]","og_description":"{:pl}Hydrolat lawendowy wykazuje dzia\u0142anie \u0142agodz\u0105ce - wzmacnia cebulki w\u0142os\u00f3w, przyspiesza gojenie si\u0119 sk\u00f3ry - ma w\u0142a\u015bciwo\u015bci regeneracyjne - od\u015bwie\u017ca sk\u00f3r\u0119.{:}","og_url":"https:\/\/lavendelnaturhaus.com\/product\/hydrolat-lawendowy\/","og_site_name":"Lavendel NaturHaus - plantacja lawendy \u2022 sklep internetowy z kosmetykami z lawendy","article_modified_time":"2025-07-11T05:42:58+00:00","og_image":[{"width":720,"height":960,"url":"https:\/\/lavendelnaturhaus.com\/wp-content\/uploads\/2018\/08\/71772862_2347440985368536_7791522557043146752_n.jpg","type":"image\/jpeg"}],"twitter_card":"summary_large_image","twitter_misc":{"Gesch\u00e4tzte Lesezeit":"1\u00a0Minute"},"schema":{"@context":"https:\/\/schema.org","@graph":[{"@type":"WebPage","@id":"https:\/\/lavendelnaturhaus.com\/product\/hydrolat-lawendowy\/","url":"https:\/\/lavendelnaturhaus.com\/product\/hydrolat-lawendowy\/","name":"[:pl]Hydrolat lawendowy, 100ml | Lavendel NaturHaus - Plantacja lawendy[:]","isPartOf":{"@id":"https:\/\/lavendelnaturhaus.com\/#website"},"datePublished":"2021-09-01T06:30:27+00:00","dateModified":"2025-07-11T05:42:58+00:00","description":"{:pl}Hydrolat lawendowy wykazuje dzia\u0142anie \u0142agodz\u0105ce - wzmacnia cebulki w\u0142os\u00f3w, przyspiesza gojenie si\u0119 sk\u00f3ry - ma w\u0142a\u015bciwo\u015bci regeneracyjne - od\u015bwie\u017ca sk\u00f3r\u0119.{:}","breadcrumb":{"@id":"https:\/\/lavendelnaturhaus.com\/product\/hydrolat-lawendowy\/#breadcrumb"},"inLanguage":"de","potentialAction":[{"@type":"ReadAction","target":["https:\/\/lavendelnaturhaus.com\/product\/hydrolat-lawendowy\/"]}]},{"@type":"BreadcrumbList","@id":"https:\/\/lavendelnaturhaus.com\/product\/hydrolat-lawendowy\/#breadcrumb","itemListElement":[{"@type":"ListItem","position":1,"name":"Strona g\u0142\u00f3wna","item":"https:\/\/lavendelnaturhaus.com\/"},{"@type":"ListItem","position":2,"name":"HYDROLAT LAWENDOWY 100 ml"}]},{"@type":"WebSite","@id":"https:\/\/lavendelnaturhaus.com\/#website","url":"https:\/\/lavendelnaturhaus.com\/","name":"Lavendel NaturHaus - plantacja lawendy \u2022 sklep internetowy z kosmetykami z lawendy","description":"Zapraszamy do zapoznania si\u0119 z ofert\u0105 sklepu online, a tak\u017ce zach\u0119camy do odwiedzenia naszej plantacji lawendy.","potentialAction":[{"@type":"SearchAction","target":{"@type":"EntryPoint","urlTemplate":"https:\/\/lavendelnaturhaus.com\/?s={search_term_string}"},"query-input":"required name=search_term_string"}],"inLanguage":"de"}]}},"_links":{"self":[{"href":"https:\/\/lavendelnaturhaus.com\/de\/wp-json\/wp\/v2\/product\/309"}],"collection":[{"href":"https:\/\/lavendelnaturhaus.com\/de\/wp-json\/wp\/v2\/product"}],"about":[{"href":"https:\/\/lavendelnaturhaus.com\/de\/wp-json\/wp\/v2\/types\/product"}],"replies":[{"embeddable":true,"href":"https:\/\/lavendelnaturhaus.com\/de\/wp-json\/wp\/v2\/comments?post=309"}],"wp:featuredmedia":[{"embeddable":true,"href":"https:\/\/lavendelnaturhaus.com\/de\/wp-json\/wp\/v2\/media\/1461"}],"wp:attachment":[{"href":"https:\/\/lavendelnaturhaus.com\/de\/wp-json\/wp\/v2\/media?parent=309"}],"wp:term":[{"taxonomy":"product_cat","embeddable":true,"href":"https:\/\/lavendelnaturhaus.com\/de\/wp-json\/wp\/v2\/product_cat?post=309"},{"taxonomy":"product_tag","embeddable":true,"href":"https:\/\/lavendelnaturhaus.com\/de\/wp-json\/wp\/v2\/product_tag?post=309"}],"curies":[{"name":"wp","href":"https:\/\/api.w.org\/{rel}","templated":true}]}}