{"id":3054,"date":"2021-08-31T09:59:46","date_gmt":"2021-08-31T07:59:46","guid":{"rendered":"https:\/\/lavendelnaturhaus.com\/?post_type=product&#038;p=3054"},"modified":"2021-11-07T13:07:37","modified_gmt":"2021-11-07T12:07:37","slug":"relaksacyjna-poduszka-oczy","status":"publish","type":"product","link":"https:\/\/lavendelnaturhaus.com\/de\/product\/relaksacyjna-poduszka-oczy\/","title":{"rendered":"Relaksacyjna poduszka na oczy"},"content":{"rendered":"<p class=\"qtranxs-available-languages-message qtranxs-available-languages-message-de\">Leider ist der Eintrag nur auf <a href=\"https:\/\/lavendelnaturhaus.com\/pl\/wp-json\/wp\/v2\/product\/3054\" class=\"qtranxs-available-language-link qtranxs-available-language-link-pl\" title=\"Polski\">Polnisch<\/a> verf\u00fcgbar.<\/p>","protected":false},"excerpt":{"rendered":"<p>Leider ist der Eintrag nur auf Polnisch verf\u00fcgbar.<\/p>\n","protected":false},"featured_media":3055,"comment_status":"open","ping_status":"closed","template":"","meta":[],"product_cat":[114,118,26,9],"product_tag":[],"yoast_head":"<!-- This site is optimized with the Yoast SEO plugin v21.5 - https:\/\/yoast.com\/wordpress\/plugins\/seo\/ -->\n<title>Relaksacyjna poduszka na oczy - Lavendel NaturHaus - plantacja lawendy \u2022 sklep internetowy z kosmetykami z lawendy<\/title>\n<meta name=\"robots\" content=\"index, follow, max-snippet:-1, max-image-preview:large, max-video-preview:-1\" \/>\n<link rel=\"canonical\" href=\"https:\/\/lavendelnaturhaus.com\/en\/product\/relaksacyjna-poduszka-oczy\/\" \/>\n<meta property=\"og:locale\" content=\"de_DE\" \/>\n<meta property=\"og:type\" content=\"article\" \/>\n<meta property=\"og:title\" content=\"Relaksacyjna poduszka na oczy - Lavendel NaturHaus - plantacja lawendy \u2022 sklep internetowy z kosmetykami z lawendy\" \/>\n<meta property=\"og:description\" content=\"Leider ist der Eintrag nur auf Polnisch verf\u00fcgbar.\" \/>\n<meta property=\"og:url\" content=\"https:\/\/lavendelnaturhaus.com\/en\/product\/relaksacyjna-poduszka-oczy\/\" \/>\n<meta property=\"og:site_name\" content=\"Lavendel NaturHaus - plantacja lawendy \u2022 sklep internetowy z kosmetykami z lawendy\" \/>\n<meta property=\"article:modified_time\" content=\"2021-11-07T12:07:37+00:00\" \/>\n<meta property=\"og:image\" content=\"https:\/\/lavendelnaturhaus.com\/wp-content\/uploads\/2021\/08\/240781679_513306663099705_5074691092059235235_n.jpg\" \/>\n\t<meta property=\"og:image:width\" content=\"720\" \/>\n\t<meta property=\"og:image:height\" content=\"960\" \/>\n\t<meta property=\"og:image:type\" content=\"image\/jpeg\" \/>\n<meta name=\"twitter:card\" content=\"summary_large_image\" \/>\n<meta name=\"twitter:label1\" content=\"Gesch\u00e4tzte Lesezeit\" \/>\n\t<meta name=\"twitter:data1\" content=\"1\u00a0Minute\" \/>\n<script type=\"application\/ld+json\" class=\"yoast-schema-graph\">{\"@context\":\"https:\/\/schema.org\",\"@graph\":[{\"@type\":\"WebPage\",\"@id\":\"https:\/\/lavendelnaturhaus.com\/en\/product\/relaksacyjna-poduszka-oczy\/\",\"url\":\"https:\/\/lavendelnaturhaus.com\/en\/product\/relaksacyjna-poduszka-oczy\/\",\"name\":\"Relaksacyjna poduszka na oczy - Lavendel NaturHaus - plantacja lawendy \u2022 sklep internetowy z kosmetykami z lawendy\",\"isPartOf\":{\"@id\":\"https:\/\/lavendelnaturhaus.com\/#website\"},\"datePublished\":\"2021-08-31T07:59:46+00:00\",\"dateModified\":\"2021-11-07T12:07:37+00:00\",\"breadcrumb\":{\"@id\":\"https:\/\/lavendelnaturhaus.com\/en\/product\/relaksacyjna-poduszka-oczy\/#breadcrumb\"},\"inLanguage\":\"de\",\"potentialAction\":[{\"@type\":\"ReadAction\",\"target\":[\"https:\/\/lavendelnaturhaus.com\/en\/product\/relaksacyjna-poduszka-oczy\/\"]}]},{\"@type\":\"BreadcrumbList\",\"@id\":\"https:\/\/lavendelnaturhaus.com\/en\/product\/relaksacyjna-poduszka-oczy\/#breadcrumb\",\"itemListElement\":[{\"@type\":\"ListItem\",\"position\":1,\"name\":\"Strona g\u0142\u00f3wna\",\"item\":\"https:\/\/lavendelnaturhaus.com\/\"},{\"@type\":\"ListItem\",\"position\":2,\"name\":\"Relaksacyjna poduszka na oczy\"}]},{\"@type\":\"WebSite\",\"@id\":\"https:\/\/lavendelnaturhaus.com\/#website\",\"url\":\"https:\/\/lavendelnaturhaus.com\/\",\"name\":\"Lavendel NaturHaus - plantacja lawendy \u2022 sklep internetowy z kosmetykami z lawendy\",\"description\":\"Zapraszamy do zapoznania si\u0119 z ofert\u0105 sklepu online, a tak\u017ce zach\u0119camy do odwiedzenia naszej plantacji lawendy.\",\"potentialAction\":[{\"@type\":\"SearchAction\",\"target\":{\"@type\":\"EntryPoint\",\"urlTemplate\":\"https:\/\/lavendelnaturhaus.com\/?s={search_term_string}\"},\"query-input\":\"required name=search_term_string\"}],\"inLanguage\":\"de\"}]}<\/script>\n<!-- \/ Yoast SEO plugin. -->","yoast_head_json":{"title":"Relaksacyjna poduszka na oczy - Lavendel NaturHaus - plantacja lawendy \u2022 sklep internetowy z kosmetykami z lawendy","robots":{"index":"index","follow":"follow","max-snippet":"max-snippet:-1","max-image-preview":"max-image-preview:large","max-video-preview":"max-video-preview:-1"},"canonical":"https:\/\/lavendelnaturhaus.com\/en\/product\/relaksacyjna-poduszka-oczy\/","og_locale":"de_DE","og_type":"article","og_title":"Relaksacyjna poduszka na oczy - Lavendel NaturHaus - plantacja lawendy \u2022 sklep internetowy z kosmetykami z lawendy","og_description":"Leider ist der Eintrag nur auf Polnisch verf\u00fcgbar.","og_url":"https:\/\/lavendelnaturhaus.com\/en\/product\/relaksacyjna-poduszka-oczy\/","og_site_name":"Lavendel NaturHaus - plantacja lawendy \u2022 sklep internetowy z kosmetykami z lawendy","article_modified_time":"2021-11-07T12:07:37+00:00","og_image":[{"width":720,"height":960,"url":"https:\/\/lavendelnaturhaus.com\/wp-content\/uploads\/2021\/08\/240781679_513306663099705_5074691092059235235_n.jpg","type":"image\/jpeg"}],"twitter_card":"summary_large_image","twitter_misc":{"Gesch\u00e4tzte Lesezeit":"1\u00a0Minute"},"schema":{"@context":"https:\/\/schema.org","@graph":[{"@type":"WebPage","@id":"https:\/\/lavendelnaturhaus.com\/en\/product\/relaksacyjna-poduszka-oczy\/","url":"https:\/\/lavendelnaturhaus.com\/en\/product\/relaksacyjna-poduszka-oczy\/","name":"Relaksacyjna poduszka na oczy - Lavendel NaturHaus - plantacja lawendy \u2022 sklep internetowy z kosmetykami z lawendy","isPartOf":{"@id":"https:\/\/lavendelnaturhaus.com\/#website"},"datePublished":"2021-08-31T07:59:46+00:00","dateModified":"2021-11-07T12:07:37+00:00","breadcrumb":{"@id":"https:\/\/lavendelnaturhaus.com\/en\/product\/relaksacyjna-poduszka-oczy\/#breadcrumb"},"inLanguage":"de","potentialAction":[{"@type":"ReadAction","target":["https:\/\/lavendelnaturhaus.com\/en\/product\/relaksacyjna-poduszka-oczy\/"]}]},{"@type":"BreadcrumbList","@id":"https:\/\/lavendelnaturhaus.com\/en\/product\/relaksacyjna-poduszka-oczy\/#breadcrumb","itemListElement":[{"@type":"ListItem","position":1,"name":"Strona g\u0142\u00f3wna","item":"https:\/\/lavendelnaturhaus.com\/"},{"@type":"ListItem","position":2,"name":"Relaksacyjna poduszka na oczy"}]},{"@type":"WebSite","@id":"https:\/\/lavendelnaturhaus.com\/#website","url":"https:\/\/lavendelnaturhaus.com\/","name":"Lavendel NaturHaus - plantacja lawendy \u2022 sklep internetowy z kosmetykami z lawendy","description":"Zapraszamy do zapoznania si\u0119 z ofert\u0105 sklepu online, a tak\u017ce zach\u0119camy do odwiedzenia naszej plantacji lawendy.","potentialAction":[{"@type":"SearchAction","target":{"@type":"EntryPoint","urlTemplate":"https:\/\/lavendelnaturhaus.com\/?s={search_term_string}"},"query-input":"required name=search_term_string"}],"inLanguage":"de"}]}},"_links":{"self":[{"href":"https:\/\/lavendelnaturhaus.com\/de\/wp-json\/wp\/v2\/product\/3054"}],"collection":[{"href":"https:\/\/lavendelnaturhaus.com\/de\/wp-json\/wp\/v2\/product"}],"about":[{"href":"https:\/\/lavendelnaturhaus.com\/de\/wp-json\/wp\/v2\/types\/product"}],"replies":[{"embeddable":true,"href":"https:\/\/lavendelnaturhaus.com\/de\/wp-json\/wp\/v2\/comments?post=3054"}],"wp:featuredmedia":[{"embeddable":true,"href":"https:\/\/lavendelnaturhaus.com\/de\/wp-json\/wp\/v2\/media\/3055"}],"wp:attachment":[{"href":"https:\/\/lavendelnaturhaus.com\/de\/wp-json\/wp\/v2\/media?parent=3054"}],"wp:term":[{"taxonomy":"product_cat","embeddable":true,"href":"https:\/\/lavendelnaturhaus.com\/de\/wp-json\/wp\/v2\/product_cat?post=3054"},{"taxonomy":"product_tag","embeddable":true,"href":"https:\/\/lavendelnaturhaus.com\/de\/wp-json\/wp\/v2\/product_tag?post=3054"}],"curies":[{"name":"wp","href":"https:\/\/api.w.org\/{rel}","templated":true}]}}