{"id":2149,"date":"2020-02-21T14:44:11","date_gmt":"2020-02-21T13:44:11","guid":{"rendered":"https:\/\/lavendelnaturhaus.com\/?post_type=product&#038;p=2149"},"modified":"2025-04-08T12:59:46","modified_gmt":"2025-04-08T10:59:46","slug":"musujaca-kula-do-kapieli-lavenda","status":"publish","type":"product","link":"https:\/\/lavendelnaturhaus.com\/de\/product\/musujaca-kula-do-kapieli-lavenda\/","title":{"rendered":"musuj\u0105ca kula do k\u0105pieli &#8220; lavenda&#8220;"},"content":{"rendered":"<p class=\"qtranxs-available-languages-message qtranxs-available-languages-message-de\">Leider ist der Eintrag nur auf <a href=\"https:\/\/lavendelnaturhaus.com\/pl\/wp-json\/wp\/v2\/product\/2149\" class=\"qtranxs-available-language-link qtranxs-available-language-link-pl\" title=\"Polski\">Polnisch<\/a> verf\u00fcgbar.<\/p>","protected":false},"excerpt":{"rendered":"<p>Leider ist der Eintrag nur auf Polnisch verf\u00fcgbar.<\/p>\n","protected":false},"featured_media":2150,"comment_status":"open","ping_status":"closed","template":"","meta":[],"product_cat":[103,126,9],"product_tag":[],"yoast_head":"<!-- This site is optimized with the Yoast SEO plugin v21.5 - https:\/\/yoast.com\/wordpress\/plugins\/seo\/ -->\n<title>musuj\u0105ca kula do k\u0105pieli &quot; lavenda&quot; - Lavendel NaturHaus - plantacja lawendy \u2022 sklep internetowy z kosmetykami z lawendy<\/title>\n<meta name=\"description\" content=\"Musuj\u0105ce kule do k\u0105pieli \u201e lavenda\u201d wype\u0142nione s\u0105 po brzegi od\u017cywczymi olejami i mas\u0142ami ro\u015blinnymi, kt\u00f3re piel\u0119gnuj\u0105 i od\u017cywi\u0105\" \/>\n<meta name=\"robots\" content=\"index, follow, max-snippet:-1, max-image-preview:large, max-video-preview:-1\" \/>\n<link rel=\"canonical\" href=\"https:\/\/lavendelnaturhaus.com\/product\/musujaca-kula-do-kapieli-lavenda\/\" \/>\n<meta property=\"og:locale\" content=\"de_DE\" \/>\n<meta property=\"og:type\" content=\"article\" \/>\n<meta property=\"og:title\" content=\"musuj\u0105ca kula do k\u0105pieli &quot; lavenda&quot; - Lavendel NaturHaus - plantacja lawendy \u2022 sklep internetowy z kosmetykami z lawendy\" \/>\n<meta property=\"og:description\" content=\"{:pl}Musuj\u0105ce kule do k\u0105pieli \u201e lavenda\u201d wype\u0142nione s\u0105 po brzegi od\u017cywczymi olejami i mas\u0142ami ro\u015blinnymi, kt\u00f3re piel\u0119gnuj\u0105 i od\u017cywi\u0105{:}\" \/>\n<meta property=\"og:url\" content=\"https:\/\/lavendelnaturhaus.com\/product\/musujaca-kula-do-kapieli-lavenda\/\" \/>\n<meta property=\"og:site_name\" content=\"Lavendel NaturHaus - plantacja lawendy \u2022 sklep internetowy z kosmetykami z lawendy\" \/>\n<meta property=\"article:modified_time\" content=\"2025-04-08T10:59:46+00:00\" \/>\n<meta property=\"og:image\" content=\"https:\/\/lavendelnaturhaus.com\/wp-content\/uploads\/2020\/02\/87027326_178375563470103_4054152645831557120_n.jpg\" \/>\n\t<meta property=\"og:image:width\" content=\"3001\" \/>\n\t<meta property=\"og:image:height\" content=\"3789\" \/>\n\t<meta property=\"og:image:type\" content=\"image\/jpeg\" \/>\n<meta name=\"twitter:card\" content=\"summary_large_image\" \/>\n<meta name=\"twitter:label1\" content=\"Gesch\u00e4tzte Lesezeit\" \/>\n\t<meta name=\"twitter:data1\" content=\"2\u00a0Minuten\" \/>\n<script type=\"application\/ld+json\" class=\"yoast-schema-graph\">{\"@context\":\"https:\/\/schema.org\",\"@graph\":[{\"@type\":\"WebPage\",\"@id\":\"https:\/\/lavendelnaturhaus.com\/product\/musujaca-kula-do-kapieli-lavenda\/\",\"url\":\"https:\/\/lavendelnaturhaus.com\/product\/musujaca-kula-do-kapieli-lavenda\/\",\"name\":\"musuj\u0105ca kula do k\u0105pieli \\\" lavenda\\\" - Lavendel NaturHaus - plantacja lawendy \u2022 sklep internetowy z kosmetykami z lawendy\",\"isPartOf\":{\"@id\":\"https:\/\/lavendelnaturhaus.com\/#website\"},\"datePublished\":\"2020-02-21T13:44:11+00:00\",\"dateModified\":\"2025-04-08T10:59:46+00:00\",\"description\":\"{:pl}Musuj\u0105ce kule do k\u0105pieli \u201e lavenda\u201d wype\u0142nione s\u0105 po brzegi od\u017cywczymi olejami i mas\u0142ami ro\u015blinnymi, kt\u00f3re piel\u0119gnuj\u0105 i od\u017cywi\u0105{:}\",\"breadcrumb\":{\"@id\":\"https:\/\/lavendelnaturhaus.com\/product\/musujaca-kula-do-kapieli-lavenda\/#breadcrumb\"},\"inLanguage\":\"de\",\"potentialAction\":[{\"@type\":\"ReadAction\",\"target\":[\"https:\/\/lavendelnaturhaus.com\/product\/musujaca-kula-do-kapieli-lavenda\/\"]}]},{\"@type\":\"BreadcrumbList\",\"@id\":\"https:\/\/lavendelnaturhaus.com\/product\/musujaca-kula-do-kapieli-lavenda\/#breadcrumb\",\"itemListElement\":[{\"@type\":\"ListItem\",\"position\":1,\"name\":\"Strona g\u0142\u00f3wna\",\"item\":\"https:\/\/lavendelnaturhaus.com\/\"},{\"@type\":\"ListItem\",\"position\":2,\"name\":\"musuj\u0105ca kula do k\u0105pieli &#8221; lavenda&#8221;\"}]},{\"@type\":\"WebSite\",\"@id\":\"https:\/\/lavendelnaturhaus.com\/#website\",\"url\":\"https:\/\/lavendelnaturhaus.com\/\",\"name\":\"Lavendel NaturHaus - plantacja lawendy \u2022 sklep internetowy z kosmetykami z lawendy\",\"description\":\"Zapraszamy do zapoznania si\u0119 z ofert\u0105 sklepu online, a tak\u017ce zach\u0119camy do odwiedzenia naszej plantacji lawendy.\",\"potentialAction\":[{\"@type\":\"SearchAction\",\"target\":{\"@type\":\"EntryPoint\",\"urlTemplate\":\"https:\/\/lavendelnaturhaus.com\/?s={search_term_string}\"},\"query-input\":\"required name=search_term_string\"}],\"inLanguage\":\"de\"}]}<\/script>\n<!-- \/ Yoast SEO plugin. -->","yoast_head_json":{"title":"musuj\u0105ca kula do k\u0105pieli \" lavenda\" - Lavendel NaturHaus - plantacja lawendy \u2022 sklep internetowy z kosmetykami z lawendy","description":"Musuj\u0105ce kule do k\u0105pieli \u201e lavenda\u201d wype\u0142nione s\u0105 po brzegi od\u017cywczymi olejami i mas\u0142ami ro\u015blinnymi, kt\u00f3re piel\u0119gnuj\u0105 i od\u017cywi\u0105","robots":{"index":"index","follow":"follow","max-snippet":"max-snippet:-1","max-image-preview":"max-image-preview:large","max-video-preview":"max-video-preview:-1"},"canonical":"https:\/\/lavendelnaturhaus.com\/product\/musujaca-kula-do-kapieli-lavenda\/","og_locale":"de_DE","og_type":"article","og_title":"musuj\u0105ca kula do k\u0105pieli \" lavenda\" - Lavendel NaturHaus - plantacja lawendy \u2022 sklep internetowy z kosmetykami z lawendy","og_description":"{:pl}Musuj\u0105ce kule do k\u0105pieli \u201e lavenda\u201d wype\u0142nione s\u0105 po brzegi od\u017cywczymi olejami i mas\u0142ami ro\u015blinnymi, kt\u00f3re piel\u0119gnuj\u0105 i od\u017cywi\u0105{:}","og_url":"https:\/\/lavendelnaturhaus.com\/product\/musujaca-kula-do-kapieli-lavenda\/","og_site_name":"Lavendel NaturHaus - plantacja lawendy \u2022 sklep internetowy z kosmetykami z lawendy","article_modified_time":"2025-04-08T10:59:46+00:00","og_image":[{"width":3001,"height":3789,"url":"https:\/\/lavendelnaturhaus.com\/wp-content\/uploads\/2020\/02\/87027326_178375563470103_4054152645831557120_n.jpg","type":"image\/jpeg"}],"twitter_card":"summary_large_image","twitter_misc":{"Gesch\u00e4tzte Lesezeit":"2\u00a0Minuten"},"schema":{"@context":"https:\/\/schema.org","@graph":[{"@type":"WebPage","@id":"https:\/\/lavendelnaturhaus.com\/product\/musujaca-kula-do-kapieli-lavenda\/","url":"https:\/\/lavendelnaturhaus.com\/product\/musujaca-kula-do-kapieli-lavenda\/","name":"musuj\u0105ca kula do k\u0105pieli \" lavenda\" - Lavendel NaturHaus - plantacja lawendy \u2022 sklep internetowy z kosmetykami z lawendy","isPartOf":{"@id":"https:\/\/lavendelnaturhaus.com\/#website"},"datePublished":"2020-02-21T13:44:11+00:00","dateModified":"2025-04-08T10:59:46+00:00","description":"{:pl}Musuj\u0105ce kule do k\u0105pieli \u201e lavenda\u201d wype\u0142nione s\u0105 po brzegi od\u017cywczymi olejami i mas\u0142ami ro\u015blinnymi, kt\u00f3re piel\u0119gnuj\u0105 i od\u017cywi\u0105{:}","breadcrumb":{"@id":"https:\/\/lavendelnaturhaus.com\/product\/musujaca-kula-do-kapieli-lavenda\/#breadcrumb"},"inLanguage":"de","potentialAction":[{"@type":"ReadAction","target":["https:\/\/lavendelnaturhaus.com\/product\/musujaca-kula-do-kapieli-lavenda\/"]}]},{"@type":"BreadcrumbList","@id":"https:\/\/lavendelnaturhaus.com\/product\/musujaca-kula-do-kapieli-lavenda\/#breadcrumb","itemListElement":[{"@type":"ListItem","position":1,"name":"Strona g\u0142\u00f3wna","item":"https:\/\/lavendelnaturhaus.com\/"},{"@type":"ListItem","position":2,"name":"musuj\u0105ca kula do k\u0105pieli &#8221; lavenda&#8221;"}]},{"@type":"WebSite","@id":"https:\/\/lavendelnaturhaus.com\/#website","url":"https:\/\/lavendelnaturhaus.com\/","name":"Lavendel NaturHaus - plantacja lawendy \u2022 sklep internetowy z kosmetykami z lawendy","description":"Zapraszamy do zapoznania si\u0119 z ofert\u0105 sklepu online, a tak\u017ce zach\u0119camy do odwiedzenia naszej plantacji lawendy.","potentialAction":[{"@type":"SearchAction","target":{"@type":"EntryPoint","urlTemplate":"https:\/\/lavendelnaturhaus.com\/?s={search_term_string}"},"query-input":"required name=search_term_string"}],"inLanguage":"de"}]}},"_links":{"self":[{"href":"https:\/\/lavendelnaturhaus.com\/de\/wp-json\/wp\/v2\/product\/2149"}],"collection":[{"href":"https:\/\/lavendelnaturhaus.com\/de\/wp-json\/wp\/v2\/product"}],"about":[{"href":"https:\/\/lavendelnaturhaus.com\/de\/wp-json\/wp\/v2\/types\/product"}],"replies":[{"embeddable":true,"href":"https:\/\/lavendelnaturhaus.com\/de\/wp-json\/wp\/v2\/comments?post=2149"}],"wp:featuredmedia":[{"embeddable":true,"href":"https:\/\/lavendelnaturhaus.com\/de\/wp-json\/wp\/v2\/media\/2150"}],"wp:attachment":[{"href":"https:\/\/lavendelnaturhaus.com\/de\/wp-json\/wp\/v2\/media?parent=2149"}],"wp:term":[{"taxonomy":"product_cat","embeddable":true,"href":"https:\/\/lavendelnaturhaus.com\/de\/wp-json\/wp\/v2\/product_cat?post=2149"},{"taxonomy":"product_tag","embeddable":true,"href":"https:\/\/lavendelnaturhaus.com\/de\/wp-json\/wp\/v2\/product_tag?post=2149"}],"curies":[{"name":"wp","href":"https:\/\/api.w.org\/{rel}","templated":true}]}}